{"id":20975,"date":"2021-03-30T17:53:16","date_gmt":"2021-03-30T09:53:16","guid":{"rendered":"https:\/\/vision-pi.net\/garantie\/"},"modified":"2025-11-19T11:43:15","modified_gmt":"2025-11-19T03:43:15","slug":"garantie","status":"publish","type":"page","link":"https:\/\/vision-pi.net\/de\/garantie\/","title":{"rendered":"Garantie"},"content":{"rendered":"<p>[et_pb_section fb_built=&#8220;1&#8243; fullwidth=&#8220;on&#8220; _builder_version=&#8220;4.16&#8243; _module_preset=&#8220;default&#8220; global_colors_info=&#8220;{}&#8220;][et_pb_fullwidth_slider _builder_version=&#8220;4.16&#8243; _module_preset=&#8220;default&#8220; background_image=&#8220;https:\/\/vision-pi.net\/wp-content\/uploads\/2021\/04\/warranty-time-led-display-visionpi.jpg&#8220; global_colors_info=&#8220;{}&#8220; min_height=&#8220;671.9px&#8220;][et_pb_slide _builder_version=&#8220;4.16&#8243; _module_preset=&#8220;default&#8220; global_colors_info=&#8220;{}&#8220; sticky_transition=&#8220;on&#8220;][\/et_pb_slide][\/et_pb_fullwidth_slider][\/et_pb_section][et_pb_section fb_built=&#8220;1&#8243; _builder_version=&#8220;4.16&#8243; _module_preset=&#8220;default&#8220; global_colors_info=&#8220;{}&#8220; min_height=&#8220;322.2px&#8220;][et_pb_row column_structure=&#8220;1_2,1_2&#8243; _builder_version=&#8220;4.16&#8243; custom_padding=&#8220;30px|||||&#8220; locked=&#8220;off&#8220; global_colors_info=&#8220;{}&#8220;][et_pb_column type=&#8220;1_2&#8243; _builder_version=&#8220;4.16&#8243; custom_padding=&#8220;|||&#8220; global_colors_info=&#8220;{}&#8220; custom_padding__hover=&#8220;|||&#8220;][et_pb_cta title=&#8220;Fangen wir an&#8220; button_url=&#8220;https:\/\/vision-pi.net\/resource-faq\/&#8220; button_text=&#8220;FAQs&#8220; _builder_version=&#8220;4.16&#8243; header_font=&#8220;Khand|700||on|||||&#8220; header_text_color=&#8220;#ffffff&#8220; header_font_size=&#8220;60px&#8220; header_line_height=&#8220;1.2em&#8220; body_font=&#8220;|600|||||||&#8220; body_text_align=&#8220;left&#8220; body_line_height=&#8220;2em&#8220; use_background_color=&#8220;off&#8220; use_background_color_gradient=&#8220;on&#8220; background_color_gradient_stops=&#8220;#e09900 0%|#e09900 100%&#8220; background_color_gradient_overlays_image=&#8220;on&#8220; background_color_gradient_start=&#8220;#e09900&#8243; background_color_gradient_end=&#8220;#e09900&#8243; background_image=&#8220;http:\/\/vision-pi.net\/wp-content\/uploads\/2021\/03\/mechanic-05.jpg&#8220; custom_button=&#8220;on&#8220; button_text_size=&#8220;14px&#8220; button_text_color=&#8220;#E09900&#8243; button_bg_color=&#8220;#ffffff&#8220; button_border_width=&#8220;10px&#8220; button_border_color=&#8220;rgba(0,0,0,0)&#8220; button_border_radius=&#8220;0px&#8220; button_letter_spacing=&#8220;3px&#8220; button_font=&#8220;|700||on|||||&#8220; button_icon=&#8220;&#x45;||divi||400&#8243; button_on_hover=&#8220;off&#8220; custom_margin_last_edited=&#8220;off|tablet&#8220; custom_padding=&#8220;120px|80px|80px|80px|false|true&#8220; custom_padding_tablet=&#8220;40px|40px|40px|40px|true|true&#8220; custom_padding_phone=&#8220;&#8220; custom_padding_last_edited=&#8220;on|phone&#8220; header_font_size_tablet=&#8220;40px&#8220; header_font_size_phone=&#8220;30px&#8220; header_font_size_last_edited=&#8220;on|desktop&#8220; border_radii=&#8220;on|4px|4px|4px|4px&#8220; box_shadow_style=&#8220;preset2&#8243; box_shadow_vertical=&#8220;28px&#8220; box_shadow_blur=&#8220;40px&#8220; box_shadow_color=&#8220;rgba(0,0,0,0.1)&#8220; locked=&#8220;off&#8220; global_colors_info=&#8220;{}&#8220; button_bg_color__hover=&#8220;rgba(255,255,255,0.9)&#8220; button_bg_color__hover_enabled=&#8220;on&#8220;]<\/p>\n<p style=\"text-align: center;\">  H\u00c4UFIG GEFRAGTE FRAGEN<br \/>Fragen? Finden Sie Ihre Antworten hier. <\/p>\n<p>[\/et_pb_cta][\/et_pb_column][et_pb_column type=&#8220;1_2&#8243; _builder_version=&#8220;4.16&#8243; custom_padding=&#8220;|||&#8220; global_colors_info=&#8220;{}&#8220; custom_padding__hover=&#8220;|||&#8220;][et_pb_text _builder_version=&#8220;4.16&#8243; text_font=&#8220;|600|||||||&#8220; text_line_height=&#8220;2em&#8220; header_font=&#8220;||||||||&#8220; header_2_font=&#8220;Khand|700||on|||||&#8220; header_2_font_size=&#8220;60px&#8220; header_2_line_height=&#8220;1.2em&#8220; custom_margin=&#8220;92px|||||&#8220; header_2_font_size_tablet=&#8220;40px&#8220; header_2_font_size_phone=&#8220;30px&#8220; header_2_font_size_last_edited=&#8220;on|desktop&#8220; locked=&#8220;off&#8220; global_colors_info=&#8220;{}&#8220;]<\/p>\n<h2>Garantie Politik<\/h2>\n<p>[\/et_pb_text][et_pb_divider color=&#8220;#E09900&#8243; divider_style=&#8220;double&#8220; divider_weight=&#8220;10px&#8220; _builder_version=&#8220;4.16&#8243; transform_skew=&#8220;-20deg|0deg&#8220; max_width=&#8220;100px&#8220; height=&#8220;10px&#8220; locked=&#8220;off&#8220; global_colors_info=&#8220;{}&#8220;][\/et_pb_divider][et_pb_text _builder_version=&#8220;4.23.1&#8243; text_font=&#8220;|600|||||||&#8220; text_line_height=&#8220;2em&#8220; header_font=&#8220;||||||||&#8220; header_2_font=&#8220;Khand|700||on|||||&#8220; header_2_font_size=&#8220;60px&#8220; header_2_line_height=&#8220;1.2em&#8220; hover_enabled=&#8220;0&#8243; header_2_font_size_tablet=&#8220;40px&#8220; header_2_font_size_phone=&#8220;30px&#8220; header_2_font_size_last_edited=&#8220;on|desktop&#8220; locked=&#8220;off&#8220; global_colors_info=&#8220;{}&#8220; sticky_enabled=&#8220;0&#8243;]<\/p>\n<p><strong>Geltungsbereich der Garantie<\/strong><br \/>Diese Garantiebestimmungen gelten f\u00fcr alle LED-Anzeigeprodukte (im Folgenden als &#8222;Produkte&#8220; bezeichnet), die direkt von Shenzhen VISIONPI DISPLAY TECHNOLOGY Co.,Ltd. (im Folgenden als &#8222;VISIONPI&#8220; bezeichnet) und innerhalb der Garantiezeit erworben werden. Alle Produkte, die nicht direkt von VISIONPI erworben wurden, fallen nicht unter diese Garantiebestimmungen.  <\/p>\n<p>[\/et_pb_text][\/et_pb_column][\/et_pb_row][\/et_pb_section][et_pb_section fb_built=&#8220;1&#8243; _builder_version=&#8220;4.16&#8243; _module_preset=&#8220;default&#8220; custom_padding=&#8220;25px|||||&#8220; global_colors_info=&#8220;{}&#8220;][et_pb_row _builder_version=&#8220;4.16&#8243; _module_preset=&#8220;default&#8220; global_colors_info=&#8220;{}&#8220;][et_pb_column type=&#8220;4_4&#8243; _builder_version=&#8220;4.16&#8243; _module_preset=&#8220;default&#8220; global_colors_info=&#8220;{}&#8220;][et_pb_accordion open_toggle_text_color=&#8220;#E09900&#8243; closed_toggle_text_color=&#8220;#E09900&#8243; closed_toggle_background_color=&#8220;#ffffff&#8220; icon_color=&#8220;#E09900&#8243; admin_label=&#8220;Accordion&#8220; _builder_version=&#8220;4.16&#8243; toggle_text_color=&#8220;#000000&#8243; toggle_font=&#8220;|700||on|||||&#8220; toggle_font_size=&#8220;14px&#8220; toggle_letter_spacing=&#8220;3px&#8220; toggle_line_height=&#8220;1.9em&#8220; body_font=&#8220;|600|||||||&#8220; body_line_height=&#8220;2em&#8220; custom_margin=&#8220;|||&#8220; custom_padding=&#8220;|||&#8220; toggle_font_size_tablet=&#8220;&#8220; toggle_font_size_phone=&#8220;12px&#8220; toggle_font_size_last_edited=&#8220;on|desktop&#8220; border_width_all=&#8220;0px&#8220; border_color_all=&#8220;#f71635&#8243; border_width_bottom=&#8220;2px&#8220; border_color_bottom=&#8220;rgba(0,0,0,0.1)&#8220; global_colors_info=&#8220;{}&#8220;][et_pb_accordion_item title=&#8220;Garantieservice &amp; Laufzeit  &#8220; open_toggle_text_color=&#8220;#E09900&#8243; closed_toggle_text_color=&#8220;#E09900&#8243; closed_toggle_background_color=&#8220;#FFFFFF&#8220; _builder_version=&#8220;4.16&#8243; body_text_color=&#8220;#b7b7b7&#8243; custom_margin=&#8220;||0px&#8220; custom_padding=&#8220;30px|30px|30px|30px|true|true&#8220; global_colors_info=&#8220;{}&#8220; toggle_text_color=&#8220;#000000&#8243; open=&#8220;on&#8220;]<\/p>\n<p>Visionpi gew\u00e4hrt 3-5 Jahre Garantie auf alle Produkte. Die Produkte m\u00fcssen unter strikter Einhaltung der im Produkthandbuch angegebenen Installationsanweisungen und Gebrauchshinweise installiert und verwendet werden. VISIONPI wird das Ger\u00e4t reparieren oder ersetzen, wenn es sich als fehlerhaft in Bezug auf die Verarbeitung oder das Material erweist. Die Garantie erstreckt sich nicht auf Sch\u00e4den, die durch unsachgem\u00e4\u00dfen Gebrauch, Nachl\u00e4ssigkeit, Missbrauch oder Unf\u00e4lle entstanden sind.   <\/p>\n<div>\n<p>Im Folgenden finden Sie eine Kurzreferenz f\u00fcr den optimalen Betrachtungsabstand (die Entfernung, aus der ein Bild klar und unverpixelt aussieht), basierend auf dem Pixelabstand.<\/p>\n<\/div>\n<p>[\/et_pb_accordion_item][et_pb_accordion_item title=&#8220;Garantie-Service&#8220; open_toggle_text_color=&#8220;#E09900&#8243; closed_toggle_text_color=&#8220;#E09900&#8243; closed_toggle_background_color=&#8220;#FFFFFF&#8220; _builder_version=&#8220;4.16&#8243; body_text_color=&#8220;#b7b7b7&#8243; custom_margin=&#8220;||0px&#8220; custom_padding=&#8220;30px|30px|30px|30px|true|true&#8220; global_colors_info=&#8220;{}&#8220; toggle_text_color=&#8220;#000000&#8243; open=&#8220;off&#8220;]<\/p>\n<p>Kostenloser technischer Online-Service<\/p>\n<p>F\u00fcr alle von VISIONPI hergestellten Produkte (unabh\u00e4ngig davon, ob Sie diese bei VISIONPI gekauft haben oder nicht) bieten wir einen kostenlosen technischen Online-Service f\u00fcr alle Probleme mit den Produkten.<\/p>\n<p>Zur\u00fcck zum Werksreparaturservice<\/p>\n<p>Bei Defekten, Produktproblemen, die auf die Herstellung durch VISIONPI zur\u00fcckzuf\u00fchren sind, k\u00f6nnen die Produkte nach Best\u00e4tigung durch VISIONPI an das Werk zur\u00fcckgesandt werden. Wenn eine Reparatur im Werk erforderlich ist, tr\u00e4gt der Kunde die Kosten f\u00fcr Fracht, Versicherung, Zoll und Zollabfertigung f\u00fcr die R\u00fccksendung der zur\u00fcckgesandten Produkte oder Teile. VISIONPI schickt die reparierten Produkte oder Teile an den Kunden zur\u00fcck und \u00fcbernimmt nur die Einwegfracht. VISIONPI akzeptiert keine Produkte, die ohne g\u00fcltigen Serviceauftrag zur\u00fcckgeschickt werden, oder Artikel, die nicht von VISIONPI hergestellt wurden.    <\/p>\n<p>[\/et_pb_accordion_item][et_pb_accordion_item title=&#8220;Haftungsausschluss&#8220; open_toggle_text_color=&#8220;#E09900&#8243; closed_toggle_text_color=&#8220;#E09900&#8243; closed_toggle_background_color=&#8220;#FFFFFF&#8220; _builder_version=&#8220;4.16&#8243; body_text_color=&#8220;#b7b7b7&#8243; custom_margin=&#8220;||0px&#8220; custom_padding=&#8220;30px|30px|30px|30px|true|true&#8220; global_colors_info=&#8220;{}&#8220; toggle_text_color=&#8220;#000000&#8243; open=&#8220;off&#8220;]<\/p>\n<p>Die Garantie ist unter den folgenden Bedingungen nichtig:<\/p>\n<p>1. Sch\u00e4den, die durch unsachgem\u00e4\u00dfen Gebrauch, Fahrl\u00e4ssigkeit, falsche Handhabung, Handlungen Dritter, Unf\u00e4lle, Feuer, \u00dcberschwemmungen, Blitzschlag, \u00dcberspannungen oder Stromausf\u00e4lle verursacht werden. Unsachgem\u00e4\u00dfe Handhabung, Betrieb in \u00dcbereinstimmung mit der technischen Anleitung <\/p>\n<p>2. Das Produkt wurde von einem anderen als dem Hersteller oder einem autorisierten Kundendienstvertreter des Herstellers ver\u00e4ndert oder repariert<\/p>\n<p>3. Andere als die vom Hersteller hergestellten oder gelieferten Modifikationen oder Zubeh\u00f6rteile wurden an dem Produkt vorgenommen oder angebracht, die nach Ansicht des Herstellers die Leistung, Sicherheit oder Zuverl\u00e4ssigkeit des Produkts beeintr\u00e4chtigt haben<\/p>\n<p>4. Nat\u00fcrlicher Verlust von Helligkeit und Farbe, Mangel an notwendiger regelm\u00e4\u00dfiger Wartung<\/p>\n<p>5. Sofern nicht schriftlich vereinbart, gilt diese Garantierichtlinie nicht f\u00fcr Verbrauchsmaterialien, einschlie\u00dflich, aber nicht beschr\u00e4nkt auf Steckverbinder, Netzwerke, Glasfaserkabel, Kabel, Stromkabel, Signalkabel, Flugzeugstecker und andere Dr\u00e4hte und Verbindungen.<\/p>\n<p>6. Die Gew\u00e4hrleistungsfrist ist abgelaufen.<\/p>\n<p>[\/et_pb_accordion_item][et_pb_accordion_item title=&#8220;Allgemeine Fehlerbehebung  &#8220; open=&#8220;off&#8220; open_toggle_text_color=&#8220;#E09900&#8243; closed_toggle_text_color=&#8220;#E09900&#8243; closed_toggle_background_color=&#8220;#FFFFFF&#8220; _builder_version=&#8220;4.16&#8243; _module_preset=&#8220;default&#8220; body_text_color=&#8220;#b7b7b7&#8243; custom_margin=&#8220;||0px&#8220; custom_padding=&#8220;30px|30px|30px|30px|true|true&#8220; global_colors_info=&#8220;{}&#8220; toggle_text_color=&#8220;#000000&#8243;]<\/p>\n<p>Allgemeine <a href=\"https:\/\/vision-pi.net\/?s=troubleshooting\">Fehlerbehebung<\/a> f\u00fcr LED-Display LED-Module, LED-Schrank<\/p>\n<p>[\/et_pb_accordion_item][\/et_pb_accordion][\/et_pb_column][\/et_pb_row][\/et_pb_section][et_pb_section fb_built=&#8220;1&#8243; admin_label=&#8220;Header&#8220; _builder_version=&#8220;4.16&#8243; use_background_color_gradient=&#8220;on&#8220; background_color_gradient_stops=&#8220;#000000 0%|rgba(0,0,0,0.6) 100%&#8220; background_color_gradient_overlays_image=&#8220;on&#8220; background_color_gradient_start=&#8220;#000000&#8243; background_color_gradient_end=&#8220;rgba(0,0,0,0.6)&#8220; background_image=&#8220;http:\/\/vision-pi.net\/wp-content\/uploads\/2021\/03\/Desktop.639413ac.vanish_wrestle_mania_2017.jpg&#8220; width=&#8220;100%&#8220; max_width=&#8220;100%&#8220; min_height=&#8220;404px&#8220; height=&#8220;100px&#8220; max_height=&#8220;1000px&#8220; custom_margin=&#8220;-25px||||false|&#8220; custom_padding=&#8220;12vw||12vw||true|false&#8220; global_colors_info=&#8220;{}&#8220;][et_pb_row _builder_version=&#8220;4.16&#8243; max_width=&#8220;700px&#8220; min_height=&#8220;196px&#8220; custom_margin=&#8220;|auto|-17px|auto||&#8220; custom_padding=&#8220;0px|||||&#8220; use_custom_width=&#8220;on&#8220; custom_width_px=&#8220;700px&#8220; global_colors_info=&#8220;{}&#8220;][et_pb_column type=&#8220;4_4&#8243; _builder_version=&#8220;4.16&#8243; custom_padding=&#8220;|||&#8220; global_colors_info=&#8220;{}&#8220; custom_padding__hover=&#8220;|||&#8220;][et_pb_text _builder_version=&#8220;4.16&#8243; text_font=&#8220;Montserrat||||||||&#8220; header_font=&#8220;Playfair Display|700|||||||&#8220; header_font_size=&#8220;48px&#8220; header_line_height=&#8220;1.5em&#8220; header_2_font=&#8220;Montserrat|700|||||||&#8220; header_3_font=&#8220;Rubik|500||on|||||&#8220; header_3_text_color=&#8220;#098cf2&#8243; header_3_font_size=&#8220;14px&#8220; header_3_letter_spacing=&#8220;2px&#8220; header_3_line_height=&#8220;2em&#8220; text_orientation=&#8220;center&#8220; background_layout=&#8220;dark&#8220; min_height=&#8220;19px&#8220; custom_margin=&#8220;-98px||14px|||&#8220; header_font_size_tablet=&#8220;38px&#8220; header_font_size_phone=&#8220;28px&#8220; header_font_size_last_edited=&#8220;on|phone&#8220; global_colors_info=&#8220;{}&#8220;]<\/p>\n<h2><strong><span style=\"color: #ffffff; font-size: 30px; font-family: 'Open Sans', Arial, sans-serif;\">Newsletter<\/span><\/strong><\/h2>\n<div class=\"newsletter__content\">\n<div class=\"richtext\">\n<div class=\"text-center\"><\/div>\n<\/div>\n<\/div>\n<p>[\/et_pb_text][et_pb_text _builder_version=&#8220;4.16&#8243; text_font=&#8220;||||||||&#8220; text_font_size=&#8220;16px&#8220; text_line_height=&#8220;2em&#8220; text_orientation=&#8220;center&#8220; background_layout=&#8220;dark&#8220; min_height=&#8220;8px&#8220; custom_margin=&#8220;60px||60px||true&#8220; custom_padding=&#8220;||0px|||&#8220; global_colors_info=&#8220;{}&#8220;]<\/p>\n<p>Melden Sie sich noch heute an und lassen Sie sich mit dem monatlichen Visionpi Visual E-Mail-Newsletter<br \/>informieren und unterhalten.<\/p>\n<p>[\/et_pb_text][et_pb_button button_text=&#8220;Abonnieren&#8220; button_alignment=&#8220;center&#8220; _builder_version=&#8220;4.16&#8243; custom_button=&#8220;on&#8220; button_text_size=&#8220;12px&#8220; button_text_color=&#8220;#ffffff&#8220; button_bg_color=&#8220;#E09900&#8243; button_border_width=&#8220;0px&#8220; button_border_color=&#8220;rgba(0,0,0,0)&#8220; button_border_radius=&#8220;26px&#8220; button_letter_spacing=&#8220;2px&#8220; button_font=&#8220;Rubik|500||on|||||&#8220; button_use_icon=&#8220;off&#8220; custom_padding=&#8220;16px|32px|16px|32px|true|true&#8220; box_shadow_style=&#8220;preset1&#8243; box_shadow_color=&#8220;rgba(239,59,36,0.24)&#8220; button_letter_spacing_hover=&#8220;2px&#8220; global_colors_info=&#8220;{}&#8220; button_text_size__hover_enabled=&#8220;off&#8220; button_one_text_size__hover_enabled=&#8220;off&#8220; button_two_text_size__hover_enabled=&#8220;off&#8220; button_text_color__hover_enabled=&#8220;off&#8220; button_one_text_color__hover_enabled=&#8220;off&#8220; button_two_text_color__hover_enabled=&#8220;off&#8220; button_border_width__hover_enabled=&#8220;off&#8220; button_one_border_width__hover_enabled=&#8220;off&#8220; button_two_border_width__hover_enabled=&#8220;off&#8220; button_border_color__hover_enabled=&#8220;off&#8220; button_one_border_color__hover_enabled=&#8220;off&#8220; button_two_border_color__hover_enabled=&#8220;off&#8220; button_border_radius__hover_enabled=&#8220;off&#8220; button_one_border_radius__hover_enabled=&#8220;off&#8220; button_two_border_radius__hover_enabled=&#8220;off&#8220; button_letter_spacing__hover_enabled=&#8220;on&#8220; button_letter_spacing__hover=&#8220;2px&#8220; button_one_letter_spacing__hover_enabled=&#8220;off&#8220; button_two_letter_spacing__hover_enabled=&#8220;off&#8220; button_bg_color__hover_enabled=&#8220;on|hover&#8220; button_one_bg_color__hover_enabled=&#8220;off&#8220; button_two_bg_color__hover_enabled=&#8220;off&#8220; button_bg_color__hover=&#8220;#000000&#8243; button_bg_enable_color__hover=&#8220;on&#8220;][\/et_pb_button][\/et_pb_column][\/et_pb_row][\/et_pb_section]<\/p>\n<span class=\"et_bloom_bottom_trigger\"><\/span>","protected":false},"excerpt":{"rendered":"<p>H\u00c4UFIG GEFRAGTE FRAGENFragen? Finden Sie Ihre Antworten hier. Garantie PolitikGeltungsbereich der GarantieDiese Garantiebestimmungen gelten f\u00fcr alle LED-Anzeigeprodukte (im Folgenden als &#8222;Produkte&#8220; bezeichnet), die direkt von Shenzhen VISIONPI DISPLAY TECHNOLOGY Co.,Ltd. (im Folgenden als &#8222;VISIONPI&#8220; bezeichnet) und innerhalb der Garantiezeit erworben werden. Alle Produkte, die nicht direkt von VISIONPI erworben wurden, fallen nicht unter diese Garantiebestimmungen. [&hellip;]<\/p>\n","protected":false},"author":1,"featured_media":0,"parent":0,"menu_order":0,"comment_status":"closed","ping_status":"closed","template":"","meta":{"_et_pb_use_builder":"on","_et_pb_old_content":"","_et_gb_content_width":"","footnotes":""},"class_list":["post-20975","page","type-page","status-publish","hentry"],"aioseo_notices":[],"_links":{"self":[{"href":"https:\/\/vision-pi.net\/de\/wp-json\/wp\/v2\/pages\/20975","targetHints":{"allow":["GET"]}}],"collection":[{"href":"https:\/\/vision-pi.net\/de\/wp-json\/wp\/v2\/pages"}],"about":[{"href":"https:\/\/vision-pi.net\/de\/wp-json\/wp\/v2\/types\/page"}],"author":[{"embeddable":true,"href":"https:\/\/vision-pi.net\/de\/wp-json\/wp\/v2\/users\/1"}],"replies":[{"embeddable":true,"href":"https:\/\/vision-pi.net\/de\/wp-json\/wp\/v2\/comments?post=20975"}],"version-history":[{"count":0,"href":"https:\/\/vision-pi.net\/de\/wp-json\/wp\/v2\/pages\/20975\/revisions"}],"wp:attachment":[{"href":"https:\/\/vision-pi.net\/de\/wp-json\/wp\/v2\/media?parent=20975"}],"curies":[{"name":"wp","href":"https:\/\/api.w.org\/{rel}","templated":true}]}}