{"id":21027,"date":"2021-03-08T18:51:02","date_gmt":"2021-03-08T10:51:02","guid":{"rendered":"https:\/\/vision-pi.net\/ressourcen\/"},"modified":"2025-11-19T11:52:07","modified_gmt":"2025-11-19T03:52:07","slug":"ressourcen","status":"publish","type":"page","link":"https:\/\/vision-pi.net\/de\/ressourcen\/","title":{"rendered":"Ressourcen"},"content":{"rendered":"<p>[et_pb_section fb_built=&#8220;1&#8243; fullwidth=&#8220;on&#8220; _builder_version=&#8220;4.16&#8243; _module_preset=&#8220;default&#8220; global_colors_info=&#8220;{}&#8220;][et_pb_fullwidth_slider _builder_version=&#8220;4.16&#8243; _module_preset=&#8220;default&#8220; custom_padding=&#8220;||234px|||&#8220; global_colors_info=&#8220;{}&#8220;][et_pb_slide _builder_version=&#8220;4.16&#8243; _module_preset=&#8220;default&#8220; background_image=&#8220;http:\/\/vision-pi.net\/wp-content\/uploads\/2021\/03\/academy1.jpg&#8220; background_enable_image=&#8220;on&#8220; custom_button=&#8220;on&#8220; button_text_color=&#8220;#000000&#8243; button_use_icon=&#8220;on&#8220; button_icon=&#8220;&#xe60c;||divi||400&#8243; global_colors_info=&#8220;{}&#8220; sticky_transition=&#8220;on&#8220;][\/et_pb_slide][\/et_pb_fullwidth_slider][\/et_pb_section][et_pb_section fb_built=&#8220;1&#8243; specialty=&#8220;on&#8220; _builder_version=&#8220;4.16&#8243; background_color=&#8220;#FFFFFF&#8220; background_enable_image=&#8220;off&#8220; background_size=&#8220;contain&#8220; background_position=&#8220;bottom_right&#8220; custom_padding=&#8220;88px||14vw|||&#8220; global_colors_info=&#8220;{}&#8220;][et_pb_column type=&#8220;1_2&#8243; _builder_version=&#8220;4.16&#8243; custom_padding=&#8220;|||&#8220; global_colors_info=&#8220;{}&#8220; custom_padding__hover=&#8220;|||&#8220;][et_pb_cta title=&#8220;Fangen wir an&#8220; button_url=&#8220;https:\/\/vision-pi.net\/de\/kontakt\/&#8220; button_text=&#8220;Sprechen Sie mit einem Experten&#8220; _builder_version=&#8220;4.16&#8243; header_font=&#8220;|700||on|||||&#8220; header_text_color=&#8220;#ffffff&#8220; header_font_size=&#8220;60px&#8220; header_line_height=&#8220;1.2em&#8220; body_font=&#8220;|600|||||||&#8220; body_text_align=&#8220;left&#8220; body_line_height=&#8220;2em&#8220; use_background_color=&#8220;off&#8220; use_background_color_gradient=&#8220;on&#8220; background_color_gradient_stops=&#8220;#e09900 0%|#e09900 100%&#8220; background_color_gradient_overlays_image=&#8220;on&#8220; background_color_gradient_start=&#8220;#e09900&#8243; background_color_gradient_end=&#8220;#e09900&#8243; background_image=&#8220;http:\/\/vision-pi.net\/wp-content\/uploads\/2021\/03\/mechanic-05.jpg&#8220; custom_button=&#8220;on&#8220; button_text_size=&#8220;14px&#8220; button_text_color=&#8220;#E09900&#8243; button_bg_color=&#8220;#ffffff&#8220; button_border_width=&#8220;10px&#8220; button_border_color=&#8220;rgba(0,0,0,0)&#8220; button_border_radius=&#8220;44px&#8220; button_letter_spacing=&#8220;3px&#8220; button_font=&#8220;|700||on|||||&#8220; button_icon=&#8220;&#x45;||divi||400&#8243; button_on_hover=&#8220;off&#8220; custom_margin_last_edited=&#8220;off|tablet&#8220; custom_padding=&#8220;120px|80px|80px|80px|false|true&#8220; custom_padding_tablet=&#8220;40px|40px|40px|40px|true|true&#8220; custom_padding_phone=&#8220;&#8220; custom_padding_last_edited=&#8220;on|phone&#8220; header_font_size_tablet=&#8220;40px&#8220; header_font_size_phone=&#8220;30px&#8220; header_font_size_last_edited=&#8220;on|desktop&#8220; box_shadow_style=&#8220;preset2&#8243; box_shadow_vertical=&#8220;28px&#8220; box_shadow_blur=&#8220;40px&#8220; box_shadow_color=&#8220;rgba(0,0,0,0.1)&#8220; locked=&#8220;off&#8220; global_colors_info=&#8220;{}&#8220; button_bg_color__hover=&#8220;rgba(255,255,255,0.9)&#8220; button_bg_color__hover_enabled=&#8220;on&#8220;]<\/p>\n<p>Abonnieren Sie den monatlichen Visual-Newsletter und erfahren Sie als Erster von Aktualisierungen.<\/p>\n<p>&nbsp;<\/p>\n<p>[\/et_pb_cta][et_pb_text _builder_version=&#8220;4.16&#8243; text_font=&#8220;|600|||||||&#8220; text_line_height=&#8220;2em&#8220; header_font=&#8220;||||||||&#8220; header_2_font=&#8220;Khand|700||on|||||&#8220; header_2_font_size=&#8220;60px&#8220; header_2_line_height=&#8220;1.2em&#8220; header_4_font_size=&#8220;14px&#8220; custom_padding=&#8220;||0px|||&#8220; header_2_font_size_tablet=&#8220;40px&#8220; header_2_font_size_phone=&#8220;30px&#8220; header_2_font_size_last_edited=&#8220;on|desktop&#8220; locked=&#8220;off&#8220; global_colors_info=&#8220;{}&#8220;]<\/p>\n<h4><span><strong>Woher wei\u00df ich, welche Produkte f\u00fcr mich geeignet sind?<\/strong><\/span><\/h4>\n<p><span>Stellen Sie sich die richtigen Fragen? Lassen Sie uns Ihnen helfen, LED ein wenig besser zu verstehen. Visionpi ist stolz darauf, Produkte f\u00fcr praktisch jede Art von Installation anbieten zu k\u00f6nnen, die Sie sich vorstellen k\u00f6nnen. In der digitalen Welt von heute kann LED f\u00fcr einfache Nachrichten bis hin zur hochaufl\u00f6senden Videowiedergabe eingesetzt werden. Von Konzerten und Veranstaltungen bis hin zu dauerhaften Installationen f\u00fcr Werbung oder Branding in Ihrem Einzelhandels- oder Unternehmensumfeld &#8211; LED kann Ihren Raum in einen unvergesslichen Ort verwandeln.      <strong>lernen gef\u00fchrt Basis<\/strong><\/span><\/p>\n<p>[\/et_pb_text][\/et_pb_column][et_pb_column type=&#8220;1_2&#8243; specialty_columns=&#8220;2&#8243; _builder_version=&#8220;4.16&#8243; custom_padding=&#8220;|||&#8220; global_colors_info=&#8220;{}&#8220; custom_padding__hover=&#8220;|||&#8220;][et_pb_row_inner _builder_version=&#8220;4.16&#8243; locked=&#8220;off&#8220; global_colors_info=&#8220;{}&#8220;][et_pb_column_inner saved_specialty_column_type=&#8220;1_2&#8243; _builder_version=&#8220;4.16&#8243; custom_padding=&#8220;|||&#8220; global_colors_info=&#8220;{}&#8220; custom_padding__hover=&#8220;|||&#8220;][et_pb_text _builder_version=&#8220;4.16&#8243; text_font=&#8220;|600|||||||&#8220; text_line_height=&#8220;2em&#8220; header_font=&#8220;||||||||&#8220; header_2_font=&#8220;|700||on|||||&#8220; header_2_font_size=&#8220;60px&#8220; header_2_line_height=&#8220;1.2em&#8220; header_2_font_size_tablet=&#8220;40px&#8220; header_2_font_size_phone=&#8220;30px&#8220; header_2_font_size_last_edited=&#8220;on|desktop&#8220; locked=&#8220;off&#8220; global_colors_info=&#8220;{}&#8220;]<\/p>\n<h2>Ressourcen<\/h2>\n<p>[\/et_pb_text][et_pb_divider color=&#8220;#E09900&#8243; divider_style=&#8220;double&#8220; divider_weight=&#8220;10px&#8220; _builder_version=&#8220;4.16&#8243; transform_skew=&#8220;-20deg|0deg&#8220; max_width=&#8220;100px&#8220; height=&#8220;10px&#8220; locked=&#8220;off&#8220; global_colors_info=&#8220;{}&#8220;][\/et_pb_divider][et_pb_text _builder_version=&#8220;4.16&#8243; text_font=&#8220;|600|||||||&#8220; text_line_height=&#8220;2em&#8220; header_font=&#8220;||||||||&#8220; header_2_font=&#8220;Khand|700||on|||||&#8220; header_2_font_size=&#8220;60px&#8220; header_2_line_height=&#8220;1.2em&#8220; header_2_font_size_tablet=&#8220;40px&#8220; header_2_font_size_phone=&#8220;30px&#8220; header_2_font_size_last_edited=&#8220;on|desktop&#8220; locked=&#8220;off&#8220; global_colors_info=&#8220;{}&#8220;]<\/p>\n<h2><\/h2>\n<p>Wissen ist wichtig. Visionpi Visual unterst\u00fctzt LED-Techniker und -Anwender mit einer F\u00fclle von wertvollem Wissen \u00fcber LED-Technologie und LED-Produkte. Entdecken Sie, wie wir uns bem\u00fchen, Wissen zu vermitteln, damit Sie besser arbeiten k\u00f6nnen. Lesen Sie unsere Whitepapers, nehmen Sie an unseren Schulungsveranstaltungen teil oder sehen Sie sich ein Video an. Sie haben die Wahl.    <\/p>\n<p>&nbsp;<\/p>\n<p>[\/et_pb_text][\/et_pb_column_inner][\/et_pb_row_inner][et_pb_row_inner _builder_version=&#8220;4.16&#8243; background_color=&#8220;#ffffff&#8220; custom_margin_tablet=&#8220;0vw||&#8220; custom_margin_last_edited=&#8220;off|tablet&#8220; custom_padding=&#8220;0|0|0px|0px|false|false&#8220; box_shadow_style=&#8220;preset2&#8243; box_shadow_vertical=&#8220;28px&#8220; box_shadow_blur=&#8220;40px&#8220; box_shadow_color=&#8220;rgba(0,0,0,0.1)&#8220; locked=&#8220;off&#8220; global_colors_info=&#8220;{}&#8220;][et_pb_column_inner saved_specialty_column_type=&#8220;1_2&#8243; _builder_version=&#8220;4.16&#8243; custom_padding=&#8220;|||&#8220; global_colors_info=&#8220;{}&#8220; custom_padding__hover=&#8220;|||&#8220;][et_pb_accordion open_toggle_text_color=&#8220;#E09900&#8243; closed_toggle_text_color=&#8220;#E09900&#8243; closed_toggle_background_color=&#8220;#ffffff&#8220; icon_color=&#8220;#E09900&#8243; admin_label=&#8220;Accordion&#8220; _builder_version=&#8220;4.20.2&#8243; toggle_font=&#8220;|700||on|||||&#8220; toggle_font_size=&#8220;14px&#8220; toggle_letter_spacing=&#8220;3px&#8220; toggle_line_height=&#8220;1.9em&#8220; body_font=&#8220;|600|||||||&#8220; body_line_height=&#8220;2em&#8220; custom_margin=&#8220;-60px|||||&#8220; custom_padding=&#8220;|||&#8220; hover_enabled=&#8220;0&#8243; toggle_font_size_tablet=&#8220;&#8220; toggle_font_size_phone=&#8220;12px&#8220; toggle_font_size_last_edited=&#8220;on|desktop&#8220; border_width_all=&#8220;0px&#8220; border_color_all=&#8220;#f71635&#8243; border_width_bottom=&#8220;2px&#8220; border_color_bottom=&#8220;rgba(0,0,0,0.1)&#8220; global_colors_info=&#8220;{}&#8220; sticky_enabled=&#8220;0&#8243;][et_pb_accordion_item title=&#8220;Blog&amp;Nachrichten&#8220; open=&#8220;on&#8220; open_toggle_text_color=&#8220;#E09900&#8243; closed_toggle_text_color=&#8220;#E09900&#8243; _builder_version=&#8220;4.20.2&#8243; custom_margin=&#8220;||0px&#8220; custom_padding=&#8220;30px|30px|30px|30px|true|true&#8220; link_option_url=&#8220;https:\/\/vision-pi.net\/led-displays-knowledge-and-tips\/&#8220; hover_enabled=&#8220;0&#8243; global_colors_info=&#8220;{}&#8220; link_option_url_new_window=&#8220;on&#8220; sticky_enabled=&#8220;0&#8243;]<\/p>\n<p>LED-Techniker, Video- und Beleuchtungskreative und alle, die sich f\u00fcr die LED-Technologie interessieren, sind herzlich willkommen. visionpi bietet LED-Wissen auf globaler Ebene in On- und Offline-Kursen, Seminaren und Produktvideos an. <\/p>\n<p>[\/et_pb_accordion_item][et_pb_accordion_item title=&#8220;Wei\u00dfbuch&#8220; open_toggle_text_color=&#8220;#E09900&#8243; closed_toggle_text_color=&#8220;#E09900&#8243; _builder_version=&#8220;4.16&#8243; custom_margin=&#8220;||0px&#8220; custom_padding=&#8220;30px|30px|30px|30px|true|true&#8220; link_option_url=&#8220;https:\/\/vision-pi.net\/wp-content\/uploads\/2021\/09\/White-paper-Manage-your-supply-chain-in-China.pdf&#8220; global_colors_info=&#8220;{}&#8220; open=&#8220;off&#8220;]<\/p>\n<p>Wir bieten eine umfangreiche Sammlung von Whitepapers und Blogs zu verschiedenen Themen rund um die LED-Technologie. Erfahren Sie mehr in Ihrer eigenen Zeit mit diesen kostenlosen Downloads. <\/p>\n<p>Durch die Weitergabe ihres Wissens in diesen kostenlosen Whitepapers und Blogs k\u00f6nnen Sie sich Ihre Arbeit ein wenig erleichtern.<\/p>\n<p>[\/et_pb_accordion_item][et_pb_accordion_item title=&#8220;faq&#8220; open_toggle_text_color=&#8220;#E09900&#8243; closed_toggle_text_color=&#8220;#E09900&#8243; _builder_version=&#8220;4.16&#8243; custom_margin=&#8220;||0px&#8220; custom_padding=&#8220;30px|30px|30px|30px|true|true&#8220; link_option_url=&#8220;https:\/\/vision-pi.net\/resource-faq\/&#8220; global_colors_info=&#8220;{}&#8220; open=&#8220;off&#8220;]<\/p>\n<p>Hier finden Sie die am h\u00e4ufigsten gestellten Fragen zu den VISIONPI LED-Produkten und der LED-Technologie. Haben Sie spezielle Fragen? Finden Sie es hier heraus <a href=\"https:\/\/vision-pi.net\/de\/faq\/\"> <\/a><\/p>\n<p>[\/et_pb_accordion_item][et_pb_accordion_item title=&#8220;speichern&#8220; open_toggle_text_color=&#8220;#E09900&#8243; closed_toggle_text_color=&#8220;#E09900&#8243; _builder_version=&#8220;4.16&#8243; custom_margin=&#8220;||0px&#8220; custom_padding=&#8220;30px|30px|30px|30px|true|true&#8220; link_option_url=&#8220;https:\/\/vision-pi.net\/shop\/&#8220; global_colors_info=&#8220;{}&#8220; open=&#8220;off&#8220;]<\/p>\n<p>st\u00e4ndige Aktualisierung der Lagerbest\u00e4nde und Promotion-Service durch das QC-Team von visionpi in Hunderten von Fabriken in unserer Datenbank.<\/p>\n<p>[\/et_pb_accordion_item][et_pb_accordion_item title=&#8220;Qualit\u00e4tsverbesserung&#8220; open_toggle_text_color=&#8220;#E09900&#8243; closed_toggle_text_color=&#8220;#E09900&#8243; _builder_version=&#8220;4.16&#8243; custom_margin=&#8220;||0px&#8220; custom_padding=&#8220;30px|30px|30px|30px|true|true&#8220; link_option_url=&#8220;https:\/\/vision-pi.net\/about-us\/service\/&#8220; global_colors_info=&#8220;{}&#8220; open=&#8220;off&#8220;]<\/p>\n<p>Lieferkettenmanagement, Background Check, Audit &amp; Identifizierung neuer Fabriken, Produktingenieur, Qualit\u00e4tssicherung Reduzierte Kosten f\u00fcr Ausschuss, Nacharbeit, R\u00fcckrufe, versp\u00e4tete Bestellungen und Kundenr\u00fcckerstattungen Verbesserte Produktqualit\u00e4t &amp; Sicherheit<\/p>\n<p>[\/et_pb_accordion_item][\/et_pb_accordion][\/et_pb_column_inner][\/et_pb_row_inner][\/et_pb_column][\/et_pb_section][et_pb_section fb_built=&#8220;1&#8243; admin_label=&#8220;Header&#8220; _builder_version=&#8220;4.16&#8243; use_background_color_gradient=&#8220;on&#8220; background_color_gradient_stops=&#8220;#000000 0%|rgba(0,0,0,0.6) 100%&#8220; background_color_gradient_overlays_image=&#8220;on&#8220; background_color_gradient_start=&#8220;#000000&#8243; background_color_gradient_end=&#8220;rgba(0,0,0,0.6)&#8220; background_image=&#8220;http:\/\/vision-pi.net\/wp-content\/uploads\/2021\/03\/Desktop.639413ac.vanish_wrestle_mania_2017.jpg&#8220; width=&#8220;100%&#8220; max_width=&#8220;100%&#8220; min_height=&#8220;559px&#8220; height=&#8220;100px&#8220; max_height=&#8220;1000px&#8220; custom_margin=&#8220;-25px||||false|&#8220; custom_padding=&#8220;12vw||12vw||true|false&#8220; global_colors_info=&#8220;{}&#8220;][et_pb_row _builder_version=&#8220;4.16&#8243; max_width=&#8220;700px&#8220; min_height=&#8220;196px&#8220; custom_margin=&#8220;|auto|-17px|auto||&#8220; custom_padding=&#8220;0px|||||&#8220; use_custom_width=&#8220;on&#8220; custom_width_px=&#8220;700px&#8220; global_colors_info=&#8220;{}&#8220;][et_pb_column type=&#8220;4_4&#8243; _builder_version=&#8220;4.16&#8243; custom_padding=&#8220;|||&#8220; global_colors_info=&#8220;{}&#8220; custom_padding__hover=&#8220;|||&#8220;][et_pb_text _builder_version=&#8220;4.16&#8243; text_font=&#8220;Montserrat||||||||&#8220; header_font=&#8220;Playfair Display|700|||||||&#8220; header_font_size=&#8220;48px&#8220; header_line_height=&#8220;1.5em&#8220; header_2_font=&#8220;Montserrat|700|||||||&#8220; header_3_font=&#8220;Rubik|500||on|||||&#8220; header_3_text_color=&#8220;#098cf2&#8243; header_3_font_size=&#8220;14px&#8220; header_3_letter_spacing=&#8220;2px&#8220; header_3_line_height=&#8220;2em&#8220; text_orientation=&#8220;center&#8220; background_layout=&#8220;dark&#8220; min_height=&#8220;19px&#8220; custom_margin=&#8220;-98px||14px|||&#8220; header_font_size_tablet=&#8220;38px&#8220; header_font_size_phone=&#8220;28px&#8220; header_font_size_last_edited=&#8220;on|phone&#8220; global_colors_info=&#8220;{}&#8220;]<\/p>\n<h2><strong><span style=\"color: #ffffff; font-size: 30px; font-family: 'Open Sans', Arial, sans-serif;\">Newsletter<\/span><\/strong><\/h2>\n<div class=\"newsletter__content\">\n<div class=\"richtext\">\n<div class=\"text-center\"><\/div>\n<\/div>\n<\/div>\n<p>[\/et_pb_text][et_pb_text _builder_version=&#8220;4.16&#8243; text_font=&#8220;||||||||&#8220; text_font_size=&#8220;16px&#8220; text_line_height=&#8220;2em&#8220; text_orientation=&#8220;center&#8220; background_layout=&#8220;dark&#8220; min_height=&#8220;8px&#8220; custom_margin=&#8220;60px||60px||true&#8220; custom_padding=&#8220;||0px|||&#8220; global_colors_info=&#8220;{}&#8220;]<\/p>\n<p>Melden Sie sich noch heute an und lassen Sie sich mit dem monatlichen Visionpi E-Mail-Newsletter<br \/>informieren und unterhalten.<\/p>\n<p>[\/et_pb_text][et_pb_button button_text=&#8220;Abonnieren&#8220; button_alignment=&#8220;center&#8220; _builder_version=&#8220;4.16&#8243; custom_button=&#8220;on&#8220; button_text_size=&#8220;12px&#8220; button_text_color=&#8220;#ffffff&#8220; button_bg_color=&#8220;#E09900&#8243; button_border_width=&#8220;0px&#8220; button_border_color=&#8220;rgba(0,0,0,0)&#8220; button_border_radius=&#8220;26px&#8220; button_letter_spacing=&#8220;2px&#8220; button_font=&#8220;Rubik|500||on|||||&#8220; button_use_icon=&#8220;off&#8220; custom_padding=&#8220;16px|32px|16px|32px|true|true&#8220; box_shadow_style=&#8220;preset1&#8243; box_shadow_color=&#8220;rgba(239,59,36,0.24)&#8220; button_letter_spacing_hover=&#8220;2px&#8220; global_colors_info=&#8220;{}&#8220; button_text_size__hover_enabled=&#8220;off&#8220; button_one_text_size__hover_enabled=&#8220;off&#8220; button_two_text_size__hover_enabled=&#8220;off&#8220; button_text_color__hover_enabled=&#8220;off&#8220; button_one_text_color__hover_enabled=&#8220;off&#8220; button_two_text_color__hover_enabled=&#8220;off&#8220; button_border_width__hover_enabled=&#8220;off&#8220; button_one_border_width__hover_enabled=&#8220;off&#8220; button_two_border_width__hover_enabled=&#8220;off&#8220; button_border_color__hover_enabled=&#8220;off&#8220; button_one_border_color__hover_enabled=&#8220;off&#8220; button_two_border_color__hover_enabled=&#8220;off&#8220; button_border_radius__hover_enabled=&#8220;off&#8220; button_one_border_radius__hover_enabled=&#8220;off&#8220; button_two_border_radius__hover_enabled=&#8220;off&#8220; button_letter_spacing__hover_enabled=&#8220;on&#8220; button_letter_spacing__hover=&#8220;2px&#8220; button_one_letter_spacing__hover_enabled=&#8220;off&#8220; button_two_letter_spacing__hover_enabled=&#8220;off&#8220; button_bg_color__hover_enabled=&#8220;on|hover&#8220; button_one_bg_color__hover_enabled=&#8220;off&#8220; button_two_bg_color__hover_enabled=&#8220;off&#8220; button_bg_color__hover=&#8220;#000000&#8243; button_bg_enable_color__hover=&#8220;on&#8220;][\/et_pb_button][\/et_pb_column][\/et_pb_row][\/et_pb_section]<\/p>\n<span class=\"et_bloom_bottom_trigger\"><\/span>","protected":false},"excerpt":{"rendered":"<p>Abonnieren Sie den monatlichen Visual-Newsletter und erfahren Sie als Erster von Aktualisierungen. &nbsp;Woher wei\u00df ich, welche Produkte f\u00fcr mich geeignet sind? Stellen Sie sich die richtigen Fragen? Lassen Sie uns Ihnen helfen, LED ein wenig besser zu verstehen. Visionpi ist stolz darauf, Produkte f\u00fcr praktisch jede Art von Installation anbieten zu k\u00f6nnen, die Sie sich [&hellip;]<\/p>\n","protected":false},"author":1,"featured_media":0,"parent":0,"menu_order":0,"comment_status":"closed","ping_status":"closed","template":"","meta":{"_et_pb_use_builder":"on","_et_pb_old_content":"","_et_gb_content_width":"","footnotes":""},"class_list":["post-21027","page","type-page","status-publish","hentry"],"aioseo_notices":[],"_links":{"self":[{"href":"https:\/\/vision-pi.net\/de\/wp-json\/wp\/v2\/pages\/21027","targetHints":{"allow":["GET"]}}],"collection":[{"href":"https:\/\/vision-pi.net\/de\/wp-json\/wp\/v2\/pages"}],"about":[{"href":"https:\/\/vision-pi.net\/de\/wp-json\/wp\/v2\/types\/page"}],"author":[{"embeddable":true,"href":"https:\/\/vision-pi.net\/de\/wp-json\/wp\/v2\/users\/1"}],"replies":[{"embeddable":true,"href":"https:\/\/vision-pi.net\/de\/wp-json\/wp\/v2\/comments?post=21027"}],"version-history":[{"count":0,"href":"https:\/\/vision-pi.net\/de\/wp-json\/wp\/v2\/pages\/21027\/revisions"}],"wp:attachment":[{"href":"https:\/\/vision-pi.net\/de\/wp-json\/wp\/v2\/media?parent=21027"}],"curies":[{"name":"wp","href":"https:\/\/api.w.org\/{rel}","templated":true}]}}