{"id":21848,"date":"2021-09-07T11:26:38","date_gmt":"2021-09-07T03:26:38","guid":{"rendered":"https:\/\/vision-pi.net\/tagungsraum\/"},"modified":"2025-11-24T11:55:15","modified_gmt":"2025-11-24T03:55:15","slug":"tagungsraum","status":"publish","type":"page","link":"https:\/\/vision-pi.net\/de\/tagungsraum\/","title":{"rendered":"Tagungsraum"},"content":{"rendered":"<p>[et_pb_section fb_built=&#8220;1&#8243; fullwidth=&#8220;on&#8220; _builder_version=&#8220;4.9.3&#8243; _module_preset=&#8220;default&#8220;][et_pb_fullwidth_image src=&#8220;https:\/\/vision-pi.net\/wp-content\/uploads\/2021\/09\/Picture3.jpg&#8220; alt=&#8220;corporate led wand&#8220; title_text=&#8220;corporate led wand&#8220; _builder_version=&#8220;4.9.3&#8243; _module_preset=&#8220;default&#8220;][\/et_pb_fullwidth_image][\/et_pb_section][et_pb_section fb_built=&#8220;1&#8243; _builder_version=&#8220;4.9.3&#8243; _module_preset=&#8220;default&#8220; custom_padding=&#8220;8px||0px|||&#8220;][et_pb_row _builder_version=&#8220;4.9.3&#8243; _module_preset=&#8220;default&#8220;][et_pb_column type=&#8220;4_4&#8243; _builder_version=&#8220;4.9.3&#8243; _module_preset=&#8220;default&#8220;][et_pb_text _builder_version=&#8220;4.9.3&#8243; _module_preset=&#8220;default&#8220; custom_padding=&#8220;||0px|||&#8220; hover_enabled=&#8220;0&#8243; border_color_all=&#8220;#E09900&#8243; border_width_left=&#8220;9px&#8220; inline_fonts=&#8220;ABeeZee&#8220; sticky_enabled=&#8220;0&#8243;]<\/p>\n<p><span style=\"font-size: xx-large; font-family: inherit; font-weight: normal;\"><strong>Besprechungsraum led Wand  <\/strong><\/span><\/p>\n<p>[\/et_pb_text][\/et_pb_column][\/et_pb_row][\/et_pb_section][et_pb_section fb_built=&#8220;1&#8243; _builder_version=&#8220;4.9.3&#8243; _module_preset=&#8220;default&#8220; custom_padding=&#8220;0px||3px|||&#8220;][et_pb_row column_structure=&#8220;1_2,1_2&#8243; _builder_version=&#8220;4.9.3&#8243; _module_preset=&#8220;default&#8220;][et_pb_column type=&#8220;1_2&#8243; _builder_version=&#8220;4.9.3&#8243; _module_preset=&#8220;default&#8220;][et_pb_image src=&#8220;https:\/\/vision-pi.net\/wp-content\/uploads\/2021\/09\/corporate-led-display-visionpi-fine-pitch.jpg&#8220; alt=&#8220;corporate led display visionpi fine-pitch&#8220; title_text=&#8220;corporate led display visionpi fine-pitch&#8220; _builder_version=&#8220;4.9.3&#8243; _module_preset=&#8220;default&#8220;][\/et_pb_image][\/et_pb_column][et_pb_column type=&#8220;1_2&#8243; _builder_version=&#8220;4.9.3&#8243; _module_preset=&#8220;default&#8220;][et_pb_image src=&#8220;https:\/\/vision-pi.net\/wp-content\/uploads\/2021\/09\/corperate-fine-pitch-led-video-wall-_.jpg&#8220; alt=&#8220;breitstrahlender led-bildschirm visionpi fine pitch led-bildschirm&#8220; title_text=&#8220;corperate fine pitch led video wall _&#8220; force_fullwidth=&#8220;on&#8220; _builder_version=&#8220;4.9.3&#8243; _module_preset=&#8220;default&#8220; min_height=&#8220;298px&#8220; height=&#8220;301px&#8220;][\/et_pb_image][\/et_pb_column][\/et_pb_row][et_pb_row _builder_version=&#8220;4.9.3&#8243; _module_preset=&#8220;default&#8220; custom_padding=&#8220;||1px|||&#8220;][et_pb_column type=&#8220;4_4&#8243; _builder_version=&#8220;4.9.3&#8243; _module_preset=&#8220;default&#8220;][et_pb_text _builder_version=&#8220;4.9.3&#8243; _module_preset=&#8220;default&#8220; text_font_size=&#8220;28px&#8220; border_width_left=&#8220;4px&#8220; border_color_left=&#8220;#E09900&#8243;]<\/p>\n<p class=\"red-accent\"><strong>Verbessern Sie Ihr Unternehmensumfeld<\/strong><\/p>\n<p>[\/et_pb_text][\/et_pb_column][\/et_pb_row][et_pb_row _builder_version=&#8220;4.9.3&#8243; _module_preset=&#8220;default&#8220; custom_padding=&#8220;4px|||||&#8220;][et_pb_column type=&#8220;4_4&#8243; _builder_version=&#8220;4.9.3&#8243; _module_preset=&#8220;default&#8220;][et_pb_text _builder_version=&#8220;4.9.3&#8243; _module_preset=&#8220;default&#8220; border_color_left=&#8220;#E02B20&#8243;]&nbsp;<\/p>\n<p><strong>(1) Fine-Pitch-LED-Anzeigen f\u00fcr Unternehmen werden haupts\u00e4chlich in Sitzungss\u00e4len (ca. 70%), Ausstellungsr\u00e4umen und Lobbys verwendet.<\/strong><\/p>\n<p>LED-W\u00e4nde, die in Sitzungss\u00e4len und Ausstellungsr\u00e4umen verwendet werden, laufen in der Regel mit einer Helligkeit von 30 % oder weniger; ein feineres Grau, um hohe Graustufen bei schlechten Lichtverh\u00e4ltnissen zu erreichen, ist entscheidend. Bei Verwendung in Lobbys, insbesondere in Lobbys mit Glasw\u00e4nden oder anderen transparenten Strukturen, in denen Sonnenlicht einf\u00e4llt, kann eine h\u00f6here Helligkeit von bis zu 800-1000 nits erforderlich sein. <\/p>\n<p> <strong> (2) In Konferenzr\u00e4umen von Unternehmen werden in der Regel Videow\u00e4nde im Standardformat (1080P oder 4K) verwendet<\/strong>.<\/p>\n<p>Standard 1080P (Aufl\u00f6sung 1920&#215;1080) Fine-Pitch LED-W\u00e4nde sind 108&#8243; 4&#215;4 Array von 1,2mm, 136&#8243; 5&#215;5 Array von 1,5mm und 6&#215;6 Array von 163&#8243; 1,8mm und 217&#8243; 8&#215;8 Array von 2,5mm, und 1,2mm und 1,5mm sind die beliebtesten Modelle. Standard 4K LED-W\u00e4nde sind 163&#8243; 6&#215;6 Array mit 0,9mm, 217&#8243; 8&#215;8 Array mit 1,2mm und 271&#8243; 10&#215;10 Array mit 1,5mm, wobei 0,9mm und 1,2mm empfohlen werden. <\/p>\n<p><strong>(3) LED-W\u00e4nde f\u00fcr Unternehmensanwendungen m\u00fcssen \u00fcber eine gute W\u00e4rmeableitung verf\u00fcgen, um eine Beeintr\u00e4chtigung der Raumtemperatur zu vermeiden und die elektrischen Komponenten im Inneren der LED-Panels zu sch\u00fctzen<\/strong>.<\/p>\n<p>Das Design sollte l\u00fcfterlos sein, um einen l\u00e4rmfreien Tagungsraum zu gew\u00e4hrleisten.<\/p>\n<p><strong>(4) Einfache Wartung ist erforderlich, typischerweise f\u00fcr den Austausch eines Moduls mit toten Pixeln.<\/strong><\/p>\n<p>Diese sollte so einfach gestaltet sein, dass auch Laien ein Modul mit einem Frontservice-Werkzeug austauschen und die LED-Wand ordnungsgem\u00e4\u00df in Betrieb nehmen k\u00f6nnen.<\/p>\n<p><strong>(5) Ein integrierter Flash-Speicher ist erforderlich.<\/strong><\/p>\n<p>Im Gegensatz zu professionellen Projekten, bei denen immer Techniker zur Verf\u00fcgung stehen, werden LED-W\u00e4nde in Unternehmen in der Regel von firmeninternen Technikern gewartet, die m\u00f6glicherweise nicht sehr vertraut mit der LED-Wand-Software sind. Daher ist das automatische Laden der urspr\u00fcnglichen Kalibrierungsdaten nach dem Austausch von Modulen erforderlich. <\/p>\n<p><strong>(6) Kompatibilit\u00e4t mit neuen Technologien, Hardware und Software ist wichtig.<\/strong><\/p>\n<p>Da w\u00e4hrend der COVID-19-Pandemie immer mehr Videokonferenztechnologien auftauchen, sollten LED-W\u00e4nde als zentrale Videokonferenzkomponente mit den neuesten Technologien kompatibel sein.<\/p>\n<p><strong>(7) Touchscreens sind ein wichtiges optionales Merkmal, da die Marktnachfrage nach interaktiven Videow\u00e4nden w\u00e4chst.<\/strong><\/p>\n<p>Derzeit sind Multi-Touch-LED-W\u00e4nde meist als All-in-One-LED-Fernseher konzipiert.<\/p>\n<p><strong>(8) Traditionelle Anzeigeger\u00e4te wie LCD und Projektion sind die Hauptkonkurrenz f\u00fcr die kleinere LED-Wand.<\/strong><\/p>\n<p>Was die Kosten betrifft, so sind Fine-Pitch-LED-Displays f\u00fcr Displaygr\u00f6\u00dfen unter 100&#8243; immer noch viel teurer. Sobald die Displaygr\u00f6\u00dfe 100&#8243; \u00fcbersteigt, werden die Preise f\u00fcr Fine-Pitch-LEDs unglaublich wettbewerbsf\u00e4hig.[\/et_pb_text][\/et_pb_column][\/et_pb_row][\/et_pb_section][et_pb_section fb_built=&#8220;1&#8243; _builder_version=&#8220;4.9.3&#8243; _module_preset=&#8220;default&#8220; min_height=&#8220;332.1px&#8220; custom_margin=&#8220;35px|||||&#8220; custom_padding=&#8220;4px||6px|||&#8220;][et_pb_row _builder_version=&#8220;4.9.3&#8243; _module_preset=&#8220;default&#8220; custom_padding=&#8220;0px|||||&#8220;][et_pb_column type=&#8220;4_4&#8243; _builder_version=&#8220;4.9.3&#8243; _module_preset=&#8220;default&#8220;][et_pb_text _builder_version=&#8220;4.9.3&#8243; _module_preset=&#8220;default&#8220; text_font_size=&#8220;18px&#8220; custom_margin=&#8220;||-1px|||&#8220; hover_enabled=&#8220;0&#8243; sticky_enabled=&#8220;0&#8243; header_2_font_size=&#8220;17px&#8220;]<\/p>\n<h2><span style=\"color: #e09900;\"><strong>Besprechungsraum led wand Produkte<\/strong><\/span><\/h2>\n<p>[\/et_pb_text][\/et_pb_column][\/et_pb_row][et_pb_row column_structure=&#8220;1_3,1_3,1_3&#8243; _builder_version=&#8220;4.9.3&#8243; _module_preset=&#8220;default&#8220; custom_padding=&#8220;5px|||||&#8220;][et_pb_column type=&#8220;1_3&#8243; _builder_version=&#8220;4.9.3&#8243; _module_preset=&#8220;default&#8220;][et_pb_image src=&#8220;https:\/\/vision-pi.net\/wp-content\/uploads\/2021\/05\/vx640-visionpi-1.jpg&#8220; alt=&#8220;640mm gef\u00fchrt&#8220; title_text=&#8220;vx640 visionpi&#8220; url=&#8220;https:\/\/vision-pi.net\/product-vx640\/&#8220; _builder_version=&#8220;4.9.3&#8243; _module_preset=&#8220;default&#8220;][\/et_pb_image][\/et_pb_column][et_pb_column type=&#8220;1_3&#8243; _builder_version=&#8220;4.9.3&#8243; _module_preset=&#8220;default&#8220;][et_pb_image src=&#8220;https:\/\/vision-pi.net\/wp-content\/uploads\/2021\/04\/rear-view-dv600pro-fine-pixel-pitch-led-screen.jpg&#8220; alt=&#8220;visionpi \u2013 schlankstes LED-Display mit geringem Pixelabstand&#8220; title_text=&#8220;R\u00fcckansicht dv600pro Fine-Pixel-Pitch-LED-Bildschirm&#8220; url=&#8220;https:\/\/vision-pi.net\/led-video-wall\/&#8220; _builder_version=&#8220;4.9.3&#8243; _module_preset=&#8220;default&#8220;][\/et_pb_image][\/et_pb_column][et_pb_column type=&#8220;1_3&#8243; _builder_version=&#8220;4.9.3&#8243; _module_preset=&#8220;default&#8220;][et_pb_image src=&#8220;https:\/\/vision-pi.net\/wp-content\/uploads\/2021\/04\/rear-view-dv600-fine-pixel-pitch-led-screen-.jpg&#8220; alt=&#8220;dv600 direktsicht led display serie&#8220; title_text=&#8220;r\u00fcckansicht dv600 fine pixel pitch led bildschirm&#8220; url=&#8220;https:\/\/vision-pi.net\/fine-pitch-led-screen\/&#8220; _builder_version=&#8220;4.9.3&#8243; _module_preset=&#8220;default&#8220;][\/et_pb_image][\/et_pb_column][\/et_pb_row][\/et_pb_section][et_pb_section fb_built=&#8220;1&#8243; admin_label=&#8220;Promo Section&#8220; _builder_version=&#8220;4.9.1&#8243; background_color=&#8220;rgba(0,0,0,0.5)&#8220; background_image=&#8220;https:\/\/vision-pi.net\/wp-content\/uploads\/2021\/03\/Desktop.639413ac.vanish_wrestle_mania_2017.jpg&#8220; background_blend=&#8220;color&#8220; custom_padding=&#8220;35px||35px||true|&#8220;][et_pb_row _builder_version=&#8220;4.9.3&#8243; _module_preset=&#8220;default&#8220; module_alignment=&#8220;center&#8220;][et_pb_column type=&#8220;4_4&#8243; _builder_version=&#8220;4.9.1&#8243; _module_preset=&#8220;default&#8220;][et_pb_text _builder_version=&#8220;4.9.3&#8243; _module_preset=&#8220;default&#8220; header_font=&#8220;|800||on|||||&#8220; header_font_size=&#8220;21px&#8220; custom_margin=&#8220;||-5px|||&#8220; custom_padding=&#8220;8px|||||&#8220;]<\/p>\n<h1 style=\"text-align: center;\"><span style=\"color: #ffffff;\">Angebot f\u00fcr hochwertige LED-Wand einholen<\/span><\/h1>\n<p style=\"text-align: center;\"><span style=\"color: #ffffff;\"><span><strong>Wir sind leidenschaftlich daran interessiert, Ihnen die bestm\u00f6glichen Service<\/strong><\/span><strong>s<\/strong> zu bieten.<\/span><\/p>\n<p>[\/et_pb_text][\/et_pb_column][\/et_pb_row][et_pb_row _builder_version=&#8220;4.9.3&#8243; _module_preset=&#8220;default&#8220; module_alignment=&#8220;center&#8220;][et_pb_column type=&#8220;4_4&#8243; _builder_version=&#8220;4.9.3&#8243; _module_preset=&#8220;default&#8220;][et_pb_contact_form captcha=&#8220;off&#8220; email=&#8220;lucas@vision-pi.com,ledscreenlukas@gmail.com,william@vision-pi.com&#8220; use_redirect=&#8220;on&#8220; redirect_url=&#8220;https:\/\/vision-pi.net\/thanks-for-reaching-us\/&#8220; success_message=&#8220;Erfolg! &#8220; submit_button_text=&#8220;Senden&#8220; _builder_version=&#8220;4.9.3&#8243; _module_preset=&#8220;default&#8220; form_field_line_height=&#8220;1.1em&#8220; custom_button=&#8220;on&#8220; button_text_size=&#8220;18px&#8220; button_text_color=&#8220;#FFFFFF&#8220; button_border_color=&#8220;#E09900&#8243; button_border_radius=&#8220;37px&#8220; width=&#8220;70%&#8220; max_width=&#8220;100%&#8220; module_alignment=&#8220;center&#8220; custom_margin=&#8220;|||11px||&#8220; button_bg_color__hover_enabled=&#8220;on|hover&#8220; button_bg_color__hover=&#8220;#E09900&#8243; button_bg_enable_color__hover=&#8220;on&#8220;][et_pb_contact_field field_id=&#8220;Name&#8220; field_title=&#8220;Vollst\u00e4ndiger Name *&#8220; _builder_version=&#8220;4.9.3&#8243; button_text_size__hover_enabled=&#8220;off&#8220; button_one_text_size__hover_enabled=&#8220;off&#8220; button_two_text_size__hover_enabled=&#8220;off&#8220; button_text_color__hover_enabled=&#8220;off&#8220; button_one_text_color__hover_enabled=&#8220;off&#8220; button_two_text_color__hover_enabled=&#8220;off&#8220; button_border_width__hover_enabled=&#8220;off&#8220; button_one_border_width__hover_enabled=&#8220;off&#8220; button_two_border_width__hover_enabled=&#8220;off&#8220; button_border_color__hover_enabled=&#8220;off&#8220; button_one_border_color__hover_enabled=&#8220;off&#8220; button_two_border_color__hover_enabled=&#8220;off&#8220; button_border_radius__hover_enabled=&#8220;off&#8220; button_one_border_radius__hover_enabled=&#8220;off&#8220; button_two_border_radius__hover_enabled=&#8220;off&#8220; button_letter_spacing__hover_enabled=&#8220;off&#8220; button_one_letter_spacing__hover_enabled=&#8220;off&#8220; button_two_letter_spacing__hover_enabled=&#8220;off&#8220; button_bg_color__hover_enabled=&#8220;off&#8220; button_one_bg_color__hover_enabled=&#8220;off&#8220; button_two_bg_color__hover_enabled=&#8220;off&#8220;][\/et_pb_contact_field][et_pb_contact_field field_id=&#8220;position&#8220; field_title=&#8220;Position&#8220; required_mark=&#8220;off&#8220; _builder_version=&#8220;4.9.3&#8243; button_text_size__hover_enabled=&#8220;off&#8220; button_one_text_size__hover_enabled=&#8220;off&#8220; button_two_text_size__hover_enabled=&#8220;off&#8220; button_text_color__hover_enabled=&#8220;off&#8220; button_one_text_color__hover_enabled=&#8220;off&#8220; button_two_text_color__hover_enabled=&#8220;off&#8220; button_border_width__hover_enabled=&#8220;off&#8220; button_one_border_width__hover_enabled=&#8220;off&#8220; button_two_border_width__hover_enabled=&#8220;off&#8220; button_border_color__hover_enabled=&#8220;off&#8220; button_one_border_color__hover_enabled=&#8220;off&#8220; button_two_border_color__hover_enabled=&#8220;off&#8220; button_border_radius__hover_enabled=&#8220;off&#8220; button_one_border_radius__hover_enabled=&#8220;off&#8220; button_two_border_radius__hover_enabled=&#8220;off&#8220; button_letter_spacing__hover_enabled=&#8220;off&#8220; button_one_letter_spacing__hover_enabled=&#8220;off&#8220; button_two_letter_spacing__hover_enabled=&#8220;off&#8220; button_bg_color__hover_enabled=&#8220;off&#8220; button_one_bg_color__hover_enabled=&#8220;off&#8220; button_two_bg_color__hover_enabled=&#8220;off&#8220;][\/et_pb_contact_field][et_pb_contact_field field_id=&#8220;company&#8220; field_title=&#8220;Unternehmen *&#8220; _builder_version=&#8220;4.9.3&#8243; button_text_size__hover_enabled=&#8220;off&#8220; button_one_text_size__hover_enabled=&#8220;off&#8220; button_two_text_size__hover_enabled=&#8220;off&#8220; button_text_color__hover_enabled=&#8220;off&#8220; button_one_text_color__hover_enabled=&#8220;off&#8220; button_two_text_color__hover_enabled=&#8220;off&#8220; button_border_width__hover_enabled=&#8220;off&#8220; button_one_border_width__hover_enabled=&#8220;off&#8220; button_two_border_width__hover_enabled=&#8220;off&#8220; button_border_color__hover_enabled=&#8220;off&#8220; button_one_border_color__hover_enabled=&#8220;off&#8220; button_two_border_color__hover_enabled=&#8220;off&#8220; button_border_radius__hover_enabled=&#8220;off&#8220; button_one_border_radius__hover_enabled=&#8220;off&#8220; button_two_border_radius__hover_enabled=&#8220;off&#8220; button_letter_spacing__hover_enabled=&#8220;off&#8220; button_one_letter_spacing__hover_enabled=&#8220;off&#8220; button_two_letter_spacing__hover_enabled=&#8220;off&#8220; button_bg_color__hover_enabled=&#8220;off&#8220; button_one_bg_color__hover_enabled=&#8220;off&#8220; button_two_bg_color__hover_enabled=&#8220;off&#8220;][\/et_pb_contact_field][et_pb_contact_field field_id=&#8220;Email&#8220; field_title=&#8220;E-Mail-Adresse *&#8220; field_type=&#8220;email&#8220; _builder_version=&#8220;4.9.3&#8243; button_text_size__hover_enabled=&#8220;off&#8220; button_one_text_size__hover_enabled=&#8220;off&#8220; button_two_text_size__hover_enabled=&#8220;off&#8220; button_text_color__hover_enabled=&#8220;off&#8220; button_one_text_color__hover_enabled=&#8220;off&#8220; button_two_text_color__hover_enabled=&#8220;off&#8220; button_border_width__hover_enabled=&#8220;off&#8220; button_one_border_width__hover_enabled=&#8220;off&#8220; button_two_border_width__hover_enabled=&#8220;off&#8220; button_border_color__hover_enabled=&#8220;off&#8220; button_one_border_color__hover_enabled=&#8220;off&#8220; button_two_border_color__hover_enabled=&#8220;off&#8220; button_border_radius__hover_enabled=&#8220;off&#8220; button_one_border_radius__hover_enabled=&#8220;off&#8220; button_two_border_radius__hover_enabled=&#8220;off&#8220; button_letter_spacing__hover_enabled=&#8220;off&#8220; button_one_letter_spacing__hover_enabled=&#8220;off&#8220; button_two_letter_spacing__hover_enabled=&#8220;off&#8220; button_bg_color__hover_enabled=&#8220;off&#8220; button_one_bg_color__hover_enabled=&#8220;off&#8220; button_two_bg_color__hover_enabled=&#8220;off&#8220;][\/et_pb_contact_field][et_pb_contact_field field_id=&#8220;Message&#8220; field_title=&#8220;Nachricht *&#8220; field_type=&#8220;text&#8220; fullwidth_field=&#8220;on&#8220; _builder_version=&#8220;4.9.3&#8243; button_text_size__hover_enabled=&#8220;off&#8220; button_one_text_size__hover_enabled=&#8220;off&#8220; button_two_text_size__hover_enabled=&#8220;off&#8220; button_text_color__hover_enabled=&#8220;off&#8220; button_one_text_color__hover_enabled=&#8220;off&#8220; button_two_text_color__hover_enabled=&#8220;off&#8220; button_border_width__hover_enabled=&#8220;off&#8220; button_one_border_width__hover_enabled=&#8220;off&#8220; button_two_border_width__hover_enabled=&#8220;off&#8220; button_border_color__hover_enabled=&#8220;off&#8220; button_one_border_color__hover_enabled=&#8220;off&#8220; button_two_border_color__hover_enabled=&#8220;off&#8220; button_border_radius__hover_enabled=&#8220;off&#8220; button_one_border_radius__hover_enabled=&#8220;off&#8220; button_two_border_radius__hover_enabled=&#8220;off&#8220; button_letter_spacing__hover_enabled=&#8220;off&#8220; button_one_letter_spacing__hover_enabled=&#8220;off&#8220; button_two_letter_spacing__hover_enabled=&#8220;off&#8220; button_bg_color__hover_enabled=&#8220;off&#8220; button_one_bg_color__hover_enabled=&#8220;off&#8220; button_two_bg_color__hover_enabled=&#8220;off&#8220;][\/et_pb_contact_field][\/et_pb_contact_form][\/et_pb_column][\/et_pb_row][\/et_pb_section]<\/p>\n<span class=\"et_bloom_bottom_trigger\"><\/span>","protected":false},"excerpt":{"rendered":"<p>Besprechungsraum led Wand Verbessern Sie Ihr Unternehmensumfeld&nbsp; (1) Fine-Pitch-LED-Anzeigen f\u00fcr Unternehmen werden haupts\u00e4chlich in Sitzungss\u00e4len (ca. 70%), Ausstellungsr\u00e4umen und Lobbys verwendet. LED-W\u00e4nde, die in Sitzungss\u00e4len und Ausstellungsr\u00e4umen verwendet werden, laufen in der Regel mit einer Helligkeit von 30 % oder weniger; ein feineres Grau, um hohe Graustufen bei schlechten Lichtverh\u00e4ltnissen zu erreichen, ist entscheidend. Bei [&hellip;]<\/p>\n","protected":false},"author":1,"featured_media":0,"parent":0,"menu_order":0,"comment_status":"closed","ping_status":"closed","template":"","meta":{"_et_pb_use_builder":"on","_et_pb_old_content":"","_et_gb_content_width":"","footnotes":""},"class_list":["post-21848","page","type-page","status-publish","hentry"],"aioseo_notices":[],"_links":{"self":[{"href":"https:\/\/vision-pi.net\/de\/wp-json\/wp\/v2\/pages\/21848","targetHints":{"allow":["GET"]}}],"collection":[{"href":"https:\/\/vision-pi.net\/de\/wp-json\/wp\/v2\/pages"}],"about":[{"href":"https:\/\/vision-pi.net\/de\/wp-json\/wp\/v2\/types\/page"}],"author":[{"embeddable":true,"href":"https:\/\/vision-pi.net\/de\/wp-json\/wp\/v2\/users\/1"}],"replies":[{"embeddable":true,"href":"https:\/\/vision-pi.net\/de\/wp-json\/wp\/v2\/comments?post=21848"}],"version-history":[{"count":0,"href":"https:\/\/vision-pi.net\/de\/wp-json\/wp\/v2\/pages\/21848\/revisions"}],"wp:attachment":[{"href":"https:\/\/vision-pi.net\/de\/wp-json\/wp\/v2\/media?parent=21848"}],"curies":[{"name":"wp","href":"https:\/\/api.w.org\/{rel}","templated":true}]}}