{"id":23099,"date":"2021-03-17T12:34:31","date_gmt":"2021-03-17T04:34:31","guid":{"rendered":"https:\/\/vision-pi.net\/tournee\/"},"modified":"2025-11-25T11:48:05","modified_gmt":"2025-11-25T03:48:05","slug":"tournee","status":"publish","type":"page","link":"https:\/\/vision-pi.net\/de\/tournee\/","title":{"rendered":"Tournee"},"content":{"rendered":"<p>[et_pb_section fb_built=&#8220;1&#8243; fullwidth=&#8220;on&#8220; _builder_version=&#8220;4.20.2&#8243; _module_preset=&#8220;default&#8220; hover_enabled=&#8220;0&#8243; global_colors_info=&#8220;{}&#8220; alt=&#8220;product&#8220; title_text=&#8220;touring staging visionpi&#8220; background_image=&#8220;https:\/\/vision-pi.net\/wp-content\/uploads\/2021\/03\/touring-staging-visionpi.jpeg&#8220; sticky_enabled=&#8220;0&#8243; custom_padding=&#8220;0px||486px|||&#8220;][\/et_pb_section][et_pb_section fb_built=&#8220;1&#8243; admin_label=&#8220;\u90e8\u5206&#8220; _builder_version=&#8220;4.16&#8243; _module_preset=&#8220;default&#8220; min_height=&#8220;30px&#8220; custom_padding=&#8220;48px||36px|||&#8220; global_colors_info=&#8220;{}&#8220;][et_pb_row _builder_version=&#8220;4.16&#8243; _module_preset=&#8220;default&#8220; custom_margin=&#8220;|auto|-12px|auto||&#8220; global_colors_info=&#8220;{}&#8220;][et_pb_column type=&#8220;4_4&#8243; _builder_version=&#8220;4.16&#8243; _module_preset=&#8220;default&#8220; global_colors_info=&#8220;{}&#8220;][et_pb_text _builder_version=&#8220;4.16&#8243; _module_preset=&#8220;default&#8220; header_font=&#8220;Montserrat|700||on|||||&#8220; custom_margin=&#8220;-19px|||||&#8220; global_colors_info=&#8220;{}&#8220;]<\/p>\n<h1 style=\"text-align: center;\">VISIONPI-L\u00d6SUNGEN<\/h1>\n<p>&nbsp;<\/p>\n<h4 class=\"is-h3\" style=\"text-align: center;\">Innovative, zukunftsorientierte Unternehmen verlassen sich auf VISIONPI, wenn es um erstklassige LED-Produkte geht.<\/h4>\n<p>[\/et_pb_text][\/et_pb_column][\/et_pb_row][\/et_pb_section][et_pb_section fb_built=&#8220;1&#8243; _builder_version=&#8220;4.16&#8243; _module_preset=&#8220;default&#8220; custom_margin=&#8220;-20px|||||&#8220; global_colors_info=&#8220;{}&#8220;][et_pb_row column_structure=&#8220;1_6,1_6,1_6,1_6,1_6,1_6&#8243; use_custom_gutter=&#8220;on&#8220; _builder_version=&#8220;4.16&#8243; _module_preset=&#8220;default&#8220; background_color=&#8220;#000000&#8243; min_height=&#8220;86.6px&#8220; custom_padding=&#8220;|75px|||false|false&#8220; border_radii=&#8220;on|21px|21px|21px|21px&#8220; global_colors_info=&#8220;{}&#8220; width__hover_enabled=&#8220;on|desktop&#8220;][et_pb_column type=&#8220;1_6&#8243; _builder_version=&#8220;4.16&#8243; _module_preset=&#8220;default&#8220; global_colors_info=&#8220;{}&#8220;][et_pb_button button_url=&#8220;http:\/\/vision-pi.net\/product\/&#8220; button_text=&#8220;Alle&#8220; button_alignment=&#8220;center&#8220; _builder_version=&#8220;4.16&#8243; _module_preset=&#8220;default&#8220; custom_button=&#8220;on&#8220; button_text_color=&#8220;#FFFFFF&#8220; button_bg_color=&#8220;#000000&#8243; button_border_color=&#8220;RGBA(0,0,0,0)&#8220; button_border_radius=&#8220;30px&#8220; button_letter_spacing=&#8220;0px&#8220; global_colors_info=&#8220;{}&#8220; button_bg_color__hover=&#8220;#a3a3a3&#8243; button_bg_color__hover_enabled=&#8220;on|hover&#8220; button_bg_enable_color__hover=&#8220;on&#8220;][\/et_pb_button][\/et_pb_column][et_pb_column type=&#8220;1_6&#8243; _builder_version=&#8220;4.16&#8243; _module_preset=&#8220;default&#8220; global_colors_info=&#8220;{}&#8220;][et_pb_button button_url=&#8220;http:\/\/vision-pi.net\/product-dooh&#8220; button_text=&#8220;DOOH  &#8220; button_alignment=&#8220;center&#8220; _builder_version=&#8220;4.16&#8243; _module_preset=&#8220;default&#8220; custom_button=&#8220;on&#8220; button_text_color=&#8220;#FFFFFF&#8220; button_bg_color=&#8220;#000000&#8243; button_border_color=&#8220;RGBA(0,0,0,0)&#8220; button_border_radius=&#8220;30px&#8220; button_letter_spacing=&#8220;0px&#8220; global_colors_info=&#8220;{}&#8220; button_bg_color__hover_enabled=&#8220;on|hover&#8220; button_bg_color__hover=&#8220;#a3a3a3&#8243; button_bg_enable_color__hover=&#8220;on&#8220;][\/et_pb_button][\/et_pb_column][et_pb_column type=&#8220;1_6&#8243; _builder_version=&#8220;4.16&#8243; _module_preset=&#8220;default&#8220; global_colors_info=&#8220;{}&#8220;][et_pb_button button_url=&#8220;http:\/\/vision-pi.net\/product-touring&#8220; button_text=&#8220;Tournee&#8220; button_alignment=&#8220;center&#8220; _builder_version=&#8220;4.16&#8243; _module_preset=&#8220;default&#8220; custom_button=&#8220;on&#8220; button_text_color=&#8220;#FFFFFF&#8220; button_bg_color=&#8220;#E09900&#8243; button_border_color=&#8220;RGBA(0,0,0,0)&#8220; button_border_radius=&#8220;30px&#8220; button_letter_spacing=&#8220;0px&#8220; global_colors_info=&#8220;{}&#8220; button_bg_color__hover_enabled=&#8220;on|hover&#8220; button_bg_color__hover=&#8220;#E09900&#8243; button_bg_enable_color__hover=&#8220;on&#8220;][\/et_pb_button][\/et_pb_column][et_pb_column type=&#8220;1_6&#8243; _builder_version=&#8220;4.16&#8243; _module_preset=&#8220;default&#8220; global_colors_info=&#8220;{}&#8220;][et_pb_button button_url=&#8220;http:\/\/vision-pi.net\/product-directview&#8220; button_text=&#8220;Direktansicht&#8220; button_alignment=&#8220;center&#8220; _builder_version=&#8220;4.16&#8243; _module_preset=&#8220;default&#8220; custom_button=&#8220;on&#8220; button_text_color=&#8220;#FFFFFF&#8220; button_bg_color=&#8220;#000000&#8243; button_border_color=&#8220;RGBA(0,0,0,0)&#8220; button_border_radius=&#8220;30px&#8220; button_letter_spacing=&#8220;0px&#8220; global_colors_info=&#8220;{}&#8220; button_bg_color__hover=&#8220;#a3a3a3&#8243; button_bg_color__hover_enabled=&#8220;on|hover&#8220;][\/et_pb_button][\/et_pb_column][et_pb_column type=&#8220;1_6&#8243; _builder_version=&#8220;4.16&#8243; _module_preset=&#8220;default&#8220; global_colors_info=&#8220;{}&#8220;][et_pb_button button_url=&#8220;http:\/\/vision-pi.net\/product-commercial&#8220; button_text=&#8220;Gewerblich&#8220; button_alignment=&#8220;center&#8220; _builder_version=&#8220;4.16&#8243; _module_preset=&#8220;default&#8220; custom_button=&#8220;on&#8220; button_text_color=&#8220;#FFFFFF&#8220; button_bg_color=&#8220;#000000&#8243; button_border_color=&#8220;RGBA(0,0,0,0)&#8220; button_border_radius=&#8220;30px&#8220; button_letter_spacing=&#8220;0px&#8220; global_colors_info=&#8220;{}&#8220; button_bg_color__hover=&#8220;#a3a3a3&#8243; button_bg_color__hover_enabled=&#8220;on|hover&#8220;][\/et_pb_button][\/et_pb_column][et_pb_column type=&#8220;1_6&#8243; _builder_version=&#8220;4.16&#8243; _module_preset=&#8220;default&#8220; global_colors_info=&#8220;{}&#8220;][et_pb_button button_url=&#8220;http:\/\/vision-pi.net\/product-customized&#8220; button_text=&#8220;Kundenspezifisch&#8220; button_alignment=&#8220;center&#8220; _builder_version=&#8220;4.16&#8243; _module_preset=&#8220;default&#8220; custom_button=&#8220;on&#8220; button_text_color=&#8220;#FFFFFF&#8220; button_bg_color=&#8220;#000000&#8243; button_border_color=&#8220;RGBA(0,0,0,0)&#8220; button_border_radius=&#8220;30px&#8220; button_letter_spacing=&#8220;0px&#8220; global_colors_info=&#8220;{}&#8220; button_bg_color__hover=&#8220;#a3a3a3&#8243; button_bg_color__hover_enabled=&#8220;on|hover&#8220;][\/et_pb_button][\/et_pb_column][\/et_pb_row][\/et_pb_section][et_pb_section fb_built=&#8220;1&#8243; _builder_version=&#8220;4.16&#8243; _module_preset=&#8220;default&#8220; custom_padding=&#8220;||10px|||&#8220; global_colors_info=&#8220;{}&#8220;][et_pb_row column_structure=&#8220;1_3,1_3,1_3&#8243; use_custom_gutter=&#8220;on&#8220; gutter_width=&#8220;1&#8243; _builder_version=&#8220;4.16&#8243; _module_preset=&#8220;default&#8220; width=&#8220;86%&#8220; max_width=&#8220;1184px&#8220; global_colors_info=&#8220;{}&#8220;][et_pb_column type=&#8220;1_3&#8243; _builder_version=&#8220;4.16&#8243; _module_preset=&#8220;default&#8220; global_colors_info=&#8220;{}&#8220;][et_pb_slider _builder_version=&#8220;4.16&#8243; _module_preset=&#8220;default&#8220; custom_padding=&#8220;||0px|||&#8220; link_option_url=&#8220;https:\/\/vision-pi.net\/product-transformer\/&#8220; global_colors_info=&#8220;{}&#8220; button_bg_enable_color__hover=&#8220;on&#8220;][et_pb_slide heading=&#8220;Transformer&#8220; button_text=&#8220;Mehr&#8220; button_link=&#8220;https:\/\/vision-pi.net\/de\/transformer\/&#8220; image=&#8220;http:\/\/vision-pi.net\/wp-content\/uploads\/2021\/03\/500500-rental.jpg&#8220; _builder_version=&#8220;4.16&#8243; _module_preset=&#8220;default&#8220; header_font=&#8220;|600|||||||&#8220; header_text_color=&#8220;#000000&#8243; header_font_size=&#8220;29px&#8220; body_font=&#8220;||||||||&#8220; body_text_align=&#8220;center&#8220; body_text_color=&#8220;#FFFFFF&#8220; body_line_height=&#8220;1.9em&#8220; background_color=&#8220;#fcfcfc&#8220; background_enable_color=&#8220;on&#8220; custom_button=&#8220;on&#8220; button_text_color=&#8220;#FFFFFF&#8220; button_bg_color=&#8220;#000000&#8243; button_border_width=&#8220;0px&#8220; button_border_color=&#8220;#FFFFFF&#8220; link_option_url=&#8220;https:\/\/vision-pi.net\/de\/transformer\/&#8220; global_colors_info=&#8220;{}&#8220; button_bg_color__hover_enabled=&#8220;on|hover&#8220; button_bg_color__hover=&#8220;#C6C6C6&#8243; button_bg_enable_color__hover=&#8220;on&#8220; sticky_transition=&#8220;on&#8220;]<span style=\"color: #000000;\">Die Transformer-Serie bietet eine LED-L\u00f6sung f\u00fcr Innenr\u00e4ume mit au\u00dfergew\u00f6hnlich lebendigen Farben. Die leichten Paneele lassen sich einfach aufh\u00e4ngen oder in flachen oder gebogenen Konfigurationen stapeln. &nbsp;<\/span>[\/et_pb_slide][\/et_pb_slider][\/et_pb_column][et_pb_column type=&#8220;1_3&#8243; _builder_version=&#8220;4.16&#8243; _module_preset=&#8220;default&#8220; global_colors_info=&#8220;{}&#8220;][et_pb_slider _builder_version=&#8220;4.16&#8243; _module_preset=&#8220;default&#8220; custom_padding=&#8220;||0px|||&#8220; link_option_url=&#8220;https:\/\/vision-pi.net\/product-visionpro\/&#8220; global_colors_info=&#8220;{}&#8220; button_bg_enable_color__hover=&#8220;on&#8220;][et_pb_slide heading=&#8220;Visionpro&#8220; button_text=&#8220;Mehr&#8220; button_link=&#8220;https:\/\/vision-pi.net\/product-visionpro\/&#8220; image=&#8220;https:\/\/vision-pi.net\/wp-content\/uploads\/2021\/03\/visionpro-rental-display-indoor-back-view.jpg&#8220; _builder_version=&#8220;4.16&#8243; _module_preset=&#8220;default&#8220; header_font=&#8220;|600|||||||&#8220; header_text_color=&#8220;#000000&#8243; header_font_size=&#8220;29px&#8220; body_font=&#8220;||||||||&#8220; body_text_align=&#8220;center&#8220; body_text_color=&#8220;#FFFFFF&#8220; body_line_height=&#8220;1.9em&#8220; background_color=&#8220;#fcfcfc&#8220; background_enable_color=&#8220;on&#8220; custom_button=&#8220;on&#8220; button_text_color=&#8220;#FFFFFF&#8220; button_bg_color=&#8220;#000000&#8243; button_border_width=&#8220;0px&#8220; button_border_color=&#8220;#FFFFFF&#8220; global_colors_info=&#8220;{}&#8220; button_bg_color__hover_enabled=&#8220;on|hover&#8220; button_bg_color__hover=&#8220;#C6C6C6&#8243; button_bg_enable_color__hover=&#8220;on&#8220; sticky_transition=&#8220;on&#8220;]<span style=\"color: #000000;\">Der Bau von LED-Bildschirmen f\u00fcr den Au\u00dfenbereich kann eine Herausforderung sein. Die LED-Panels der Visionpro-Serie wurden als schnell aufzubauende, windresistente LED-Bildschirml\u00f6sung entwickelt. <\/span>[\/et_pb_slide][\/et_pb_slider][\/et_pb_column][et_pb_column type=&#8220;1_3&#8243; _builder_version=&#8220;4.16&#8243; _module_preset=&#8220;default&#8220; global_colors_info=&#8220;{}&#8220;][et_pb_slider _builder_version=&#8220;4.16&#8243; _module_preset=&#8220;default&#8220; custom_padding=&#8220;||0px|||&#8220; link_option_url=&#8220;https:\/\/vision-pi.net\/product-panther\/&#8220; global_colors_info=&#8220;{}&#8220; button_bg_enable_color__hover=&#8220;on&#8220;][et_pb_slide heading=&#8220;Panther&#8220; button_text=&#8220;Mehr&#8220; button_link=&#8220;https:\/\/vision-pi.net\/product-panther\/&#8220; image=&#8220;https:\/\/vision-pi.net\/wp-content\/uploads\/2021\/04\/black-panther-rental-led-video-wall-.jpg&#8220; _builder_version=&#8220;4.16&#8243; _module_preset=&#8220;default&#8220; header_font=&#8220;|600|||||||&#8220; header_text_color=&#8220;#000000&#8243; header_font_size=&#8220;29px&#8220; body_font=&#8220;||||||||&#8220; body_text_align=&#8220;center&#8220; body_text_color=&#8220;#FFFFFF&#8220; body_line_height=&#8220;1.9em&#8220; background_color=&#8220;#fcfcfc&#8220; background_enable_color=&#8220;on&#8220; custom_button=&#8220;on&#8220; button_text_color=&#8220;#FFFFFF&#8220; button_bg_color=&#8220;#000000&#8243; button_border_width=&#8220;0px&#8220; button_border_color=&#8220;#FFFFFF&#8220; link_option_url=&#8220;https:\/\/vision-pi.net\/product-panther\/&#8220; global_colors_info=&#8220;{}&#8220; button_bg_color__hover_enabled=&#8220;on|hover&#8220; button_bg_color__hover=&#8220;#C6C6C6&#8243; button_bg_enable_color__hover=&#8220;on&#8220; sticky_transition=&#8220;on&#8220;]<span style=\"color: #000000;\">Panther ist eine kosteneffiziente L\u00f6sung f\u00fcr Veranstaltungen im Innen- und Au\u00dfenbereich mit echtem Schwarzlicht und einer Bildwiederholfrequenz von 3840 Hz. Das redundante Design sorgt f\u00fcr fehlerfreie Live-Events.<\/span>[\/et_pb_slide][\/et_pb_slider][\/et_pb_column][\/et_pb_row][\/et_pb_section][et_pb_section fb_built=&#8220;1&#8243; admin_label=&#8220;Promo Section&#8220; _builder_version=&#8220;4.16&#8243; background_color=&#8220;rgba(0,0,0,0.5)&#8220; background_image=&#8220;https:\/\/vision-pi.net\/wp-content\/uploads\/2021\/03\/Desktop.639413ac.vanish_wrestle_mania_2017.jpg&#8220; background_blend=&#8220;color&#8220; custom_padding=&#8220;35px||35px||true|&#8220; global_colors_info=&#8220;{}&#8220;][et_pb_row _builder_version=&#8220;4.16&#8243; _module_preset=&#8220;default&#8220; module_alignment=&#8220;center&#8220; global_colors_info=&#8220;{}&#8220;][et_pb_column type=&#8220;4_4&#8243; _builder_version=&#8220;4.16&#8243; _module_preset=&#8220;default&#8220; global_colors_info=&#8220;{}&#8220;][et_pb_text _builder_version=&#8220;4.16&#8243; _module_preset=&#8220;default&#8220; header_font=&#8220;|800||on|||||&#8220; header_font_size=&#8220;21px&#8220; custom_margin=&#8220;||-5px|||&#8220; custom_padding=&#8220;8px|||||&#8220; global_colors_info=&#8220;{}&#8220;]<\/p>\n<h1 style=\"text-align: center;\"><span style=\"color: #ffffff;\">PRICE OF RENTL LED DISPLAY erhalten<\/span><\/h1>\n<p style=\"text-align: center;\"><span style=\"color: #ffffff;\"><span><strong>Wir sind leidenschaftlich daran interessiert, Ihnen die bestm\u00f6glichen Service<\/strong><\/span><strong>s<\/strong> zu bieten.<\/span><\/p>\n<p>[\/et_pb_text][\/et_pb_column][\/et_pb_row][et_pb_row _builder_version=&#8220;4.16&#8243; _module_preset=&#8220;default&#8220; module_alignment=&#8220;center&#8220; global_colors_info=&#8220;{}&#8220;][et_pb_column type=&#8220;4_4&#8243; _builder_version=&#8220;4.16&#8243; _module_preset=&#8220;default&#8220; global_colors_info=&#8220;{}&#8220;][et_pb_contact_form captcha=&#8220;off&#8220; email=&#8220;lucas@vision-pi.com,ledscreenlukas@gmail.com,william@vision-pi.net&#8220; use_redirect=&#8220;on&#8220; redirect_url=&#8220;https:\/\/vision-pi.net\/de\/danke-dass-sie-uns-erreicht-haben\/&#8220; success_message=&#8220;Erfolg! &#8220; submit_button_text=&#8220;Senden&#8220; _builder_version=&#8220;4.16&#8243; _module_preset=&#8220;default&#8220; _unique_id=&#8220;f5507e5d-445a-4ea2-9019-9b6e6b64e78c&#8220; form_field_line_height=&#8220;1.1em&#8220; custom_button=&#8220;on&#8220; button_text_size=&#8220;18px&#8220; button_text_color=&#8220;#FFFFFF&#8220; button_border_color=&#8220;#E09900&#8243; button_border_radius=&#8220;37px&#8220; width=&#8220;70%&#8220; max_width=&#8220;100%&#8220; module_alignment=&#8220;center&#8220; custom_margin=&#8220;|||11px||&#8220; global_colors_info=&#8220;{}&#8220; button_bg_color__hover_enabled=&#8220;on|hover&#8220; button_bg_color__hover=&#8220;#E09900&#8243; button_bg_enable_color__hover=&#8220;on&#8220;][et_pb_contact_field field_id=&#8220;Name&#8220; field_title=&#8220;Vollst\u00e4ndiger Name *&#8220; _builder_version=&#8220;4.16&#8243; global_colors_info=&#8220;{}&#8220; button_text_size__hover_enabled=&#8220;off&#8220; button_one_text_size__hover_enabled=&#8220;off&#8220; button_two_text_size__hover_enabled=&#8220;off&#8220; button_text_color__hover_enabled=&#8220;off&#8220; button_one_text_color__hover_enabled=&#8220;off&#8220; button_two_text_color__hover_enabled=&#8220;off&#8220; button_border_width__hover_enabled=&#8220;off&#8220; button_one_border_width__hover_enabled=&#8220;off&#8220; button_two_border_width__hover_enabled=&#8220;off&#8220; button_border_color__hover_enabled=&#8220;off&#8220; button_one_border_color__hover_enabled=&#8220;off&#8220; button_two_border_color__hover_enabled=&#8220;off&#8220; button_border_radius__hover_enabled=&#8220;off&#8220; button_one_border_radius__hover_enabled=&#8220;off&#8220; button_two_border_radius__hover_enabled=&#8220;off&#8220; button_letter_spacing__hover_enabled=&#8220;off&#8220; button_one_letter_spacing__hover_enabled=&#8220;off&#8220; button_two_letter_spacing__hover_enabled=&#8220;off&#8220; button_bg_color__hover_enabled=&#8220;off&#8220; button_one_bg_color__hover_enabled=&#8220;off&#8220; button_two_bg_color__hover_enabled=&#8220;off&#8220;][\/et_pb_contact_field][et_pb_contact_field field_id=&#8220;position&#8220; field_title=&#8220;Position&#8220; required_mark=&#8220;off&#8220; _builder_version=&#8220;4.16&#8243; global_colors_info=&#8220;{}&#8220; button_text_size__hover_enabled=&#8220;off&#8220; button_one_text_size__hover_enabled=&#8220;off&#8220; button_two_text_size__hover_enabled=&#8220;off&#8220; button_text_color__hover_enabled=&#8220;off&#8220; button_one_text_color__hover_enabled=&#8220;off&#8220; button_two_text_color__hover_enabled=&#8220;off&#8220; button_border_width__hover_enabled=&#8220;off&#8220; button_one_border_width__hover_enabled=&#8220;off&#8220; button_two_border_width__hover_enabled=&#8220;off&#8220; button_border_color__hover_enabled=&#8220;off&#8220; button_one_border_color__hover_enabled=&#8220;off&#8220; button_two_border_color__hover_enabled=&#8220;off&#8220; button_border_radius__hover_enabled=&#8220;off&#8220; button_one_border_radius__hover_enabled=&#8220;off&#8220; button_two_border_radius__hover_enabled=&#8220;off&#8220; button_letter_spacing__hover_enabled=&#8220;off&#8220; button_one_letter_spacing__hover_enabled=&#8220;off&#8220; button_two_letter_spacing__hover_enabled=&#8220;off&#8220; button_bg_color__hover_enabled=&#8220;off&#8220; button_one_bg_color__hover_enabled=&#8220;off&#8220; button_two_bg_color__hover_enabled=&#8220;off&#8220;][\/et_pb_contact_field][et_pb_contact_field field_id=&#8220;company&#8220; field_title=&#8220;Unternehmen *&#8220; _builder_version=&#8220;4.16&#8243; global_colors_info=&#8220;{}&#8220; button_text_size__hover_enabled=&#8220;off&#8220; button_one_text_size__hover_enabled=&#8220;off&#8220; button_two_text_size__hover_enabled=&#8220;off&#8220; button_text_color__hover_enabled=&#8220;off&#8220; button_one_text_color__hover_enabled=&#8220;off&#8220; button_two_text_color__hover_enabled=&#8220;off&#8220; button_border_width__hover_enabled=&#8220;off&#8220; button_one_border_width__hover_enabled=&#8220;off&#8220; button_two_border_width__hover_enabled=&#8220;off&#8220; button_border_color__hover_enabled=&#8220;off&#8220; button_one_border_color__hover_enabled=&#8220;off&#8220; button_two_border_color__hover_enabled=&#8220;off&#8220; button_border_radius__hover_enabled=&#8220;off&#8220; button_one_border_radius__hover_enabled=&#8220;off&#8220; button_two_border_radius__hover_enabled=&#8220;off&#8220; button_letter_spacing__hover_enabled=&#8220;off&#8220; button_one_letter_spacing__hover_enabled=&#8220;off&#8220; button_two_letter_spacing__hover_enabled=&#8220;off&#8220; button_bg_color__hover_enabled=&#8220;off&#8220; button_one_bg_color__hover_enabled=&#8220;off&#8220; button_two_bg_color__hover_enabled=&#8220;off&#8220;][\/et_pb_contact_field][et_pb_contact_field field_id=&#8220;Email&#8220; field_title=&#8220;E-Mail-Adresse *&#8220; field_type=&#8220;email&#8220; _builder_version=&#8220;4.16&#8243; global_colors_info=&#8220;{}&#8220; button_text_size__hover_enabled=&#8220;off&#8220; button_one_text_size__hover_enabled=&#8220;off&#8220; button_two_text_size__hover_enabled=&#8220;off&#8220; button_text_color__hover_enabled=&#8220;off&#8220; button_one_text_color__hover_enabled=&#8220;off&#8220; button_two_text_color__hover_enabled=&#8220;off&#8220; button_border_width__hover_enabled=&#8220;off&#8220; button_one_border_width__hover_enabled=&#8220;off&#8220; button_two_border_width__hover_enabled=&#8220;off&#8220; button_border_color__hover_enabled=&#8220;off&#8220; button_one_border_color__hover_enabled=&#8220;off&#8220; button_two_border_color__hover_enabled=&#8220;off&#8220; button_border_radius__hover_enabled=&#8220;off&#8220; button_one_border_radius__hover_enabled=&#8220;off&#8220; button_two_border_radius__hover_enabled=&#8220;off&#8220; button_letter_spacing__hover_enabled=&#8220;off&#8220; button_one_letter_spacing__hover_enabled=&#8220;off&#8220; button_two_letter_spacing__hover_enabled=&#8220;off&#8220; button_bg_color__hover_enabled=&#8220;off&#8220; button_one_bg_color__hover_enabled=&#8220;off&#8220; button_two_bg_color__hover_enabled=&#8220;off&#8220;][\/et_pb_contact_field][et_pb_contact_field field_id=&#8220;Message&#8220; field_title=&#8220;Nachricht *&#8220; field_type=&#8220;text&#8220; fullwidth_field=&#8220;on&#8220; _builder_version=&#8220;4.16&#8243; global_colors_info=&#8220;{}&#8220; button_text_size__hover_enabled=&#8220;off&#8220; button_one_text_size__hover_enabled=&#8220;off&#8220; button_two_text_size__hover_enabled=&#8220;off&#8220; button_text_color__hover_enabled=&#8220;off&#8220; button_one_text_color__hover_enabled=&#8220;off&#8220; button_two_text_color__hover_enabled=&#8220;off&#8220; button_border_width__hover_enabled=&#8220;off&#8220; button_one_border_width__hover_enabled=&#8220;off&#8220; button_two_border_width__hover_enabled=&#8220;off&#8220; button_border_color__hover_enabled=&#8220;off&#8220; button_one_border_color__hover_enabled=&#8220;off&#8220; button_two_border_color__hover_enabled=&#8220;off&#8220; button_border_radius__hover_enabled=&#8220;off&#8220; button_one_border_radius__hover_enabled=&#8220;off&#8220; button_two_border_radius__hover_enabled=&#8220;off&#8220; button_letter_spacing__hover_enabled=&#8220;off&#8220; button_one_letter_spacing__hover_enabled=&#8220;off&#8220; button_two_letter_spacing__hover_enabled=&#8220;off&#8220; button_bg_color__hover_enabled=&#8220;off&#8220; button_one_bg_color__hover_enabled=&#8220;off&#8220; button_two_bg_color__hover_enabled=&#8220;off&#8220;][\/et_pb_contact_field][\/et_pb_contact_form][\/et_pb_column][\/et_pb_row][\/et_pb_section]<\/p>\n<span class=\"et_bloom_bottom_trigger\"><\/span>","protected":false},"excerpt":{"rendered":"<p>VISIONPI-L\u00d6SUNGEN &nbsp; Innovative, zukunftsorientierte Unternehmen verlassen sich auf VISIONPI, wenn es um erstklassige LED-Produkte geht.Die Transformer-Serie bietet eine LED-L\u00f6sung f\u00fcr Innenr\u00e4ume mit au\u00dfergew\u00f6hnlich lebendigen Farben. Die leichten Paneele lassen sich einfach aufh\u00e4ngen oder in flachen oder gebogenen Konfigurationen stapeln. &nbsp;Der Bau von LED-Bildschirmen f\u00fcr den Au\u00dfenbereich kann eine Herausforderung sein. Die LED-Panels der Visionpro-Serie wurden [&hellip;]<\/p>\n","protected":false},"author":1,"featured_media":0,"parent":0,"menu_order":0,"comment_status":"closed","ping_status":"closed","template":"","meta":{"_et_pb_use_builder":"on","_et_pb_old_content":"","_et_gb_content_width":"","footnotes":""},"class_list":["post-23099","page","type-page","status-publish","hentry"],"aioseo_notices":[],"_links":{"self":[{"href":"https:\/\/vision-pi.net\/de\/wp-json\/wp\/v2\/pages\/23099","targetHints":{"allow":["GET"]}}],"collection":[{"href":"https:\/\/vision-pi.net\/de\/wp-json\/wp\/v2\/pages"}],"about":[{"href":"https:\/\/vision-pi.net\/de\/wp-json\/wp\/v2\/types\/page"}],"author":[{"embeddable":true,"href":"https:\/\/vision-pi.net\/de\/wp-json\/wp\/v2\/users\/1"}],"replies":[{"embeddable":true,"href":"https:\/\/vision-pi.net\/de\/wp-json\/wp\/v2\/comments?post=23099"}],"version-history":[{"count":0,"href":"https:\/\/vision-pi.net\/de\/wp-json\/wp\/v2\/pages\/23099\/revisions"}],"wp:attachment":[{"href":"https:\/\/vision-pi.net\/de\/wp-json\/wp\/v2\/media?parent=23099"}],"curies":[{"name":"wp","href":"https:\/\/api.w.org\/{rel}","templated":true}]}}