{"id":20972,"date":"2021-03-30T17:53:16","date_gmt":"2021-03-30T09:53:16","guid":{"rendered":"https:\/\/vision-pi.net\/garantia\/"},"modified":"2025-11-19T11:42:32","modified_gmt":"2025-11-19T03:42:32","slug":"garantia","status":"publish","type":"page","link":"https:\/\/vision-pi.net\/es\/garantia\/","title":{"rendered":"Garant\u00eda"},"content":{"rendered":"<p>[et_pb_section fb_built=\u00bb1&#8243; fullwidth=\u00bbon\u00bb _builder_version=\u00bb4.16&#8243; _module_preset=\u00bbdefault\u00bb global_colors_info=\u00bb{}\u00bb][et_pb_fullwidth_slider _builder_version=\u00bb4.16&#8243; _module_preset=\u00bbdefault\u00bb background_image=\u00bbhttps:\/\/vision-pi.net\/wp-content\/uploads\/2021\/04\/warranty-time-led-display-visionpi.jpg\u00bb global_colors_info=\u00bb{}\u00bb min_height=\u00bb671.9px\u00bb][et_pb_slide _builder_version=\u00bb4.16&#8243; _module_preset=\u00bbdefault\u00bb global_colors_info=\u00bb{}\u00bb sticky_transition=\u00bbon\u00bb][\/et_pb_slide][\/et_pb_fullwidth_slider][\/et_pb_section][et_pb_section fb_built=\u00bb1&#8243; _builder_version=\u00bb4.16&#8243; _module_preset=\u00bbdefault\u00bb global_colors_info=\u00bb{}\u00bb min_height=\u00bb322.2px\u00bb][et_pb_row column_structure=\u00bb1_2,1_2&#8243; _builder_version=\u00bb4.16&#8243; custom_padding=\u00bb30px|||||\u00bb locked=\u00bboff\u00bb global_colors_info=\u00bb{}\u00bb][et_pb_column type=\u00bb1_2&#8243; _builder_version=\u00bb4.16&#8243; custom_padding=\u00bb|||\u00bb global_colors_info=\u00bb{}\u00bb custom_padding__hover=\u00bb|||\u00bb][et_pb_cta title=\u00bbEmpecemos\u00bb button_url=\u00bbhttps:\/\/vision-pi.net\/es\/preguntas-frecuentes\/\u00bb button_text=\u00bbPreguntas frecuentes\u00bb _builder_version=\u00bb4.16&#8243; header_font=\u00bbKhand|700||on|||||\u00bb header_text_color=\u00bb#ffffff\u00bb header_font_size=\u00bb60px\u00bb header_line_height=\u00bb1.2em\u00bb body_font=\u00bb|600|||||||\u00bb body_text_align=\u00bbleft\u00bb body_line_height=\u00bb2em\u00bb use_background_color=\u00bboff\u00bb use_background_color_gradient=\u00bbon\u00bb background_color_gradient_stops=\u00bb#e09900 0%|#e09900 100%\u00bb background_color_gradient_overlays_image=\u00bbon\u00bb background_color_gradient_start=\u00bb#e09900&#8243; background_color_gradient_end=\u00bb#e09900&#8243; background_image=\u00bbhttp:\/\/vision-pi.net\/wp-content\/uploads\/2021\/03\/mechanic-05.jpg\u00bb custom_button=\u00bbon\u00bb button_text_size=\u00bb14px\u00bb button_text_color=\u00bb#E09900&#8243; button_bg_color=\u00bb#ffffff\u00bb button_border_width=\u00bb10px\u00bb button_border_color=\u00bbrgba(0,0,0,0)\u00bb button_border_radius=\u00bb0px\u00bb button_letter_spacing=\u00bb3px\u00bb button_font=\u00bb|700||on|||||\u00bb button_icon=\u00bb&#x45;||divi||400&#8243; button_on_hover=\u00bboff\u00bb custom_margin_last_edited=\u00bboff|tablet\u00bb custom_padding=\u00bb120px|80px|80px|80px|false|true\u00bb custom_padding_tablet=\u00bb40px|40px|40px|40px|true|true\u00bb custom_padding_phone=\u00bb\u00bb custom_padding_last_edited=\u00bbon|phone\u00bb header_font_size_tablet=\u00bb40px\u00bb header_font_size_phone=\u00bb30px\u00bb header_font_size_last_edited=\u00bbon|desktop\u00bb border_radii=\u00bbon|4px|4px|4px|4px\u00bb box_shadow_style=\u00bbpreset2&#8243; box_shadow_vertical=\u00bb28px\u00bb box_shadow_blur=\u00bb40px\u00bb box_shadow_color=\u00bbrgba(0,0,0,0.1)\u00bb locked=\u00bboff\u00bb global_colors_info=\u00bb{}\u00bb button_bg_color__hover=\u00bbrgba(255,255,255,0.9)\u00bb button_bg_color__hover_enabled=\u00bbon\u00bb]<\/p>\n<p style=\"text-align: center;\"> PREGUNTAS FRECUENTES<br \/>\u00bfTiene preguntas? Encuentre sus respuestas aqu\u00ed. <\/p>\n<p>[\/et_pb_cta][\/et_pb_column][et_pb_column type=\u00bb1_2&#8243; _builder_version=\u00bb4.16&#8243; custom_padding=\u00bb|||\u00bb global_colors_info=\u00bb{}\u00bb custom_padding__hover=\u00bb|||\u00bb][et_pb_text _builder_version=\u00bb4.16&#8243; text_font=\u00bb|600|||||||\u00bb text_line_height=\u00bb2em\u00bb header_font=\u00bb||||||||\u00bb header_2_font=\u00bbKhand|700||on|||||\u00bb header_2_font_size=\u00bb60px\u00bb header_2_line_height=\u00bb1.2em\u00bb custom_margin=\u00bb92px|||||\u00bb header_2_font_size_tablet=\u00bb40px\u00bb header_2_font_size_phone=\u00bb30px\u00bb header_2_font_size_last_edited=\u00bbon|desktop\u00bb locked=\u00bboff\u00bb global_colors_info=\u00bb{}\u00bb]<\/p>\n<h2>Pol\u00edtica de garant\u00eda<\/h2>\n<p>[\/et_pb_text][et_pb_divider color=\u00bb#E09900&#8243; divider_style=\u00bbdouble\u00bb divider_weight=\u00bb10px\u00bb _builder_version=\u00bb4.16&#8243; transform_skew=\u00bb-20deg|0deg\u00bb max_width=\u00bb100px\u00bb height=\u00bb10px\u00bb locked=\u00bboff\u00bb global_colors_info=\u00bb{}\u00bb][\/et_pb_divider][et_pb_text _builder_version=\u00bb4.23.1&#8243; text_font=\u00bb|600|||||||\u00bb text_line_height=\u00bb2em\u00bb header_font=\u00bb||||||||\u00bb header_2_font=\u00bbKhand|700||on|||||\u00bb header_2_font_size=\u00bb60px\u00bb header_2_line_height=\u00bb1.2em\u00bb hover_enabled=\u00bb0&#8243; header_2_font_size_tablet=\u00bb40px\u00bb header_2_font_size_phone=\u00bb30px\u00bb header_2_font_size_last_edited=\u00bbon|desktop\u00bb locked=\u00bboff\u00bb global_colors_info=\u00bb{}\u00bb sticky_enabled=\u00bb0&#8243;]<\/p>\n<p><strong>\u00c1mbito de la garant\u00eda<\/strong><br \/>Esta Pol\u00edtica de garant\u00eda se aplica a todos los productos de pantalla LED (en lo sucesivo, \u00abProductos\u00bb) adquiridos directamente a Shenzhen VISIONPI DISPLAY TECHNOLOGY Co.,Ltd. (en lo sucesivo, \u00abVISIONPI\u00bb). (en lo sucesivo, \u00abVISIONPI\u00bb) y dentro del Periodo de Garant\u00eda. Cualquier producto no adquirido directamente a VISIONPI no se aplica a esta Pol\u00edtica de Garant\u00eda.  <\/p>\n<p>[\/et_pb_text][\/et_pb_column][\/et_pb_row][\/et_pb_section][et_pb_section fb_built=\u00bb1&#8243; _builder_version=\u00bb4.16&#8243; _module_preset=\u00bbdefault\u00bb custom_padding=\u00bb25px|||||\u00bb global_colors_info=\u00bb{}\u00bb][et_pb_row _builder_version=\u00bb4.16&#8243; _module_preset=\u00bbdefault\u00bb global_colors_info=\u00bb{}\u00bb][et_pb_column type=\u00bb4_4&#8243; _builder_version=\u00bb4.16&#8243; _module_preset=\u00bbdefault\u00bb global_colors_info=\u00bb{}\u00bb][et_pb_accordion open_toggle_text_color=\u00bb#E09900&#8243; closed_toggle_text_color=\u00bb#E09900&#8243; closed_toggle_background_color=\u00bb#ffffff\u00bb icon_color=\u00bb#E09900&#8243; admin_label=\u00bbAccordion\u00bb _builder_version=\u00bb4.16&#8243; toggle_text_color=\u00bb#000000&#8243; toggle_font=\u00bb|700||on|||||\u00bb toggle_font_size=\u00bb14px\u00bb toggle_letter_spacing=\u00bb3px\u00bb toggle_line_height=\u00bb1.9em\u00bb body_font=\u00bb|600|||||||\u00bb body_line_height=\u00bb2em\u00bb custom_margin=\u00bb|||\u00bb custom_padding=\u00bb|||\u00bb toggle_font_size_tablet=\u00bb\u00bb toggle_font_size_phone=\u00bb12px\u00bb toggle_font_size_last_edited=\u00bbon|desktop\u00bb border_width_all=\u00bb0px\u00bb border_color_all=\u00bb#f71635&#8243; border_width_bottom=\u00bb2px\u00bb border_color_bottom=\u00bbrgba(0,0,0,0.1)\u00bb global_colors_info=\u00bb{}\u00bb][et_pb_accordion_item title=\u00bbServicio y plazo de garant\u00eda  \u00bb open_toggle_text_color=\u00bb#E09900&#8243; closed_toggle_text_color=\u00bb#E09900&#8243; closed_toggle_background_color=\u00bb#FFFFFF\u00bb _builder_version=\u00bb4.16&#8243; body_text_color=\u00bb#b7b7b7&#8243; custom_margin=\u00bb||0px\u00bb custom_padding=\u00bb30px|30px|30px|30px|true|true\u00bb global_colors_info=\u00bb{}\u00bb toggle_text_color=\u00bb#000000&#8243; open=\u00bbon\u00bb]<\/p>\n<p>Visionpi ofrece 3-5 a\u00f1os de garant\u00eda para todos los productos. Los productos deben instalarse y utilizarse siguiendo estrictamente las instrucciones de instalaci\u00f3n y las precauciones de uso indicadas en el manual del producto. VISIONPI reparar\u00e1 o sustituir\u00e1 la unidad si se comprueba que presenta defectos de fabricaci\u00f3n o materiales. La garant\u00eda no se extiende a los da\u00f1os resultantes de un mal uso, negligencia o abuso, o accidente.   <\/p>\n<div>\n<p>A continuaci\u00f3n encontrar\u00e1s una referencia r\u00e1pida para la distancia de visualizaci\u00f3n \u00f3ptima (la distancia a la que una imagen se ve n\u00edtida, sin pixelado) basada en el paso de p\u00edxel.<\/p>\n<\/div>\n<p>[\/et_pb_accordion_item][et_pb_accordion_item title=\u00bbServicio de garant\u00eda\u00bb open_toggle_text_color=\u00bb#E09900&#8243; closed_toggle_text_color=\u00bb#E09900&#8243; closed_toggle_background_color=\u00bb#FFFFFF\u00bb _builder_version=\u00bb4.16&#8243; body_text_color=\u00bb#b7b7b7&#8243; custom_margin=\u00bb||0px\u00bb custom_padding=\u00bb30px|30px|30px|30px|true|true\u00bb global_colors_info=\u00bb{}\u00bb toggle_text_color=\u00bb#000000&#8243; open=\u00bboff\u00bb]<\/p>\n<p>Servicio t\u00e9cnico gratuito en l\u00ednea<\/p>\n<p>Para todos los productos fabricados por VISIONPI (independientemente de si se compran a VISIONPI o no), ofrecemos servicio t\u00e9cnico gratuito en l\u00ednea sobre cualquier problema relacionado con los productos.<\/p>\n<p>Volver al servicio de reparaci\u00f3n de f\u00e1brica<\/p>\n<p>En caso de defectos o problemas del producto debidos a la fabricaci\u00f3n por parte de VISIONPI, los productos pueden devolverse a la f\u00e1brica previa confirmaci\u00f3n por parte de VISIONPI. Si es necesario un servicio de reparaci\u00f3n en f\u00e1brica, el cliente correr\u00e1 con los gastos de transporte, seguro, aranceles y despacho de aduanas para la devoluci\u00f3n de los productos o piezas devueltos. VISIONPI devolver\u00e1 al cliente los productos o piezas reparados y s\u00f3lo correr\u00e1 con los gastos de transporte de ida.VISIONPI no aceptar\u00e1 productos devueltos sin una solicitud de servicio v\u00e1lida ni art\u00edculos que no hayan sido fabricados por VISIONPI.    <\/p>\n<p>[\/et_pb_accordion_item][et_pb_accordion_item title=\u00bbDescargo de responsabilidad\u00bb open_toggle_text_color=\u00bb#E09900&#8243; closed_toggle_text_color=\u00bb#E09900&#8243; closed_toggle_background_color=\u00bb#FFFFFF\u00bb _builder_version=\u00bb4.16&#8243; body_text_color=\u00bb#b7b7b7&#8243; custom_margin=\u00bb||0px\u00bb custom_padding=\u00bb30px|30px|30px|30px|true|true\u00bb global_colors_info=\u00bb{}\u00bb toggle_text_color=\u00bb#000000&#8243; open=\u00bboff\u00bb]<\/p>\n<p>La garant\u00eda queda anulada con las siguientes condiciones:<\/p>\n<p>1. Da\u00f1os causados por uso indebido, negligencia, manejo incorrecto, actos de terceros, accidentes, incendios, inundaciones, rayos, subidas o bajadas de tensi\u00f3n. 2. Manipulaci\u00f3n inadecuada, funcionamiento de acuerdo con las instrucciones t\u00e9cnicas. <\/p>\n<p>2. El producto ha sido alterado o reparado por alguien que no sea el fabricante o un representante de servicio autorizado por el fabricante.<\/p>\n<p>3. Se han realizado o acoplado al producto modificaciones o accesorios distintos de los fabricados o suministrados por el Fabricante que, a juicio del Fabricante, han afectado al rendimiento, la seguridad o la fiabilidad del producto.<\/p>\n<p>4. P\u00e9rdida natural de brillo y color, falta de mantenimiento regular necesario<\/p>\n<p>5. A menos que se acuerde por escrito, esta pol\u00edtica de garant\u00eda no se aplica a los consumibles, incluidos, entre otros, conectores, redes, cables de fibra \u00f3ptica, cables, cables de alimentaci\u00f3n, cables de se\u00f1al, conectores de aviaci\u00f3n y otros cables y conexiones.<\/p>\n<p>6. El periodo de garant\u00eda ha expirado.<\/p>\n<p>[\/et_pb_accordion_item][et_pb_accordion_item title=\u00bbSoluci\u00f3n de problemas comunes  \u00bb open=\u00bboff\u00bb open_toggle_text_color=\u00bb#E09900&#8243; closed_toggle_text_color=\u00bb#E09900&#8243; closed_toggle_background_color=\u00bb#FFFFFF\u00bb _builder_version=\u00bb4.16&#8243; _module_preset=\u00bbdefault\u00bb body_text_color=\u00bb#b7b7b7&#8243; custom_margin=\u00bb||0px\u00bb custom_padding=\u00bb30px|30px|30px|30px|true|true\u00bb global_colors_info=\u00bb{}\u00bb toggle_text_color=\u00bb#000000&#8243;]<\/p>\n<p><a href=\"https:\/\/vision-pi.net\/?s=troubleshooting\">Resoluci\u00f3n de problemas<\/a> comunes de los m\u00f3dulos de pantalla led,armario led<\/p>\n<p>[\/et_pb_accordion_item][\/et_pb_accordion][\/et_pb_column][\/et_pb_row][\/et_pb_section][et_pb_section fb_built=\u00bb1&#8243; admin_label=\u00bbHeader\u00bb _builder_version=\u00bb4.16&#8243; use_background_color_gradient=\u00bbon\u00bb background_color_gradient_stops=\u00bb#000000 0%|rgba(0,0,0,0.6) 100%\u00bb background_color_gradient_overlays_image=\u00bbon\u00bb background_color_gradient_start=\u00bb#000000&#8243; background_color_gradient_end=\u00bbrgba(0,0,0,0.6)\u00bb background_image=\u00bbhttp:\/\/vision-pi.net\/wp-content\/uploads\/2021\/03\/Desktop.639413ac.vanish_wrestle_mania_2017.jpg\u00bb width=\u00bb100%\u00bb max_width=\u00bb100%\u00bb min_height=\u00bb404px\u00bb height=\u00bb100px\u00bb max_height=\u00bb1000px\u00bb custom_margin=\u00bb-25px||||false|\u00bb custom_padding=\u00bb12vw||12vw||true|false\u00bb global_colors_info=\u00bb{}\u00bb][et_pb_row _builder_version=\u00bb4.16&#8243; max_width=\u00bb700px\u00bb min_height=\u00bb196px\u00bb custom_margin=\u00bb|auto|-17px|auto||\u00bb custom_padding=\u00bb0px|||||\u00bb use_custom_width=\u00bbon\u00bb custom_width_px=\u00bb700px\u00bb global_colors_info=\u00bb{}\u00bb][et_pb_column type=\u00bb4_4&#8243; _builder_version=\u00bb4.16&#8243; custom_padding=\u00bb|||\u00bb global_colors_info=\u00bb{}\u00bb custom_padding__hover=\u00bb|||\u00bb][et_pb_text _builder_version=\u00bb4.16&#8243; text_font=\u00bbMontserrat||||||||\u00bb header_font=\u00bbPlayfair Display|700|||||||\u00bb header_font_size=\u00bb48px\u00bb header_line_height=\u00bb1.5em\u00bb header_2_font=\u00bbMontserrat|700|||||||\u00bb header_3_font=\u00bbRubik|500||on|||||\u00bb header_3_text_color=\u00bb#098cf2&#8243; header_3_font_size=\u00bb14px\u00bb header_3_letter_spacing=\u00bb2px\u00bb header_3_line_height=\u00bb2em\u00bb text_orientation=\u00bbcenter\u00bb background_layout=\u00bbdark\u00bb min_height=\u00bb19px\u00bb custom_margin=\u00bb-98px||14px|||\u00bb header_font_size_tablet=\u00bb38px\u00bb header_font_size_phone=\u00bb28px\u00bb header_font_size_last_edited=\u00bbon|phone\u00bb global_colors_info=\u00bb{}\u00bb]<\/p>\n<h2><strong><span style=\"color: #ffffff; font-size: 30px; font-family: 'Open Sans', Arial, sans-serif;\">Bolet\u00edn<\/span><\/strong><\/h2>\n<div class=\"newsletter__content\">\n<div class=\"richtext\">\n<div class=\"text-center\"><\/div>\n<\/div>\n<\/div>\n<p>[\/et_pb_text][et_pb_text _builder_version=\u00bb4.16&#8243; text_font=\u00bb||||||||\u00bb text_font_size=\u00bb16px\u00bb text_line_height=\u00bb2em\u00bb text_orientation=\u00bbcenter\u00bb background_layout=\u00bbdark\u00bb min_height=\u00bb8px\u00bb custom_margin=\u00bb60px||60px||true\u00bb custom_padding=\u00bb||0px|||\u00bb global_colors_info=\u00bb{}\u00bb]<\/p>\n<p>Suscr\u00edbase hoy mismo y reciba informaci\u00f3n y entretenimiento<br \/>con el bolet\u00edn mensual de Visionpi Visual por correo electr\u00f3nico<\/p>\n<p>[\/et_pb_text][et_pb_button button_text=\u00bbSuscribirse\u00bb button_alignment=\u00bbcenter\u00bb _builder_version=\u00bb4.16&#8243; custom_button=\u00bbon\u00bb button_text_size=\u00bb12px\u00bb button_text_color=\u00bb#ffffff\u00bb button_bg_color=\u00bb#E09900&#8243; button_border_width=\u00bb0px\u00bb button_border_color=\u00bbrgba(0,0,0,0)\u00bb button_border_radius=\u00bb26px\u00bb button_letter_spacing=\u00bb2px\u00bb button_font=\u00bbRubik|500||on|||||\u00bb button_use_icon=\u00bboff\u00bb custom_padding=\u00bb16px|32px|16px|32px|true|true\u00bb box_shadow_style=\u00bbpreset1&#8243; box_shadow_color=\u00bbrgba(239,59,36,0.24)\u00bb button_letter_spacing_hover=\u00bb2px\u00bb global_colors_info=\u00bb{}\u00bb button_text_size__hover_enabled=\u00bboff\u00bb button_one_text_size__hover_enabled=\u00bboff\u00bb button_two_text_size__hover_enabled=\u00bboff\u00bb button_text_color__hover_enabled=\u00bboff\u00bb button_one_text_color__hover_enabled=\u00bboff\u00bb button_two_text_color__hover_enabled=\u00bboff\u00bb button_border_width__hover_enabled=\u00bboff\u00bb button_one_border_width__hover_enabled=\u00bboff\u00bb button_two_border_width__hover_enabled=\u00bboff\u00bb button_border_color__hover_enabled=\u00bboff\u00bb button_one_border_color__hover_enabled=\u00bboff\u00bb button_two_border_color__hover_enabled=\u00bboff\u00bb button_border_radius__hover_enabled=\u00bboff\u00bb button_one_border_radius__hover_enabled=\u00bboff\u00bb button_two_border_radius__hover_enabled=\u00bboff\u00bb button_letter_spacing__hover_enabled=\u00bbon\u00bb button_letter_spacing__hover=\u00bb2px\u00bb button_one_letter_spacing__hover_enabled=\u00bboff\u00bb button_two_letter_spacing__hover_enabled=\u00bboff\u00bb button_bg_color__hover_enabled=\u00bbon|hover\u00bb button_one_bg_color__hover_enabled=\u00bboff\u00bb button_two_bg_color__hover_enabled=\u00bboff\u00bb button_bg_color__hover=\u00bb#000000&#8243; button_bg_enable_color__hover=\u00bbon\u00bb][\/et_pb_button][\/et_pb_column][\/et_pb_row][\/et_pb_section]<\/p>\n<span class=\"et_bloom_bottom_trigger\"><\/span>","protected":false},"excerpt":{"rendered":"<p>PREGUNTAS FRECUENTES\u00bfTiene preguntas? Encuentre sus respuestas aqu\u00ed. Pol\u00edtica de garant\u00eda\u00c1mbito de la garant\u00edaEsta Pol\u00edtica de garant\u00eda se aplica a todos los productos de pantalla LED (en lo sucesivo, \u00abProductos\u00bb) adquiridos directamente a Shenzhen VISIONPI DISPLAY TECHNOLOGY Co.,Ltd. (en lo sucesivo, \u00abVISIONPI\u00bb). (en lo sucesivo, \u00abVISIONPI\u00bb) y dentro del Periodo de Garant\u00eda. Cualquier producto no adquirido [&hellip;]<\/p>\n","protected":false},"author":1,"featured_media":0,"parent":0,"menu_order":0,"comment_status":"closed","ping_status":"closed","template":"","meta":{"_et_pb_use_builder":"on","_et_pb_old_content":"","_et_gb_content_width":"","footnotes":""},"class_list":["post-20972","page","type-page","status-publish","hentry"],"aioseo_notices":[],"_links":{"self":[{"href":"https:\/\/vision-pi.net\/es\/wp-json\/wp\/v2\/pages\/20972","targetHints":{"allow":["GET"]}}],"collection":[{"href":"https:\/\/vision-pi.net\/es\/wp-json\/wp\/v2\/pages"}],"about":[{"href":"https:\/\/vision-pi.net\/es\/wp-json\/wp\/v2\/types\/page"}],"author":[{"embeddable":true,"href":"https:\/\/vision-pi.net\/es\/wp-json\/wp\/v2\/users\/1"}],"replies":[{"embeddable":true,"href":"https:\/\/vision-pi.net\/es\/wp-json\/wp\/v2\/comments?post=20972"}],"version-history":[{"count":0,"href":"https:\/\/vision-pi.net\/es\/wp-json\/wp\/v2\/pages\/20972\/revisions"}],"wp:attachment":[{"href":"https:\/\/vision-pi.net\/es\/wp-json\/wp\/v2\/media?parent=20972"}],"curies":[{"name":"wp","href":"https:\/\/api.w.org\/{rel}","templated":true}]}}