{"id":21030,"date":"2021-03-08T18:51:02","date_gmt":"2021-03-08T10:51:02","guid":{"rendered":"https:\/\/vision-pi.net\/recurso\/"},"modified":"2025-11-19T11:52:09","modified_gmt":"2025-11-19T03:52:09","slug":"recurso","status":"publish","type":"page","link":"https:\/\/vision-pi.net\/es\/recurso\/","title":{"rendered":"Recurso"},"content":{"rendered":"<p>[et_pb_section fb_built=\u00bb1&#8243; fullwidth=\u00bbon\u00bb _builder_version=\u00bb4.16&#8243; _module_preset=\u00bbdefault\u00bb global_colors_info=\u00bb{}\u00bb][et_pb_fullwidth_slider _builder_version=\u00bb4.16&#8243; _module_preset=\u00bbdefault\u00bb custom_padding=\u00bb||234px|||\u00bb global_colors_info=\u00bb{}\u00bb][et_pb_slide _builder_version=\u00bb4.16&#8243; _module_preset=\u00bbdefault\u00bb background_image=\u00bbhttp:\/\/vision-pi.net\/wp-content\/uploads\/2021\/03\/academy1.jpg\u00bb background_enable_image=\u00bbon\u00bb custom_button=\u00bbon\u00bb button_text_color=\u00bb#000000&#8243; button_use_icon=\u00bbon\u00bb button_icon=\u00bb&#xe60c;||divi||400&#8243; global_colors_info=\u00bb{}\u00bb sticky_transition=\u00bbon\u00bb][\/et_pb_slide][\/et_pb_fullwidth_slider][\/et_pb_section][et_pb_section fb_built=\u00bb1&#8243; specialty=\u00bbon\u00bb _builder_version=\u00bb4.16&#8243; background_color=\u00bb#FFFFFF\u00bb background_enable_image=\u00bboff\u00bb background_size=\u00bbcontain\u00bb background_position=\u00bbbottom_right\u00bb custom_padding=\u00bb88px||14vw|||\u00bb global_colors_info=\u00bb{}\u00bb][et_pb_column type=\u00bb1_2&#8243; _builder_version=\u00bb4.16&#8243; custom_padding=\u00bb|||\u00bb global_colors_info=\u00bb{}\u00bb custom_padding__hover=\u00bb|||\u00bb][et_pb_cta title=\u00bbEmpecemos\u00bb button_url=\u00bbhttps:\/\/vision-pi.net\/es\/contactenos\/\u00bb button_text=\u00bbHabla con un experto\u00bb _builder_version=\u00bb4.16&#8243; header_font=\u00bb|700||on|||||\u00bb header_text_color=\u00bb#ffffff\u00bb header_font_size=\u00bb60px\u00bb header_line_height=\u00bb1.2em\u00bb body_font=\u00bb|600|||||||\u00bb body_text_align=\u00bbleft\u00bb body_line_height=\u00bb2em\u00bb use_background_color=\u00bboff\u00bb use_background_color_gradient=\u00bbon\u00bb background_color_gradient_stops=\u00bb#e09900 0%|#e09900 100%\u00bb background_color_gradient_overlays_image=\u00bbon\u00bb background_color_gradient_start=\u00bb#e09900&#8243; background_color_gradient_end=\u00bb#e09900&#8243; background_image=\u00bbhttp:\/\/vision-pi.net\/wp-content\/uploads\/2021\/03\/mechanic-05.jpg\u00bb custom_button=\u00bbon\u00bb button_text_size=\u00bb14px\u00bb button_text_color=\u00bb#E09900&#8243; button_bg_color=\u00bb#ffffff\u00bb button_border_width=\u00bb10px\u00bb button_border_color=\u00bbrgba(0,0,0,0)\u00bb button_border_radius=\u00bb44px\u00bb button_letter_spacing=\u00bb3px\u00bb button_font=\u00bb|700||on|||||\u00bb button_icon=\u00bb&#x45;||divi||400&#8243; button_on_hover=\u00bboff\u00bb custom_margin_last_edited=\u00bboff|tablet\u00bb custom_padding=\u00bb120px|80px|80px|80px|false|true\u00bb custom_padding_tablet=\u00bb40px|40px|40px|40px|true|true\u00bb custom_padding_phone=\u00bb\u00bb custom_padding_last_edited=\u00bbon|phone\u00bb header_font_size_tablet=\u00bb40px\u00bb header_font_size_phone=\u00bb30px\u00bb header_font_size_last_edited=\u00bbon|desktop\u00bb box_shadow_style=\u00bbpreset2&#8243; box_shadow_vertical=\u00bb28px\u00bb box_shadow_blur=\u00bb40px\u00bb box_shadow_color=\u00bbrgba(0,0,0,0.1)\u00bb locked=\u00bboff\u00bb global_colors_info=\u00bb{}\u00bb button_bg_color__hover=\u00bbrgba(255,255,255,0.9)\u00bb button_bg_color__hover_enabled=\u00bbon\u00bb]<\/p>\n<p>Suscr\u00edbete al bolet\u00edn Visual mensual y s\u00e9 el primero en enterarte de las actualizaciones.<\/p>\n<p>&nbsp;<\/p>\n<p>[\/et_pb_cta][et_pb_text _builder_version=\u00bb4.16&#8243; text_font=\u00bb|600|||||||\u00bb text_line_height=\u00bb2em\u00bb header_font=\u00bb||||||||\u00bb header_2_font=\u00bbKhand|700||on|||||\u00bb header_2_font_size=\u00bb60px\u00bb header_2_line_height=\u00bb1.2em\u00bb header_4_font_size=\u00bb14px\u00bb custom_padding=\u00bb||0px|||\u00bb header_2_font_size_tablet=\u00bb40px\u00bb header_2_font_size_phone=\u00bb30px\u00bb header_2_font_size_last_edited=\u00bbon|desktop\u00bb locked=\u00bboff\u00bb global_colors_info=\u00bb{}\u00bb]<\/p>\n<h4><span><strong>\u00bfC\u00f3mo s\u00e9 qu\u00e9 productos son adecuados para m\u00ed?<\/strong><\/span><\/h4>\n<p><span>\u00bfTe est\u00e1s haciendo las preguntas adecuadas? Deja que te ayudemos a entender un poco m\u00e1s el LED. Visionpi se enorgullece de tener productos para pr\u00e1cticamente cualquier tipo de instalaci\u00f3n que puedas so\u00f1ar. En el mundo digital de hoy en d\u00eda, el LED puede utilizarse para mensajes b\u00e1sicos, hasta la reproducci\u00f3n de v\u00eddeo de alta resoluci\u00f3n. Desde conciertos y eventos, hasta instalaciones permanentes para publicidad o branding en tu comercio o entorno corporativo, los LED pueden transformar tu espacio en uno inolvidable.      <strong>base del aprendizaje dirigido<\/strong><\/span><\/p>\n<p>[\/et_pb_text][\/et_pb_column][et_pb_column type=\u00bb1_2&#8243; specialty_columns=\u00bb2&#8243; _builder_version=\u00bb4.16&#8243; custom_padding=\u00bb|||\u00bb global_colors_info=\u00bb{}\u00bb custom_padding__hover=\u00bb|||\u00bb][et_pb_row_inner _builder_version=\u00bb4.16&#8243; locked=\u00bboff\u00bb global_colors_info=\u00bb{}\u00bb][et_pb_column_inner saved_specialty_column_type=\u00bb1_2&#8243; _builder_version=\u00bb4.16&#8243; custom_padding=\u00bb|||\u00bb global_colors_info=\u00bb{}\u00bb custom_padding__hover=\u00bb|||\u00bb][et_pb_text _builder_version=\u00bb4.16&#8243; text_font=\u00bb|600|||||||\u00bb text_line_height=\u00bb2em\u00bb header_font=\u00bb||||||||\u00bb header_2_font=\u00bb|700||on|||||\u00bb header_2_font_size=\u00bb60px\u00bb header_2_line_height=\u00bb1.2em\u00bb header_2_font_size_tablet=\u00bb40px\u00bb header_2_font_size_phone=\u00bb30px\u00bb header_2_font_size_last_edited=\u00bbon|desktop\u00bb locked=\u00bboff\u00bb global_colors_info=\u00bb{}\u00bb]<\/p>\n<h2>Recursos<\/h2>\n<p>[\/et_pb_text][et_pb_divider color=\u00bb#E09900&#8243; divider_style=\u00bbdouble\u00bb divider_weight=\u00bb10px\u00bb _builder_version=\u00bb4.16&#8243; transform_skew=\u00bb-20deg|0deg\u00bb max_width=\u00bb100px\u00bb height=\u00bb10px\u00bb locked=\u00bboff\u00bb global_colors_info=\u00bb{}\u00bb][\/et_pb_divider][et_pb_text _builder_version=\u00bb4.16&#8243; text_font=\u00bb|600|||||||\u00bb text_line_height=\u00bb2em\u00bb header_font=\u00bb||||||||\u00bb header_2_font=\u00bbKhand|700||on|||||\u00bb header_2_font_size=\u00bb60px\u00bb header_2_line_height=\u00bb1.2em\u00bb header_2_font_size_tablet=\u00bb40px\u00bb header_2_font_size_phone=\u00bb30px\u00bb header_2_font_size_last_edited=\u00bbon|desktop\u00bb locked=\u00bboff\u00bb global_colors_info=\u00bb{}\u00bb]<\/p>\n<h2><\/h2>\n<p>El conocimiento es esencial. Visionpi Visual apoya a los t\u00e9cnicos y usuarios de LED con una gran cantidad de valiosos conocimientos sobre la tecnolog\u00eda LED y los productos LED. Descubre c\u00f3mo nos esforzamos en transferir conocimientos para que rindas m\u00e1s. Lee nuestros libros blancos, participa en nuestros eventos de formaci\u00f3n o mira un v\u00eddeo. T\u00fa eliges.    <\/p>\n<p>&nbsp;<\/p>\n<p>[\/et_pb_text][\/et_pb_column_inner][\/et_pb_row_inner][et_pb_row_inner _builder_version=\u00bb4.16&#8243; background_color=\u00bb#ffffff\u00bb custom_margin_tablet=\u00bb0vw||\u00bb custom_margin_last_edited=\u00bboff|tablet\u00bb custom_padding=\u00bb0|0|0px|0px|false|false\u00bb box_shadow_style=\u00bbpreset2&#8243; box_shadow_vertical=\u00bb28px\u00bb box_shadow_blur=\u00bb40px\u00bb box_shadow_color=\u00bbrgba(0,0,0,0.1)\u00bb locked=\u00bboff\u00bb global_colors_info=\u00bb{}\u00bb][et_pb_column_inner saved_specialty_column_type=\u00bb1_2&#8243; _builder_version=\u00bb4.16&#8243; custom_padding=\u00bb|||\u00bb global_colors_info=\u00bb{}\u00bb custom_padding__hover=\u00bb|||\u00bb][et_pb_accordion open_toggle_text_color=\u00bb#E09900&#8243; closed_toggle_text_color=\u00bb#E09900&#8243; closed_toggle_background_color=\u00bb#ffffff\u00bb icon_color=\u00bb#E09900&#8243; admin_label=\u00bbAccordion\u00bb _builder_version=\u00bb4.20.2&#8243; toggle_font=\u00bb|700||on|||||\u00bb toggle_font_size=\u00bb14px\u00bb toggle_letter_spacing=\u00bb3px\u00bb toggle_line_height=\u00bb1.9em\u00bb body_font=\u00bb|600|||||||\u00bb body_line_height=\u00bb2em\u00bb custom_margin=\u00bb-60px|||||\u00bb custom_padding=\u00bb|||\u00bb hover_enabled=\u00bb0&#8243; toggle_font_size_tablet=\u00bb\u00bb toggle_font_size_phone=\u00bb12px\u00bb toggle_font_size_last_edited=\u00bbon|desktop\u00bb border_width_all=\u00bb0px\u00bb border_color_all=\u00bb#f71635&#8243; border_width_bottom=\u00bb2px\u00bb border_color_bottom=\u00bbrgba(0,0,0,0.1)\u00bb global_colors_info=\u00bb{}\u00bb sticky_enabled=\u00bb0&#8243;][et_pb_accordion_item title=\u00bbblog&amp;noticias\u00bb open=\u00bbon\u00bb open_toggle_text_color=\u00bb#E09900&#8243; closed_toggle_text_color=\u00bb#E09900&#8243; _builder_version=\u00bb4.20.2&#8243; custom_margin=\u00bb||0px\u00bb custom_padding=\u00bb30px|30px|30px|30px|true|true\u00bb link_option_url=\u00bbhttps:\/\/vision-pi.net\/led-displays-knowledge-and-tips\/\u00bb hover_enabled=\u00bb0&#8243; global_colors_info=\u00bb{}\u00bb link_option_url_new_window=\u00bbon\u00bb sticky_enabled=\u00bb0&#8243;]<\/p>\n<p>Los t\u00e9cnicos de LED, los creativos de v\u00eddeo e iluminaci\u00f3n y todos los interesados en la tecnolog\u00eda LED son bienvenidos. visionpi ofrece conocimientos sobre LED a escala mundial en cursos presenciales y no presenciales, seminarios y v\u00eddeos de productos. <\/p>\n<p>[\/et_pb_accordion_item][et_pb_accordion_item title=\u00bbpapel blanco\u00bb open_toggle_text_color=\u00bb#E09900&#8243; closed_toggle_text_color=\u00bb#E09900&#8243; _builder_version=\u00bb4.16&#8243; custom_margin=\u00bb||0px\u00bb custom_padding=\u00bb30px|30px|30px|30px|true|true\u00bb link_option_url=\u00bbhttps:\/\/vision-pi.net\/wp-content\/uploads\/2021\/09\/White-paper-Manage-your-supply-chain-in-China.pdf\u00bb global_colors_info=\u00bb{}\u00bb open=\u00bboff\u00bb]<\/p>\n<p>Ofrecemos una amplia colecci\u00f3n de libros blancos y blogs sobre varios temas relacionados con la tecnolog\u00eda LED. Aprende m\u00e1s en tu tiempo libre con estas descargas gratuitas. <\/p>\n<p>Compartir sus conocimientos en estos libros blancos y blogs gratuitos te permite hacer tu trabajo un poco m\u00e1s f\u00e1cil.<\/p>\n<p>[\/et_pb_accordion_item][et_pb_accordion_item title=\u00bbfaq\u00bb open_toggle_text_color=\u00bb#E09900&#8243; closed_toggle_text_color=\u00bb#E09900&#8243; _builder_version=\u00bb4.16&#8243; custom_margin=\u00bb||0px\u00bb custom_padding=\u00bb30px|30px|30px|30px|true|true\u00bb link_option_url=\u00bbhttps:\/\/vision-pi.net\/resource-faq\/\u00bb global_colors_info=\u00bb{}\u00bb open=\u00bboff\u00bb]<\/p>\n<p>Aqu\u00ed encontrar\u00e1s, para tu comodidad, las preguntas m\u00e1s frecuentes sobre los productos VISIONPI LED y la tecnolog\u00eda LED. \u00bfTienes preguntas especiales? Desc\u00fabrelas aqu\u00ed <a href=\"https:\/\/vision-pi.net\/es\/preguntas-frecuentes\/\"> <\/a><\/p>\n<p>[\/et_pb_accordion_item][et_pb_accordion_item title=\u00bbalmacenar\u00bb open_toggle_text_color=\u00bb#E09900&#8243; closed_toggle_text_color=\u00bb#E09900&#8243; _builder_version=\u00bb4.16&#8243; custom_margin=\u00bb||0px\u00bb custom_padding=\u00bb30px|30px|30px|30px|true|true\u00bb link_option_url=\u00bbhttps:\/\/vision-pi.net\/shop\/\u00bb global_colors_info=\u00bb{}\u00bb open=\u00bboff\u00bb]<\/p>\n<p>Mantener actualizado el stock y el servicio de promoci\u00f3n por el equipo de control de calidad de visionpi en cientos de f\u00e1bricas de nuestra base de datos.<\/p>\n<p>[\/et_pb_accordion_item][et_pb_accordion_item title=\u00bbinsepci\u00f3n de calidad\u00bb open_toggle_text_color=\u00bb#E09900&#8243; closed_toggle_text_color=\u00bb#E09900&#8243; _builder_version=\u00bb4.16&#8243; custom_margin=\u00bb||0px\u00bb custom_padding=\u00bb30px|30px|30px|30px|true|true\u00bb link_option_url=\u00bbhttps:\/\/vision-pi.net\/about-us\/service\/\u00bb global_colors_info=\u00bb{}\u00bb open=\u00bboff\u00bb]<\/p>\n<p>Gesti\u00f3n de la cadena de suministro, Comprobaci\u00f3n de antecedentes, Auditor\u00eda e identificaci\u00f3n de nuevas f\u00e1bricas, Ingeniero de producto, Garant\u00eda de calidad Reducci\u00f3n de costes en desechos, reprocesamientos, retiradas de productos, retrasos en los pedidos y devoluciones a los clientes Mejora de la calidad y la seguridad de los productos<\/p>\n<p>[\/et_pb_accordion_item][\/et_pb_accordion][\/et_pb_column_inner][\/et_pb_row_inner][\/et_pb_column][\/et_pb_section][et_pb_section fb_built=\u00bb1&#8243; admin_label=\u00bbHeader\u00bb _builder_version=\u00bb4.16&#8243; use_background_color_gradient=\u00bbon\u00bb background_color_gradient_stops=\u00bb#000000 0%|rgba(0,0,0,0.6) 100%\u00bb background_color_gradient_overlays_image=\u00bbon\u00bb background_color_gradient_start=\u00bb#000000&#8243; background_color_gradient_end=\u00bbrgba(0,0,0,0.6)\u00bb background_image=\u00bbhttp:\/\/vision-pi.net\/wp-content\/uploads\/2021\/03\/Desktop.639413ac.vanish_wrestle_mania_2017.jpg\u00bb width=\u00bb100%\u00bb max_width=\u00bb100%\u00bb min_height=\u00bb559px\u00bb height=\u00bb100px\u00bb max_height=\u00bb1000px\u00bb custom_margin=\u00bb-25px||||false|\u00bb custom_padding=\u00bb12vw||12vw||true|false\u00bb global_colors_info=\u00bb{}\u00bb][et_pb_row _builder_version=\u00bb4.16&#8243; max_width=\u00bb700px\u00bb min_height=\u00bb196px\u00bb custom_margin=\u00bb|auto|-17px|auto||\u00bb custom_padding=\u00bb0px|||||\u00bb use_custom_width=\u00bbon\u00bb custom_width_px=\u00bb700px\u00bb global_colors_info=\u00bb{}\u00bb][et_pb_column type=\u00bb4_4&#8243; _builder_version=\u00bb4.16&#8243; custom_padding=\u00bb|||\u00bb global_colors_info=\u00bb{}\u00bb custom_padding__hover=\u00bb|||\u00bb][et_pb_text _builder_version=\u00bb4.16&#8243; text_font=\u00bbMontserrat||||||||\u00bb header_font=\u00bbPlayfair Display|700|||||||\u00bb header_font_size=\u00bb48px\u00bb header_line_height=\u00bb1.5em\u00bb header_2_font=\u00bbMontserrat|700|||||||\u00bb header_3_font=\u00bbRubik|500||on|||||\u00bb header_3_text_color=\u00bb#098cf2&#8243; header_3_font_size=\u00bb14px\u00bb header_3_letter_spacing=\u00bb2px\u00bb header_3_line_height=\u00bb2em\u00bb text_orientation=\u00bbcenter\u00bb background_layout=\u00bbdark\u00bb min_height=\u00bb19px\u00bb custom_margin=\u00bb-98px||14px|||\u00bb header_font_size_tablet=\u00bb38px\u00bb header_font_size_phone=\u00bb28px\u00bb header_font_size_last_edited=\u00bbon|phone\u00bb global_colors_info=\u00bb{}\u00bb]<\/p>\n<h2><strong><span style=\"color: #ffffff; font-size: 30px; font-family: 'Open Sans', Arial, sans-serif;\">Bolet\u00edn<\/span><\/strong><\/h2>\n<div class=\"newsletter__content\">\n<div class=\"richtext\">\n<div class=\"text-center\"><\/div>\n<\/div>\n<\/div>\n<p>[\/et_pb_text][et_pb_text _builder_version=\u00bb4.16&#8243; text_font=\u00bb||||||||\u00bb text_font_size=\u00bb16px\u00bb text_line_height=\u00bb2em\u00bb text_orientation=\u00bbcenter\u00bb background_layout=\u00bbdark\u00bb min_height=\u00bb8px\u00bb custom_margin=\u00bb60px||60px||true\u00bb custom_padding=\u00bb||0px|||\u00bb global_colors_info=\u00bb{}\u00bb]<\/p>\n<p>Suscr\u00edbete hoy mismo y ed\u00facate y entretente<br \/>con el bolet\u00edn electr\u00f3nico mensual de Visionpi<\/p>\n<p>[\/et_pb_text][et_pb_button button_text=\u00bbSuscribirse\u00bb button_alignment=\u00bbcenter\u00bb _builder_version=\u00bb4.16&#8243; custom_button=\u00bbon\u00bb button_text_size=\u00bb12px\u00bb button_text_color=\u00bb#ffffff\u00bb button_bg_color=\u00bb#E09900&#8243; button_border_width=\u00bb0px\u00bb button_border_color=\u00bbrgba(0,0,0,0)\u00bb button_border_radius=\u00bb26px\u00bb button_letter_spacing=\u00bb2px\u00bb button_font=\u00bbRubik|500||on|||||\u00bb button_use_icon=\u00bboff\u00bb custom_padding=\u00bb16px|32px|16px|32px|true|true\u00bb box_shadow_style=\u00bbpreset1&#8243; box_shadow_color=\u00bbrgba(239,59,36,0.24)\u00bb button_letter_spacing_hover=\u00bb2px\u00bb global_colors_info=\u00bb{}\u00bb button_text_size__hover_enabled=\u00bboff\u00bb button_one_text_size__hover_enabled=\u00bboff\u00bb button_two_text_size__hover_enabled=\u00bboff\u00bb button_text_color__hover_enabled=\u00bboff\u00bb button_one_text_color__hover_enabled=\u00bboff\u00bb button_two_text_color__hover_enabled=\u00bboff\u00bb button_border_width__hover_enabled=\u00bboff\u00bb button_one_border_width__hover_enabled=\u00bboff\u00bb button_two_border_width__hover_enabled=\u00bboff\u00bb button_border_color__hover_enabled=\u00bboff\u00bb button_one_border_color__hover_enabled=\u00bboff\u00bb button_two_border_color__hover_enabled=\u00bboff\u00bb button_border_radius__hover_enabled=\u00bboff\u00bb button_one_border_radius__hover_enabled=\u00bboff\u00bb button_two_border_radius__hover_enabled=\u00bboff\u00bb button_letter_spacing__hover_enabled=\u00bbon\u00bb button_letter_spacing__hover=\u00bb2px\u00bb button_one_letter_spacing__hover_enabled=\u00bboff\u00bb button_two_letter_spacing__hover_enabled=\u00bboff\u00bb button_bg_color__hover_enabled=\u00bbon|hover\u00bb button_one_bg_color__hover_enabled=\u00bboff\u00bb button_two_bg_color__hover_enabled=\u00bboff\u00bb button_bg_color__hover=\u00bb#000000&#8243; button_bg_enable_color__hover=\u00bbon\u00bb][\/et_pb_button][\/et_pb_column][\/et_pb_row][\/et_pb_section]<\/p>\n<span class=\"et_bloom_bottom_trigger\"><\/span>","protected":false},"excerpt":{"rendered":"<p>Suscr\u00edbete al bolet\u00edn Visual mensual y s\u00e9 el primero en enterarte de las actualizaciones. &nbsp;\u00bfC\u00f3mo s\u00e9 qu\u00e9 productos son adecuados para m\u00ed? \u00bfTe est\u00e1s haciendo las preguntas adecuadas? Deja que te ayudemos a entender un poco m\u00e1s el LED. Visionpi se enorgullece de tener productos para pr\u00e1cticamente cualquier tipo de instalaci\u00f3n que puedas so\u00f1ar. En [&hellip;]<\/p>\n","protected":false},"author":1,"featured_media":0,"parent":0,"menu_order":0,"comment_status":"closed","ping_status":"closed","template":"","meta":{"_et_pb_use_builder":"on","_et_pb_old_content":"","_et_gb_content_width":"","footnotes":""},"class_list":["post-21030","page","type-page","status-publish","hentry"],"aioseo_notices":[],"_links":{"self":[{"href":"https:\/\/vision-pi.net\/es\/wp-json\/wp\/v2\/pages\/21030","targetHints":{"allow":["GET"]}}],"collection":[{"href":"https:\/\/vision-pi.net\/es\/wp-json\/wp\/v2\/pages"}],"about":[{"href":"https:\/\/vision-pi.net\/es\/wp-json\/wp\/v2\/types\/page"}],"author":[{"embeddable":true,"href":"https:\/\/vision-pi.net\/es\/wp-json\/wp\/v2\/users\/1"}],"replies":[{"embeddable":true,"href":"https:\/\/vision-pi.net\/es\/wp-json\/wp\/v2\/comments?post=21030"}],"version-history":[{"count":0,"href":"https:\/\/vision-pi.net\/es\/wp-json\/wp\/v2\/pages\/21030\/revisions"}],"wp:attachment":[{"href":"https:\/\/vision-pi.net\/es\/wp-json\/wp\/v2\/media?parent=21030"}],"curies":[{"name":"wp","href":"https:\/\/api.w.org\/{rel}","templated":true}]}}