{"id":21840,"date":"2021-09-07T11:26:38","date_gmt":"2021-09-07T03:26:38","guid":{"rendered":"https:\/\/vision-pi.net\/sala-de-reuniones\/"},"modified":"2025-11-24T11:55:15","modified_gmt":"2025-11-24T03:55:15","slug":"sala-de-reuniones","status":"publish","type":"page","link":"https:\/\/vision-pi.net\/es\/sala-de-reuniones\/","title":{"rendered":"Sala de reuniones"},"content":{"rendered":"<p>[et_pb_section fb_built=\u00bb1&#8243; fullwidth=\u00bbon\u00bb _builder_version=\u00bb4.9.3&#8243; _module_preset=\u00bbdefault\u00bb][et_pb_fullwidth_image src=\u00bbhttps:\/\/vision-pi.net\/wp-content\/uploads\/2021\/09\/Picture3.jpg\u00bb alt=\u00bbpared led corporativa\u00bb title_text=\u00bbpared led corporativa\u00bb _builder_version=\u00bb4.9.3&#8243; _module_preset=\u00bbdefault\u00bb][\/et_pb_fullwidth_image][\/et_pb_section][et_pb_section fb_built=\u00bb1&#8243; _builder_version=\u00bb4.9.3&#8243; _module_preset=\u00bbdefault\u00bb custom_padding=\u00bb8px||0px|||\u00bb][et_pb_row _builder_version=\u00bb4.9.3&#8243; _module_preset=\u00bbdefault\u00bb][et_pb_column type=\u00bb4_4&#8243; _builder_version=\u00bb4.9.3&#8243; _module_preset=\u00bbdefault\u00bb][et_pb_text _builder_version=\u00bb4.9.3&#8243; _module_preset=\u00bbdefault\u00bb custom_padding=\u00bb||0px|||\u00bb hover_enabled=\u00bb0&#8243; border_color_all=\u00bb#E09900&#8243; border_width_left=\u00bb9px\u00bb inline_fonts=\u00bbABeeZee\u00bb sticky_enabled=\u00bb0&#8243;]<\/p>\n<p><span style=\"font-size: xx-large; font-family: inherit; font-weight: normal;\"><strong>Sala de reuniones pared led  <\/strong><\/span><\/p>\n<p>[\/et_pb_text][\/et_pb_column][\/et_pb_row][\/et_pb_section][et_pb_section fb_built=\u00bb1&#8243; _builder_version=\u00bb4.9.3&#8243; _module_preset=\u00bbdefault\u00bb custom_padding=\u00bb0px||3px|||\u00bb][et_pb_row column_structure=\u00bb1_2,1_2&#8243; _builder_version=\u00bb4.9.3&#8243; _module_preset=\u00bbdefault\u00bb][et_pb_column type=\u00bb1_2&#8243; _builder_version=\u00bb4.9.3&#8243; _module_preset=\u00bbdefault\u00bb][et_pb_image src=\u00bbhttps:\/\/vision-pi.net\/wp-content\/uploads\/2021\/09\/corporate-led-display-visionpi-fine-pitch.jpg\u00bb alt=\u00bbpantalla led corporativa visionpi fine-pitch\u00bb title_text=\u00bbpantalla led corporativa visionpi fine-pitch\u00bb _builder_version=\u00bb4.9.3&#8243; _module_preset=\u00bbdefault\u00bb][\/et_pb_image][\/et_pb_column][et_pb_column type=\u00bb1_2&#8243; _builder_version=\u00bb4.9.3&#8243; _module_preset=\u00bbdefault\u00bb][et_pb_image src=\u00bbhttps:\/\/vision-pi.net\/wp-content\/uploads\/2021\/09\/corperate-fine-pitch-led-video-wall-_.jpg\u00bb alt=\u00bbpantalla led broad-casting visionpi fine pitch pantalla led\u00bb title_text=\u00bbcorperate paso fino led videowall _\u00bb force_fullwidth=\u00bbon\u00bb _builder_version=\u00bb4.9.3&#8243; _module_preset=\u00bbdefault\u00bb min_height=\u00bb298px\u00bb height=\u00bb301px\u00bb][\/et_pb_image][\/et_pb_column][\/et_pb_row][et_pb_row _builder_version=\u00bb4.9.3&#8243; _module_preset=\u00bbdefault\u00bb custom_padding=\u00bb||1px|||\u00bb][et_pb_column type=\u00bb4_4&#8243; _builder_version=\u00bb4.9.3&#8243; _module_preset=\u00bbdefault\u00bb][et_pb_text _builder_version=\u00bb4.9.3&#8243; _module_preset=\u00bbdefault\u00bb text_font_size=\u00bb28px\u00bb border_width_left=\u00bb4px\u00bb border_color_left=\u00bb#E09900&#8243;]<\/p>\n<p class=\"red-accent\"><strong>Mejora tu entorno corporativo<\/strong><\/p>\n<p>[\/et_pb_text][\/et_pb_column][\/et_pb_row][et_pb_row _builder_version=\u00bb4.9.3&#8243; _module_preset=\u00bbdefault\u00bb custom_padding=\u00bb4px|||||\u00bb][et_pb_column type=\u00bb4_4&#8243; _builder_version=\u00bb4.9.3&#8243; _module_preset=\u00bbdefault\u00bb][et_pb_text _builder_version=\u00bb4.9.3&#8243; _module_preset=\u00bbdefault\u00bb border_color_left=\u00bb#E02B20&#8243;]&nbsp;<\/p>\n<p><strong>(1) Las pantallas LED de paso fino para empresas se utilizan principalmente en salas de juntas (aproximadamente el 70%), salas de exposiciones y vest\u00edbulos.<\/strong><\/p>\n<p>Las paredes LED utilizadas en salas de juntas y salas de exposiciones suelen funcionar con un 30% de brillo o menos; es fundamental un gris m\u00e1s fino para conseguir una escala de grises alta en condiciones de poca luz. Si se utilizan en vest\u00edbulos, especialmente vest\u00edbulos con paredes de cristal u otras estructuras transparentes donde habr\u00e1 luz solar, puede ser necesario un brillo mayor, de hasta 800-1000 nits. <\/p>\n<p> <strong> (2) Las salas de juntas de las empresas suelen utilizar videowalls de formato est\u00e1ndar (1080P o 4K)<\/strong>.<\/p>\n<p>Las paredes LED est\u00e1ndar 1080P (resoluci\u00f3n 1920&#215;1080) de paso fino son 108&#8243; 4&#215;4 matriz de 1,2 mm, 136&#8243; 5&#215;5 matriz de 1,5 mm, y 6&#215;6 matriz de 163&#8243; 1,8 mm, y 217&#8243; 8&#215;8 matriz de 2,5 mm, y 1,2 mm y 1,5 mm son los modelos m\u00e1s populares. Las paredes LED 4K est\u00e1ndar son la matriz 6&#215;6 de 163&#8243; de 0,9 mm, la matriz 8&#215;8 de 217&#8243; de 1,2 mm y la matriz 10&#215;10 de 271&#8243; de 1,5 mm, y se recomiendan las de 0,9 mm y 1,2 mm. <\/p>\n<p><strong>(3) Las paredes LED para aplicaciones corporativas deben tener una buena disipaci\u00f3n del calor para evitar que afecte a la temperatura ambiente y para proteger los componentes el\u00e9ctricos del interior de los paneles LED<\/strong>.<\/p>\n<p>El dise\u00f1o debe ser sin ventilador para garantizar una sala de reuniones sin ruidos.<\/p>\n<p><strong>(4) Se requiere facilidad de mantenimiento, normalmente para sustituir un m\u00f3dulo con p\u00edxeles muertos.<\/strong><\/p>\n<p>Debe dise\u00f1arse con pasos sencillos para que incluso personas no profesionales puedan cambiar un m\u00f3dulo con una herramienta de servicio frontal y hacer que la pared LED funcione correctamente.<\/p>\n<p><strong>(5) Se necesita memoria flash integrada.<\/strong><\/p>\n<p>A diferencia de los proyectos profesionales, en los que siempre hay t\u00e9cnicos disponibles, las paredes LED corporativas suelen ser mantenidas por t\u00e9cnicos internos que pueden no estar muy familiarizados con el software de las paredes LED. Por tanto, es necesario cargar autom\u00e1ticamente los datos de calibraci\u00f3n originales despu\u00e9s de sustituir los m\u00f3dulos. <\/p>\n<p><strong>(6) La compatibilidad con las nuevas tecnolog\u00edas, hardware y software es importante.<\/strong><\/p>\n<p>Con la aparici\u00f3n de cada vez m\u00e1s tecnolog\u00edas de videoconferencia durante la pandemia de COVID-19, las paredes LED, como componente b\u00e1sico de la videoconferencia, deben ser compatibles con las \u00faltimas tecnolog\u00edas.<\/p>\n<p><strong>(7) Las pantallas t\u00e1ctiles son una caracter\u00edstica opcional importante a medida que crece la demanda del mercado de videowalls interactivos.<\/strong><\/p>\n<p>Actualmente, las paredes LED multit\u00e1ctiles de paso fino est\u00e1n dise\u00f1adas en su mayor\u00eda como televisores LED todo en uno.<\/p>\n<p><strong>(8) Los equipos de visualizaci\u00f3n tradicionales, como las pantallas LCD y de proyecci\u00f3n, constituyen la principal competencia de la pared LED m\u00e1s peque\u00f1a.<\/strong><\/p>\n<p>En t\u00e9rminos de coste, las pantallas LED de paso fino siguen siendo mucho m\u00e1s caras para tama\u00f1os de pantalla inferiores a 100&#8243;. En cuanto el tama\u00f1o de la pantalla supera las 100&#8243;, los precios de los LED de paso fino se vuelven incre\u00edblemente competitivos.[\/et_pb_text][\/et_pb_column][\/et_pb_row][\/et_pb_section][et_pb_section fb_built=\u00bb1&#8243; _builder_version=\u00bb4.9.3&#8243; _module_preset=\u00bbdefault\u00bb min_height=\u00bb332.1px\u00bb custom_margin=\u00bb35px|||||\u00bb custom_padding=\u00bb4px||6px|||\u00bb][et_pb_row _builder_version=\u00bb4.9.3&#8243; _module_preset=\u00bbdefault\u00bb custom_padding=\u00bb0px|||||\u00bb][et_pb_column type=\u00bb4_4&#8243; _builder_version=\u00bb4.9.3&#8243; _module_preset=\u00bbdefault\u00bb][et_pb_text _builder_version=\u00bb4.9.3&#8243; _module_preset=\u00bbdefault\u00bb text_font_size=\u00bb18px\u00bb custom_margin=\u00bb||-1px|||\u00bb hover_enabled=\u00bb0&#8243; sticky_enabled=\u00bb0&#8243; header_2_font_size=\u00bb17px\u00bb]<\/p>\n<h2><span style=\"color: #e09900;\"><strong>Sala de reuniones pared led Productos<\/strong><\/span><\/h2>\n<p>[\/et_pb_text][\/et_pb_column][\/et_pb_row][et_pb_row column_structure=\u00bb1_3,1_3,1_3&#8243; _builder_version=\u00bb4.9.3&#8243; _module_preset=\u00bbdefault\u00bb custom_padding=\u00bb5px|||||\u00bb][et_pb_column type=\u00bb1_3&#8243; _builder_version=\u00bb4.9.3&#8243; _module_preset=\u00bbdefault\u00bb][et_pb_image src=\u00bbhttps:\/\/vision-pi.net\/wp-content\/uploads\/2021\/05\/vx640-visionpi-1.jpg\u00bb alt=\u00bb640 mm led\u00bb title_text=\u00bbvx640 visionpi\u00bb url=\u00bbhttps:\/\/vision-pi.net\/product-vx640\/\u00bb _builder_version=\u00bb4.9.3&#8243; _module_preset=\u00bbdefault\u00bb][\/et_pb_image][\/et_pb_column][et_pb_column type=\u00bb1_3&#8243; _builder_version=\u00bb4.9.3&#8243; _module_preset=\u00bbdefault\u00bb][et_pb_image src=\u00bbhttps:\/\/vision-pi.net\/wp-content\/uploads\/2021\/04\/rear-view-dv600pro-fine-pixel-pitch-led-screen.jpg\u00bb alt=\u00bbvisionpi &#8211; pantalla LED de paso de p\u00edxel estrecho m\u00e1s delgada\u00bb title_text=\u00bbPantalla LED de paso de p\u00edxel fino DV600pro con vista trasera\u00bb url=\u00bbhttps:\/\/vision-pi.net\/led-video-wall\/\u00bb _builder_version=\u00bb4.9.3&#8243; _module_preset=\u00bbdefault\u00bb][\/et_pb_image][\/et_pb_column][et_pb_column type=\u00bb1_3&#8243; _builder_version=\u00bb4.9.3&#8243; _module_preset=\u00bbdefault\u00bb][et_pb_image src=\u00bbhttps:\/\/vision-pi.net\/wp-content\/uploads\/2021\/04\/rear-view-dv600-fine-pixel-pitch-led-screen-.jpg\u00bb alt=\u00bbserie dv600 de pantallas led de visualizaci\u00f3n directa\u00bb title_text=\u00bbvista trasera dv600 paso fino pixel pantalla led\u00bb url=\u00bbhttps:\/\/vision-pi.net\/fine-pitch-led-screen\/\u00bb _builder_version=\u00bb4.9.3&#8243; _module_preset=\u00bbdefault\u00bb][\/et_pb_image][\/et_pb_column][\/et_pb_row][\/et_pb_section][et_pb_section fb_built=\u00bb1&#8243; admin_label=\u00bbPromo Section\u00bb _builder_version=\u00bb4.9.1&#8243; background_color=\u00bbrgba(0,0,0,0.5)\u00bb background_image=\u00bbhttps:\/\/vision-pi.net\/wp-content\/uploads\/2021\/03\/Desktop.639413ac.vanish_wrestle_mania_2017.jpg\u00bb background_blend=\u00bbcolor\u00bb custom_padding=\u00bb35px||35px||true|\u00bb][et_pb_row _builder_version=\u00bb4.9.3&#8243; _module_preset=\u00bbdefault\u00bb module_alignment=\u00bbcenter\u00bb][et_pb_column type=\u00bb4_4&#8243; _builder_version=\u00bb4.9.1&#8243; _module_preset=\u00bbdefault\u00bb][et_pb_text _builder_version=\u00bb4.9.3&#8243; _module_preset=\u00bbdefault\u00bb header_font=\u00bb|800||on|||||\u00bb header_font_size=\u00bb21px\u00bb custom_margin=\u00bb||-5px|||\u00bb custom_padding=\u00bb8px|||||\u00bb]<\/p>\n<h1 style=\"text-align: center;\"><span style=\"color: #ffffff;\">Obtenga un presupuesto para una pared LED de alta calidad<\/span><\/h1>\n<p style=\"text-align: center;\"><span style=\"color: #ffffff;\"><span><strong>Nos apasiona ofrecerle el mejor servicio posible<\/strong><\/span><strong>s<\/strong><\/span><\/p>\n<p>[\/et_pb_text][\/et_pb_column][\/et_pb_row][et_pb_row _builder_version=\u00bb4.9.3&#8243; _module_preset=\u00bbdefault\u00bb module_alignment=\u00bbcenter\u00bb][et_pb_column type=\u00bb4_4&#8243; _builder_version=\u00bb4.9.3&#8243; _module_preset=\u00bbdefault\u00bb][et_pb_contact_form captcha=\u00bboff\u00bb email=\u00bblucas@vision-pi.com,ledscreenlukas@gmail.com,william@vision-pi.com\u00bb use_redirect=\u00bbon\u00bb redirect_url=\u00bbhttps:\/\/vision-pi.net\/thanks-for-reaching-us\/\u00bb success_message=\u00bb\u00a1\u00c9xito! \u00bb submit_button_text=\u00bbEnviar\u00bb _builder_version=\u00bb4.9.3&#8243; _module_preset=\u00bbdefault\u00bb form_field_line_height=\u00bb1.1em\u00bb custom_button=\u00bbon\u00bb button_text_size=\u00bb18px\u00bb button_text_color=\u00bb#FFFFFF\u00bb button_border_color=\u00bb#E09900&#8243; button_border_radius=\u00bb37px\u00bb width=\u00bb70%\u00bb max_width=\u00bb100%\u00bb module_alignment=\u00bbcenter\u00bb custom_margin=\u00bb|||11px||\u00bb button_bg_color__hover_enabled=\u00bbon|hover\u00bb button_bg_color__hover=\u00bb#E09900&#8243; button_bg_enable_color__hover=\u00bbon\u00bb][et_pb_contact_field field_id=\u00bbName\u00bb field_title=\u00bbNombre completo *\u00bb _builder_version=\u00bb4.9.3&#8243; button_text_size__hover_enabled=\u00bboff\u00bb button_one_text_size__hover_enabled=\u00bboff\u00bb button_two_text_size__hover_enabled=\u00bboff\u00bb button_text_color__hover_enabled=\u00bboff\u00bb button_one_text_color__hover_enabled=\u00bboff\u00bb button_two_text_color__hover_enabled=\u00bboff\u00bb button_border_width__hover_enabled=\u00bboff\u00bb button_one_border_width__hover_enabled=\u00bboff\u00bb button_two_border_width__hover_enabled=\u00bboff\u00bb button_border_color__hover_enabled=\u00bboff\u00bb button_one_border_color__hover_enabled=\u00bboff\u00bb button_two_border_color__hover_enabled=\u00bboff\u00bb button_border_radius__hover_enabled=\u00bboff\u00bb button_one_border_radius__hover_enabled=\u00bboff\u00bb button_two_border_radius__hover_enabled=\u00bboff\u00bb button_letter_spacing__hover_enabled=\u00bboff\u00bb button_one_letter_spacing__hover_enabled=\u00bboff\u00bb button_two_letter_spacing__hover_enabled=\u00bboff\u00bb button_bg_color__hover_enabled=\u00bboff\u00bb button_one_bg_color__hover_enabled=\u00bboff\u00bb button_two_bg_color__hover_enabled=\u00bboff\u00bb][\/et_pb_contact_field][et_pb_contact_field field_id=\u00bbposition\u00bb field_title=\u00bbPuesto\u00bb required_mark=\u00bboff\u00bb _builder_version=\u00bb4.9.3&#8243; button_text_size__hover_enabled=\u00bboff\u00bb button_one_text_size__hover_enabled=\u00bboff\u00bb button_two_text_size__hover_enabled=\u00bboff\u00bb button_text_color__hover_enabled=\u00bboff\u00bb button_one_text_color__hover_enabled=\u00bboff\u00bb button_two_text_color__hover_enabled=\u00bboff\u00bb button_border_width__hover_enabled=\u00bboff\u00bb button_one_border_width__hover_enabled=\u00bboff\u00bb button_two_border_width__hover_enabled=\u00bboff\u00bb button_border_color__hover_enabled=\u00bboff\u00bb button_one_border_color__hover_enabled=\u00bboff\u00bb button_two_border_color__hover_enabled=\u00bboff\u00bb button_border_radius__hover_enabled=\u00bboff\u00bb button_one_border_radius__hover_enabled=\u00bboff\u00bb button_two_border_radius__hover_enabled=\u00bboff\u00bb button_letter_spacing__hover_enabled=\u00bboff\u00bb button_one_letter_spacing__hover_enabled=\u00bboff\u00bb button_two_letter_spacing__hover_enabled=\u00bboff\u00bb button_bg_color__hover_enabled=\u00bboff\u00bb button_one_bg_color__hover_enabled=\u00bboff\u00bb button_two_bg_color__hover_enabled=\u00bboff\u00bb][\/et_pb_contact_field][et_pb_contact_field field_id=\u00bbcompany\u00bb field_title=\u00bbEmpresa *\u00bb _builder_version=\u00bb4.9.3&#8243; button_text_size__hover_enabled=\u00bboff\u00bb button_one_text_size__hover_enabled=\u00bboff\u00bb button_two_text_size__hover_enabled=\u00bboff\u00bb button_text_color__hover_enabled=\u00bboff\u00bb button_one_text_color__hover_enabled=\u00bboff\u00bb button_two_text_color__hover_enabled=\u00bboff\u00bb button_border_width__hover_enabled=\u00bboff\u00bb button_one_border_width__hover_enabled=\u00bboff\u00bb button_two_border_width__hover_enabled=\u00bboff\u00bb button_border_color__hover_enabled=\u00bboff\u00bb button_one_border_color__hover_enabled=\u00bboff\u00bb button_two_border_color__hover_enabled=\u00bboff\u00bb button_border_radius__hover_enabled=\u00bboff\u00bb button_one_border_radius__hover_enabled=\u00bboff\u00bb button_two_border_radius__hover_enabled=\u00bboff\u00bb button_letter_spacing__hover_enabled=\u00bboff\u00bb button_one_letter_spacing__hover_enabled=\u00bboff\u00bb button_two_letter_spacing__hover_enabled=\u00bboff\u00bb button_bg_color__hover_enabled=\u00bboff\u00bb button_one_bg_color__hover_enabled=\u00bboff\u00bb button_two_bg_color__hover_enabled=\u00bboff\u00bb][\/et_pb_contact_field][et_pb_contact_field field_id=\u00bbEmail\u00bb field_title=\u00bbDirecci\u00f3n de correo electr\u00f3nico *\u00bb field_type=\u00bbemail\u00bb _builder_version=\u00bb4.9.3&#8243; button_text_size__hover_enabled=\u00bboff\u00bb button_one_text_size__hover_enabled=\u00bboff\u00bb button_two_text_size__hover_enabled=\u00bboff\u00bb button_text_color__hover_enabled=\u00bboff\u00bb button_one_text_color__hover_enabled=\u00bboff\u00bb button_two_text_color__hover_enabled=\u00bboff\u00bb button_border_width__hover_enabled=\u00bboff\u00bb button_one_border_width__hover_enabled=\u00bboff\u00bb button_two_border_width__hover_enabled=\u00bboff\u00bb button_border_color__hover_enabled=\u00bboff\u00bb button_one_border_color__hover_enabled=\u00bboff\u00bb button_two_border_color__hover_enabled=\u00bboff\u00bb button_border_radius__hover_enabled=\u00bboff\u00bb button_one_border_radius__hover_enabled=\u00bboff\u00bb button_two_border_radius__hover_enabled=\u00bboff\u00bb button_letter_spacing__hover_enabled=\u00bboff\u00bb button_one_letter_spacing__hover_enabled=\u00bboff\u00bb button_two_letter_spacing__hover_enabled=\u00bboff\u00bb button_bg_color__hover_enabled=\u00bboff\u00bb button_one_bg_color__hover_enabled=\u00bboff\u00bb button_two_bg_color__hover_enabled=\u00bboff\u00bb][\/et_pb_contact_field][et_pb_contact_field field_id=\u00bbMessage\u00bb field_title=\u00bbMensaje *\u00bb field_type=\u00bbtext\u00bb fullwidth_field=\u00bbon\u00bb _builder_version=\u00bb4.9.3&#8243; button_text_size__hover_enabled=\u00bboff\u00bb button_one_text_size__hover_enabled=\u00bboff\u00bb button_two_text_size__hover_enabled=\u00bboff\u00bb button_text_color__hover_enabled=\u00bboff\u00bb button_one_text_color__hover_enabled=\u00bboff\u00bb button_two_text_color__hover_enabled=\u00bboff\u00bb button_border_width__hover_enabled=\u00bboff\u00bb button_one_border_width__hover_enabled=\u00bboff\u00bb button_two_border_width__hover_enabled=\u00bboff\u00bb button_border_color__hover_enabled=\u00bboff\u00bb button_one_border_color__hover_enabled=\u00bboff\u00bb button_two_border_color__hover_enabled=\u00bboff\u00bb button_border_radius__hover_enabled=\u00bboff\u00bb button_one_border_radius__hover_enabled=\u00bboff\u00bb button_two_border_radius__hover_enabled=\u00bboff\u00bb button_letter_spacing__hover_enabled=\u00bboff\u00bb button_one_letter_spacing__hover_enabled=\u00bboff\u00bb button_two_letter_spacing__hover_enabled=\u00bboff\u00bb button_bg_color__hover_enabled=\u00bboff\u00bb button_one_bg_color__hover_enabled=\u00bboff\u00bb button_two_bg_color__hover_enabled=\u00bboff\u00bb][\/et_pb_contact_field][\/et_pb_contact_form][\/et_pb_column][\/et_pb_row][\/et_pb_section]<\/p>\n<span class=\"et_bloom_bottom_trigger\"><\/span>","protected":false},"excerpt":{"rendered":"<p>Sala de reuniones pared led Mejora tu entorno corporativo&nbsp; (1) Las pantallas LED de paso fino para empresas se utilizan principalmente en salas de juntas (aproximadamente el 70%), salas de exposiciones y vest\u00edbulos. Las paredes LED utilizadas en salas de juntas y salas de exposiciones suelen funcionar con un 30% de brillo o menos; es [&hellip;]<\/p>\n","protected":false},"author":1,"featured_media":0,"parent":0,"menu_order":0,"comment_status":"closed","ping_status":"closed","template":"","meta":{"_et_pb_use_builder":"on","_et_pb_old_content":"","_et_gb_content_width":"","footnotes":""},"class_list":["post-21840","page","type-page","status-publish","hentry"],"aioseo_notices":[],"_links":{"self":[{"href":"https:\/\/vision-pi.net\/es\/wp-json\/wp\/v2\/pages\/21840","targetHints":{"allow":["GET"]}}],"collection":[{"href":"https:\/\/vision-pi.net\/es\/wp-json\/wp\/v2\/pages"}],"about":[{"href":"https:\/\/vision-pi.net\/es\/wp-json\/wp\/v2\/types\/page"}],"author":[{"embeddable":true,"href":"https:\/\/vision-pi.net\/es\/wp-json\/wp\/v2\/users\/1"}],"replies":[{"embeddable":true,"href":"https:\/\/vision-pi.net\/es\/wp-json\/wp\/v2\/comments?post=21840"}],"version-history":[{"count":0,"href":"https:\/\/vision-pi.net\/es\/wp-json\/wp\/v2\/pages\/21840\/revisions"}],"wp:attachment":[{"href":"https:\/\/vision-pi.net\/es\/wp-json\/wp\/v2\/media?parent=21840"}],"curies":[{"name":"wp","href":"https:\/\/api.w.org\/{rel}","templated":true}]}}