{"id":22411,"date":"2021-09-06T20:29:39","date_gmt":"2021-09-06T12:29:39","guid":{"rendered":"https:\/\/vision-pi.net\/muro-de-leds-de-radiodifusion\/"},"modified":"2025-11-25T11:39:07","modified_gmt":"2025-11-25T03:39:07","slug":"muro-de-leds-de-radiodifusion","status":"publish","type":"page","link":"https:\/\/vision-pi.net\/es\/muro-de-leds-de-radiodifusion\/","title":{"rendered":"Muro de leds de radiodifusi\u00f3n"},"content":{"rendered":"<p>[et_pb_section fb_built=\u00bb1&#8243; fullwidth=\u00bbon\u00bb _builder_version=\u00bb4.16&#8243; _module_preset=\u00bbdefault\u00bb global_colors_info=\u00bb{}\u00bb][et_pb_fullwidth_image src=\u00bbhttps:\/\/vision-pi.net\/wp-content\/uploads\/2024\/08\/7680hz-led-display-for-studio-.png\u00bb alt=\u00bbpantalla led 7680hz para estudio\u00bb title_text=\u00bbpantalla led 7680hz para estudio\u00bb _builder_version=\u00bb4.23.1&#8243; _module_preset=\u00bbdefault\u00bb global_colors_info=\u00bb{}\u00bb][\/et_pb_fullwidth_image][\/et_pb_section][et_pb_section fb_built=\u00bb1&#8243; _builder_version=\u00bb4.16&#8243; custom_padding=\u00bb36px||10px|||\u00bb global_colors_info=\u00bb{}\u00bb][et_pb_row column_structure=\u00bb1_2,1_2&#8243; _builder_version=\u00bb4.16&#8243; custom_padding=\u00bb0px|||||\u00bb global_colors_info=\u00bb{}\u00bb][et_pb_column type=\u00bb1_2&#8243; _builder_version=\u00bb4.16&#8243; custom_padding=\u00bb|||\u00bb global_colors_info=\u00bb{}\u00bb custom_padding__hover=\u00bb|||\u00bb][et_pb_text admin_label=\u00bbDiscover Beatuty Title\u00bb _builder_version=\u00bb4.16&#8243; text_font=\u00bb||||\u00bb text_text_color=\u00bb#1a1a1a\u00bb header_font=\u00bbOswald|on||on|\u00bb header_text_align=\u00bbleft\u00bb header_font_size=\u00bb60px\u00bb header_line_height=\u00bb1.3em\u00bb custom_margin=\u00bb||-44px||false|false\u00bb custom_padding=\u00bb0px||0px|||\u00bb animation_style=\u00bbslide\u00bb animation_direction=\u00bb%22fade_in%22&#8243; animation_duration=\u00bb500ms\u00bb animation_intensity_slide=\u00bb10%\u00bb border_color_left=\u00bb#E02B20&#8243; global_colors_info=\u00bb{}\u00bb]<\/p>\n<h1><span style=\"font-size: large;\">Videowall led de radiodifusi\u00f3n<\/span><\/h1>\n<p>[\/et_pb_text][et_pb_divider color=\u00bb#ed4441&#8243; divider_position=\u00bbcenter\u00bb divider_weight=\u00bb3px\u00bb disabled_on=\u00bboff|off|off\u00bb _builder_version=\u00bb4.16&#8243; max_width=\u00bb150px\u00bb height=\u00bb34px\u00bb custom_margin=\u00bb||-1px|||\u00bb animation_style=\u00bbslide\u00bb animation_direction=\u00bbtop\u00bb animation_delay=\u00bb200ms\u00bb animation_intensity_slide=\u00bb10%\u00bb global_colors_info=\u00bb{}\u00bb][\/et_pb_divider][et_pb_text disabled_on=\u00bbon|on|off%22%22&#8243; admin_label=\u00bbDiscover Beatuty Text\u00bb _builder_version=\u00bb4.16&#8243; text_font=\u00bbRoboto||||\u00bb text_font_size=\u00bb16px\u00bb text_line_height=\u00bb1.9em\u00bb custom_padding=\u00bb19px|||||\u00bb animation_style=\u00bbslide\u00bb animation_direction=\u00bbtop\u00bb animation_delay=\u00bb300ms\u00bb animation_intensity_slide=\u00bb10%\u00bb global_colors_info=\u00bb{}\u00bb]<\/p>\n<p>El videowall LED de difusi\u00f3n profesional sirvi\u00f3 de punto de entrada cuando las pantallas LED de paso fino penetraron por primera vez en el mercado de las pantallas de interior. La necesidad de pantallas inteligentes fue la fuerza impulsora del \u00e9xito de la aplicaci\u00f3n de las pantallas LED de paso fino en el campo de las pantallas profesionales, y las palabras clave son escenarios de control. La categor\u00eda de pantallas profesionales se refiere principalmente a las<strong> relacionadas con la difusi\u00f3n<\/strong> profesional<strong>.<\/strong>  <\/p>\n<p>[\/et_pb_text][\/et_pb_column][et_pb_column type=\u00bb1_2&#8243; _builder_version=\u00bb4.16&#8243; custom_padding=\u00bb|||\u00bb global_colors_info=\u00bb{}\u00bb custom_padding__hover=\u00bb|||\u00bb][et_pb_image src=\u00bbhttps:\/\/vision-pi.net\/wp-content\/uploads\/2021\/09\/broad-catsting-.png\u00bb title_text=\u00bbde amplio espectro\u00bb force_fullwidth=\u00bbon\u00bb align_tablet=\u00bbcenter\u00bb align_phone=\u00bb\u00bb align_last_edited=\u00bbon|desktop\u00bb _builder_version=\u00bb4.16&#8243; custom_margin=\u00bb-9px|||||\u00bb custom_padding=\u00bb51px|||||\u00bb animation_style=\u00bbfold\u00bb animation_direction=\u00bbright\u00bb animation_intensity_fold=\u00bb20%\u00bb animation=\u00bbfade_in\u00bb global_colors_info=\u00bb{}\u00bb][\/et_pb_image][\/et_pb_column][\/et_pb_row][et_pb_row _builder_version=\u00bb4.23.1&#8243; _module_preset=\u00bbdefault\u00bb global_colors_info=\u00bb{}\u00bb][et_pb_column type=\u00bb4_4&#8243; _builder_version=\u00bb4.23.1&#8243; _module_preset=\u00bbdefault\u00bb global_colors_info=\u00bb{}\u00bb][et_pb_text _builder_version=\u00bb4.23.1&#8243; _module_preset=\u00bbdefault\u00bb global_colors_info=\u00bb{}\u00bb]<\/p>\n<p>Las pantallas LED de difusi\u00f3n son pantallas de alta resoluci\u00f3n que muestran contenidos de v\u00eddeo, anuncios e informaci\u00f3n en entornos p\u00fablicos y privados. Utilizando diodos emisores de luz (LED), estas pantallas ofrecen im\u00e1genes vibrantes y vivas, que captan la atenci\u00f3n de grandes audiencias. <\/p>\n<p><strong>Aplicaciones:<\/strong><\/p>\n<p>&#8211; <strong>Estadios y Arenas<\/strong>: Im\u00e1genes de partidos en directo, repeticiones y anuncios.<br \/>&#8211; <strong>Salas de conciertos<\/strong>: Actuaciones en directo e informaci\u00f3n sobre eventos.<br \/>&#8211; <strong>Vallas Publicitarias<\/strong>: Mensajes din\u00e1micos de marketing.<br \/>&#8211; <strong>Espacios p\u00fablicos<\/strong>: Informaci\u00f3n y anuncios p\u00fablicos.<\/p>\n<p>[\/et_pb_text][\/et_pb_column][\/et_pb_row][\/et_pb_section][et_pb_section fb_built=\u00bb1&#8243; _builder_version=\u00bb4.23.1&#8243; _module_preset=\u00bbdefault\u00bb background_image=\u00bbhttps:\/\/vision-pi.net\/wp-content\/uploads\/2024\/08\/broad-casting-led-wall-.png\u00bb custom_padding=\u00bb385px||189px|||\u00bb global_colors_info=\u00bb{}\u00bb][\/et_pb_section][et_pb_section fb_built=\u00bb1&#8243; _builder_version=\u00bb4.16&#8243; _module_preset=\u00bbdefault\u00bb custom_padding=\u00bb0px||37px|||\u00bb border_color_top=\u00bb#E02B20&#8243; global_colors_info=\u00bb{}\u00bb][et_pb_row _builder_version=\u00bb4.23.1&#8243; _module_preset=\u00bbdefault\u00bb custom_padding=\u00bb49px|||||\u00bb hover_enabled=\u00bb0&#8243; border_color_top=\u00bb#E09900&#8243; global_colors_info=\u00bb{}\u00bb sticky_enabled=\u00bb0&#8243;][et_pb_column type=\u00bb4_4&#8243; _builder_version=\u00bb4.16&#8243; _module_preset=\u00bbdefault\u00bb global_colors_info=\u00bb{}\u00bb][et_pb_text _builder_version=\u00bb4.16&#8243; _module_preset=\u00bbdefault\u00bb header_text_align=\u00bbcenter\u00bb header_5_text_align=\u00bbleft\u00bb header_5_font_size=\u00bb19px\u00bb custom_margin=\u00bb||4px|||\u00bb custom_padding=\u00bb13px|||||\u00bb border_color_all=\u00bb#E02B20&#8243; border_width_left=\u00bb6px\u00bb global_colors_info=\u00bb{}\u00bb]<\/p>\n<h5><span style=\"color: #000000;\"><strong>Cautiva a tus espectadores con soluciones de visualizaci\u00f3n de alta calidad.<\/strong><\/span><\/h5>\n<p>[\/et_pb_text][et_pb_text _builder_version=\u00bb4.23.1&#8243; _module_preset=\u00bbdefault\u00bb global_colors_info=\u00bb{}\u00bb]<\/p>\n<p><strong>Pantalla LED Atractivo est\u00e9tico:<\/strong><\/p>\n<ul>\n<li><strong>Integraci\u00f3n perfecta:<\/strong> La pantalla debe integrarse perfectamente en el dise\u00f1o del estudio, mejorando el atractivo visual general.<\/li>\n<li><strong>Dise\u00f1os curvos y 3D:<\/strong> Estos dise\u00f1os pueden crear una experiencia m\u00e1s envolvente, a\u00f1adiendo profundidad y dinamismo al contenido emitido.<\/li>\n<li><strong>Personalizaci\u00f3n:<\/strong> La posibilidad de personalizar la forma, el tama\u00f1o y la resoluci\u00f3n para adaptarlos a las necesidades espec\u00edficas del estudio.<\/li>\n<\/ul>\n<p>[\/et_pb_text][et_pb_text _builder_version=\u00bb4.23.1&#8243; _module_preset=\u00bbdefault\u00bb custom_padding=\u00bb0px|||||\u00bb global_colors_info=\u00bb{}\u00bb custom_margin=\u00bb||5px|||\u00bb]<\/p>\n<p><strong>Caracter\u00edsticas t\u00e9cnicas<\/strong><\/p>\n<p><strong>(1) Se requiere un rendimiento estable y una alta fiabilidad.<\/strong> La redundancia de alimentaci\u00f3n y datos es opcional en funci\u00f3n de los proyectos espec\u00edficos.  <strong><\/strong><\/p>\n<p><strong>(2) El intercambio en caliente es imprescindible<\/strong>. Si surgen problemas durante el rodaje o la emisi\u00f3n, debe ser posible realizar reparaciones o sustituciones r\u00e1pidas. <\/p>\n<p><strong>(3) El efecto moir\u00e9 es el l\u00edmite f\u00edsico de las pantallas LED.<\/strong>  Hasta ahora no hay forma de eliminar el efecto moir\u00e9, pero existen m\u00e9todos para minimizarlo, como ajustar la distancia y el \u00e1ngulo de la c\u00e1mara, a\u00f1adir una pel\u00edcula de tratamiento \u00f3ptico o pegamento a la superficie de la pantalla LED y eliminar las m\u00e1scaras de los m\u00f3dulos. Estas medidas pueden ayudar, pero no hay garant\u00eda de que se elimine por completo el efecto moir\u00e9. <\/p>\n<p>[\/et_pb_text][et_pb_image src=\u00bbhttps:\/\/vision-pi.net\/wp-content\/uploads\/2024\/09\/moire-effect-remove.webp\u00bb _builder_version=\u00bb4.23.1&#8243; _module_preset=\u00bbdefault\u00bb hover_enabled=\u00bb0&#8243; sticky_enabled=\u00bb0&#8243; custom_padding=\u00bb0px|||||\u00bb alt=\u00bbpantalla led eliminar efecto moir\u00e9\u00bb title_text=\u00bbpantalla led eliminar efecto moir\u00e9\u00bb custom_margin=\u00bb||7px|||\u00bb][\/et_pb_image][et_pb_text _builder_version=\u00bb4.23.1&#8243; _module_preset=\u00bbdefault\u00bb custom_padding=\u00bb0px|||||\u00bb hover_enabled=\u00bb0&#8243; global_colors_info=\u00bb{}\u00bb sticky_enabled=\u00bb0&#8243;]<\/p>\n<p><strong>(4) Se necesita una frecuencia de actualizaci\u00f3n alta para adaptarse a la velocidad de obturaci\u00f3n de las c\u00e1maras HD o UHD.<\/strong>  La frecuencia de actualizaci\u00f3n t\u00edpica de las pantallas LED de paso fino en esta aplicaci\u00f3n es de 7680 Hz.<\/p>\n<p><strong>(5) Puede ser necesaria la flexibilidad y la personalizaci\u00f3n.<\/strong>  Los estudios de TV son entornos vibrantes que se dise\u00f1an en funci\u00f3n de las necesidades de producci\u00f3n. El dise\u00f1o modular de las pantallas LED da a los escen\u00f3grafos m\u00e1s flexibilidad, permitiendo construir fondos de v\u00eddeo de cualquier tama\u00f1o y forma. Algunos dise\u00f1os personalizados pueden incluso requerir el uso de m\u00f3dulos flexibles\/blandos.  <\/p>\n<p>[\/et_pb_text][\/et_pb_column][\/et_pb_row][et_pb_row column_structure=\u00bb1_3,1_3,1_3&#8243; _builder_version=\u00bb4.23.1&#8243; _module_preset=\u00bbdefault\u00bb global_colors_info=\u00bb{}\u00bb][et_pb_column type=\u00bb1_3&#8243; _builder_version=\u00bb4.16&#8243; _module_preset=\u00bbdefault\u00bb global_colors_info=\u00bb{}\u00bb][et_pb_image src=\u00bbhttps:\/\/vision-pi.net\/wp-content\/uploads\/2024\/06\/high-brightness-cob-led-display.webp\u00bb alt=\u00bbpantalla LED COB de alto brillo\u00bb title_text=\u00bbpantalla LED COB de alto brillo\u00bb _builder_version=\u00bb4.23.1&#8243; _module_preset=\u00bbdefault\u00bb global_colors_info=\u00bb{}\u00bb][\/et_pb_image][et_pb_text _builder_version=\u00bb4.23.1&#8243; _module_preset=\u00bbdefault\u00bb custom_margin=\u00bb-21px|||||\u00bb global_colors_info=\u00bb{}\u00bb]<\/p>\n<p style=\"text-align: center;\"><strong>Micro LED COB<\/strong><\/p>\n<p>[\/et_pb_text][\/et_pb_column][et_pb_column type=\u00bb1_3&#8243; _builder_version=\u00bb4.16&#8243; _module_preset=\u00bbdefault\u00bb global_colors_info=\u00bb{}\u00bb][et_pb_image src=\u00bbhttps:\/\/vision-pi.net\/wp-content\/uploads\/2021\/04\/rear-view-dv600pro-fine-pixel-pitch-led-screen.jpg\u00bb alt=\u00bbvisionpi &#8211; pantalla LED de paso de p\u00edxel estrecho m\u00e1s delgada\u00bb title_text=\u00bbPantalla LED de paso de p\u00edxel fino DV600pro con vista trasera\u00bb _builder_version=\u00bb4.16&#8243; _module_preset=\u00bbdefault\u00bb global_colors_info=\u00bb{}\u00bb][\/et_pb_image][et_pb_text _builder_version=\u00bb4.23.1&#8243; _module_preset=\u00bbdefault\u00bb custom_margin=\u00bb-21px|||||\u00bb custom_padding=\u00bb31px|||||\u00bb global_colors_info=\u00bb{}\u00bb]<\/p>\n<p style=\"text-align: center;\"><strong>GOB Mini LED<\/strong><\/p>\n<p>[\/et_pb_text][\/et_pb_column][et_pb_column type=\u00bb1_3&#8243; _builder_version=\u00bb4.16&#8243; _module_preset=\u00bbdefault\u00bb global_colors_info=\u00bb{}\u00bb][et_pb_image src=\u00bbhttps:\/\/vision-pi.net\/wp-content\/uploads\/2021\/04\/rear-view-dv600-fine-pixel-pitch-led-screen-.jpg\u00bb alt=\u00bbserie dv600 de pantallas led de visualizaci\u00f3n directa\u00bb title_text=\u00bbvista trasera dv600 paso fino pixel pantalla led\u00bb _builder_version=\u00bb4.16&#8243; _module_preset=\u00bbdefault\u00bb global_colors_info=\u00bb{}\u00bb][\/et_pb_image][et_pb_text _builder_version=\u00bb4.23.1&#8243; _module_preset=\u00bbdefault\u00bb custom_margin=\u00bb-21px|||||\u00bb custom_padding=\u00bb31px|||||\u00bb global_colors_info=\u00bb{}\u00bb]<\/p>\n<p style=\"text-align: center;\"><strong>Paso fino SMD<\/strong><\/p>\n<p>[\/et_pb_text][\/et_pb_column][\/et_pb_row][\/et_pb_section][et_pb_section fb_built=\u00bb1&#8243; fullwidth=\u00bbon\u00bb _builder_version=\u00bb4.23.1&#8243; _module_preset=\u00bbdefault\u00bb global_colors_info=\u00bb{}\u00bb][et_pb_fullwidth_image src=\u00bbhttps:\/\/vision-pi.net\/wp-content\/uploads\/2024\/07\/curve-broad-casting-led-wall-.webp\u00bb alt=\u00bbcurva amplia fundici\u00f3n led pared\u00bb title_text=\u00bbcurva amplia fundici\u00f3n led pared\u00bb _builder_version=\u00bb4.23.1&#8243; _module_preset=\u00bbdefault\u00bb global_colors_info=\u00bb{}\u00bb][\/et_pb_fullwidth_image][\/et_pb_section][et_pb_section fb_built=\u00bb1&#8243; _builder_version=\u00bb4.23.1&#8243; _module_preset=\u00bbdefault\u00bb custom_padding=\u00bb21px||37px|||\u00bb global_colors_info=\u00bb{}\u00bb][et_pb_row _builder_version=\u00bb4.23.1&#8243; _module_preset=\u00bbdefault\u00bb custom_padding=\u00bb17px|||||\u00bb global_colors_info=\u00bb{}\u00bb][et_pb_column type=\u00bb4_4&#8243; _builder_version=\u00bb4.23.1&#8243; _module_preset=\u00bbdefault\u00bb global_colors_info=\u00bb{}\u00bb][et_pb_text _builder_version=\u00bb4.23.1&#8243; _module_preset=\u00bbdefault\u00bb custom_padding=\u00bb0px|||||\u00bb global_colors_info=\u00bb{}\u00bb]<\/p>\n<p>Una<a href=\"https:\/\/vision-pi.net\/es\/pantalla-led-cob-flexible\/\"> pantalla LED COB curva flexible<\/a> para estudios ofrece una curvatura sin fisuras, mejorando la experiencia visual y ampliando la distancia de visi\u00f3n. Las caracter\u00edsticas principales son:<\/p>\n<p>&#8211; <strong>Curvatura suave<\/strong>: Crea una experiencia visual envolvente.<br \/>&#8211; <strong>\u00c1ngulo de visi\u00f3n m\u00e1s amplio<\/strong>: Garantiza una visibilidad clara desde m\u00faltiples posiciones.<br \/>&#8211; <strong>Alta resoluci\u00f3n<\/strong>: Proporciona im\u00e1genes n\u00edtidas y vibrantes.<br \/>&#8211; Duradera: Tecnolog\u00eda COB de larga duraci\u00f3n.<br \/>&#8211; <strong>Personalizable<\/strong>: Se adapta a varios dise\u00f1os de estudio.<br \/> &#8211;<strong> F\u00e1cil integraci\u00f3n<\/strong>: Compatible con los sistemas de estudio existentes.<br \/><strong>&#8211; Uso vers\u00e1til<\/strong>: Ideal para emisi\u00f3n, producci\u00f3n y plat\u00f3s virtuales.<\/p>\n<p>Mejora tu estudio con una pantalla LED COB curva flexible para una presentaci\u00f3n visual superior.<\/p>\n<p>[\/et_pb_text][\/et_pb_column][\/et_pb_row][et_pb_row _builder_version=\u00bb4.23.1&#8243; _module_preset=\u00bbdefault\u00bb custom_padding=\u00bb13px|||||\u00bb global_colors_info=\u00bb{}\u00bb][et_pb_column type=\u00bb4_4&#8243; _builder_version=\u00bb4.23.1&#8243; _module_preset=\u00bbdefault\u00bb global_colors_info=\u00bb{}\u00bb][et_pb_image src=\u00bbhttps:\/\/vision-pi.net\/wp-content\/uploads\/2024\/05\/flexible-led-display-die-casting-aluminum.webp\u00bb alt=\u00bbpantalla led flexible fundici\u00f3n de aluminio\u00bb title_text=\u00bbpantalla led flexible fundici\u00f3n de aluminio\u00bb url=\u00bbhttps:\/\/vision-pi.net\/es\/pantalla-led-cob-flexible\/\u00bb url_new_window=\u00bbon\u00bb align=\u00bbcenter\u00bb _builder_version=\u00bb4.23.1&#8243; _module_preset=\u00bbdefault\u00bb width=\u00bb50%\u00bb global_colors_info=\u00bb{}\u00bb][\/et_pb_image][\/et_pb_column][\/et_pb_row][\/et_pb_section][et_pb_section fb_built=\u00bb1&#8243; admin_label=\u00bbPromo Section\u00bb _builder_version=\u00bb4.16&#8243; background_color=\u00bbrgba(0,0,0,0.5)\u00bb background_image=\u00bbhttps:\/\/vision-pi.net\/wp-content\/uploads\/2021\/09\/broad-casting-led-display-visionpi-scaled.jpg\u00bb background_blend=\u00bbcolor\u00bb custom_padding=\u00bb35px||35px||true|\u00bb global_colors_info=\u00bb{}\u00bb][et_pb_row _builder_version=\u00bb4.16&#8243; _module_preset=\u00bbdefault\u00bb module_alignment=\u00bbcenter\u00bb global_colors_info=\u00bb{}\u00bb][et_pb_column type=\u00bb4_4&#8243; _builder_version=\u00bb4.16&#8243; _module_preset=\u00bbdefault\u00bb global_colors_info=\u00bb{}\u00bb][et_pb_text _builder_version=\u00bb4.16&#8243; _module_preset=\u00bbdefault\u00bb header_font=\u00bb|800||on|||||\u00bb header_font_size=\u00bb21px\u00bb custom_margin=\u00bb||-5px|||\u00bb custom_padding=\u00bb8px|||||\u00bb global_colors_info=\u00bb{}\u00bb]<\/p>\n<h1 style=\"text-align: center;\"><span style=\"color: #ffffff;\">Obtenga un presupuesto para una pared LED de alta calidad<\/span><\/h1>\n<p style=\"text-align: center;\"><span style=\"color: #ffffff;\"><span><strong>Nos apasiona ofrecerle el mejor servicio posible<\/strong><\/span><strong>s<\/strong><\/span><\/p>\n<p>[\/et_pb_text][\/et_pb_column][\/et_pb_row][et_pb_row _builder_version=\u00bb4.16&#8243; _module_preset=\u00bbdefault\u00bb module_alignment=\u00bbcenter\u00bb global_colors_info=\u00bb{}\u00bb][et_pb_column type=\u00bb4_4&#8243; _builder_version=\u00bb4.16&#8243; _module_preset=\u00bbdefault\u00bb global_colors_info=\u00bb{}\u00bb][et_pb_contact_form captcha=\u00bboff\u00bb email=\u00bblucas@vision-pi.com,ledscreenlukas@gmail.com,william@vision-pi.net\u00bb use_redirect=\u00bbon\u00bb redirect_url=\u00bbhttps:\/\/vision-pi.net\/es\/gracias-por-llegar-hasta-nosotros\/\u00bb success_message=\u00bb\u00a1\u00c9xito! \u00bb submit_button_text=\u00bbEnviar\u00bb _builder_version=\u00bb4.16&#8243; _module_preset=\u00bbdefault\u00bb _unique_id=\u00bb54bb988d-01d7-4bf8-a22b-b9f02d15cade\u00bb form_field_line_height=\u00bb1.1em\u00bb custom_button=\u00bbon\u00bb button_text_size=\u00bb18px\u00bb button_text_color=\u00bb#FFFFFF\u00bb button_border_color=\u00bb#E09900&#8243; button_border_radius=\u00bb37px\u00bb width=\u00bb70%\u00bb max_width=\u00bb100%\u00bb module_alignment=\u00bbcenter\u00bb custom_margin=\u00bb|||11px||\u00bb global_colors_info=\u00bb{}\u00bb button_bg_color__hover_enabled=\u00bbon|hover\u00bb button_bg_color__hover=\u00bb#E09900&#8243; button_bg_enable_color__hover=\u00bbon\u00bb][et_pb_contact_field field_id=\u00bbName\u00bb field_title=\u00bbNombre completo *\u00bb _builder_version=\u00bb4.16&#8243; global_colors_info=\u00bb{}\u00bb button_text_size__hover_enabled=\u00bboff\u00bb button_one_text_size__hover_enabled=\u00bboff\u00bb button_two_text_size__hover_enabled=\u00bboff\u00bb button_text_color__hover_enabled=\u00bboff\u00bb button_one_text_color__hover_enabled=\u00bboff\u00bb button_two_text_color__hover_enabled=\u00bboff\u00bb button_border_width__hover_enabled=\u00bboff\u00bb button_one_border_width__hover_enabled=\u00bboff\u00bb button_two_border_width__hover_enabled=\u00bboff\u00bb button_border_color__hover_enabled=\u00bboff\u00bb button_one_border_color__hover_enabled=\u00bboff\u00bb button_two_border_color__hover_enabled=\u00bboff\u00bb button_border_radius__hover_enabled=\u00bboff\u00bb button_one_border_radius__hover_enabled=\u00bboff\u00bb button_two_border_radius__hover_enabled=\u00bboff\u00bb button_letter_spacing__hover_enabled=\u00bboff\u00bb button_one_letter_spacing__hover_enabled=\u00bboff\u00bb button_two_letter_spacing__hover_enabled=\u00bboff\u00bb button_bg_color__hover_enabled=\u00bboff\u00bb button_one_bg_color__hover_enabled=\u00bboff\u00bb button_two_bg_color__hover_enabled=\u00bboff\u00bb][\/et_pb_contact_field][et_pb_contact_field field_id=\u00bbposition\u00bb field_title=\u00bbPuesto\u00bb required_mark=\u00bboff\u00bb _builder_version=\u00bb4.16&#8243; global_colors_info=\u00bb{}\u00bb button_text_size__hover_enabled=\u00bboff\u00bb button_one_text_size__hover_enabled=\u00bboff\u00bb button_two_text_size__hover_enabled=\u00bboff\u00bb button_text_color__hover_enabled=\u00bboff\u00bb button_one_text_color__hover_enabled=\u00bboff\u00bb button_two_text_color__hover_enabled=\u00bboff\u00bb button_border_width__hover_enabled=\u00bboff\u00bb button_one_border_width__hover_enabled=\u00bboff\u00bb button_two_border_width__hover_enabled=\u00bboff\u00bb button_border_color__hover_enabled=\u00bboff\u00bb button_one_border_color__hover_enabled=\u00bboff\u00bb button_two_border_color__hover_enabled=\u00bboff\u00bb button_border_radius__hover_enabled=\u00bboff\u00bb button_one_border_radius__hover_enabled=\u00bboff\u00bb button_two_border_radius__hover_enabled=\u00bboff\u00bb button_letter_spacing__hover_enabled=\u00bboff\u00bb button_one_letter_spacing__hover_enabled=\u00bboff\u00bb button_two_letter_spacing__hover_enabled=\u00bboff\u00bb button_bg_color__hover_enabled=\u00bboff\u00bb button_one_bg_color__hover_enabled=\u00bboff\u00bb button_two_bg_color__hover_enabled=\u00bboff\u00bb][\/et_pb_contact_field][et_pb_contact_field field_id=\u00bbcompany\u00bb field_title=\u00bbEmpresa *\u00bb _builder_version=\u00bb4.16&#8243; global_colors_info=\u00bb{}\u00bb button_text_size__hover_enabled=\u00bboff\u00bb button_one_text_size__hover_enabled=\u00bboff\u00bb button_two_text_size__hover_enabled=\u00bboff\u00bb button_text_color__hover_enabled=\u00bboff\u00bb button_one_text_color__hover_enabled=\u00bboff\u00bb button_two_text_color__hover_enabled=\u00bboff\u00bb button_border_width__hover_enabled=\u00bboff\u00bb button_one_border_width__hover_enabled=\u00bboff\u00bb button_two_border_width__hover_enabled=\u00bboff\u00bb button_border_color__hover_enabled=\u00bboff\u00bb button_one_border_color__hover_enabled=\u00bboff\u00bb button_two_border_color__hover_enabled=\u00bboff\u00bb button_border_radius__hover_enabled=\u00bboff\u00bb button_one_border_radius__hover_enabled=\u00bboff\u00bb button_two_border_radius__hover_enabled=\u00bboff\u00bb button_letter_spacing__hover_enabled=\u00bboff\u00bb button_one_letter_spacing__hover_enabled=\u00bboff\u00bb button_two_letter_spacing__hover_enabled=\u00bboff\u00bb button_bg_color__hover_enabled=\u00bboff\u00bb button_one_bg_color__hover_enabled=\u00bboff\u00bb button_two_bg_color__hover_enabled=\u00bboff\u00bb][\/et_pb_contact_field][et_pb_contact_field field_id=\u00bbEmail\u00bb field_title=\u00bbDirecci\u00f3n de correo electr\u00f3nico *\u00bb field_type=\u00bbemail\u00bb _builder_version=\u00bb4.16&#8243; global_colors_info=\u00bb{}\u00bb button_text_size__hover_enabled=\u00bboff\u00bb button_one_text_size__hover_enabled=\u00bboff\u00bb button_two_text_size__hover_enabled=\u00bboff\u00bb button_text_color__hover_enabled=\u00bboff\u00bb button_one_text_color__hover_enabled=\u00bboff\u00bb button_two_text_color__hover_enabled=\u00bboff\u00bb button_border_width__hover_enabled=\u00bboff\u00bb button_one_border_width__hover_enabled=\u00bboff\u00bb button_two_border_width__hover_enabled=\u00bboff\u00bb button_border_color__hover_enabled=\u00bboff\u00bb button_one_border_color__hover_enabled=\u00bboff\u00bb button_two_border_color__hover_enabled=\u00bboff\u00bb button_border_radius__hover_enabled=\u00bboff\u00bb button_one_border_radius__hover_enabled=\u00bboff\u00bb button_two_border_radius__hover_enabled=\u00bboff\u00bb button_letter_spacing__hover_enabled=\u00bboff\u00bb button_one_letter_spacing__hover_enabled=\u00bboff\u00bb button_two_letter_spacing__hover_enabled=\u00bboff\u00bb button_bg_color__hover_enabled=\u00bboff\u00bb button_one_bg_color__hover_enabled=\u00bboff\u00bb button_two_bg_color__hover_enabled=\u00bboff\u00bb][\/et_pb_contact_field][et_pb_contact_field field_id=\u00bbMessage\u00bb field_title=\u00bbMensaje *\u00bb field_type=\u00bbtext\u00bb fullwidth_field=\u00bbon\u00bb _builder_version=\u00bb4.16&#8243; global_colors_info=\u00bb{}\u00bb button_text_size__hover_enabled=\u00bboff\u00bb button_one_text_size__hover_enabled=\u00bboff\u00bb button_two_text_size__hover_enabled=\u00bboff\u00bb button_text_color__hover_enabled=\u00bboff\u00bb button_one_text_color__hover_enabled=\u00bboff\u00bb button_two_text_color__hover_enabled=\u00bboff\u00bb button_border_width__hover_enabled=\u00bboff\u00bb button_one_border_width__hover_enabled=\u00bboff\u00bb button_two_border_width__hover_enabled=\u00bboff\u00bb button_border_color__hover_enabled=\u00bboff\u00bb button_one_border_color__hover_enabled=\u00bboff\u00bb button_two_border_color__hover_enabled=\u00bboff\u00bb button_border_radius__hover_enabled=\u00bboff\u00bb button_one_border_radius__hover_enabled=\u00bboff\u00bb button_two_border_radius__hover_enabled=\u00bboff\u00bb button_letter_spacing__hover_enabled=\u00bboff\u00bb button_one_letter_spacing__hover_enabled=\u00bboff\u00bb button_two_letter_spacing__hover_enabled=\u00bboff\u00bb button_bg_color__hover_enabled=\u00bboff\u00bb button_one_bg_color__hover_enabled=\u00bboff\u00bb button_two_bg_color__hover_enabled=\u00bboff\u00bb][\/et_pb_contact_field][\/et_pb_contact_form][\/et_pb_column][\/et_pb_row][\/et_pb_section]<\/p>\n<span class=\"et_bloom_bottom_trigger\"><\/span>","protected":false},"excerpt":{"rendered":"<p>Videowall led de radiodifusi\u00f3nEl videowall LED de difusi\u00f3n profesional sirvi\u00f3 de punto de entrada cuando las pantallas LED de paso fino penetraron por primera vez en el mercado de las pantallas de interior. La necesidad de pantallas inteligentes fue la fuerza impulsora del \u00e9xito de la aplicaci\u00f3n de las pantallas LED de paso fino en [&hellip;]<\/p>\n","protected":false},"author":1,"featured_media":0,"parent":0,"menu_order":0,"comment_status":"closed","ping_status":"closed","template":"","meta":{"_et_pb_use_builder":"on","_et_pb_old_content":"","_et_gb_content_width":"","footnotes":""},"class_list":["post-22411","page","type-page","status-publish","hentry"],"aioseo_notices":[],"_links":{"self":[{"href":"https:\/\/vision-pi.net\/es\/wp-json\/wp\/v2\/pages\/22411","targetHints":{"allow":["GET"]}}],"collection":[{"href":"https:\/\/vision-pi.net\/es\/wp-json\/wp\/v2\/pages"}],"about":[{"href":"https:\/\/vision-pi.net\/es\/wp-json\/wp\/v2\/types\/page"}],"author":[{"embeddable":true,"href":"https:\/\/vision-pi.net\/es\/wp-json\/wp\/v2\/users\/1"}],"replies":[{"embeddable":true,"href":"https:\/\/vision-pi.net\/es\/wp-json\/wp\/v2\/comments?post=22411"}],"version-history":[{"count":0,"href":"https:\/\/vision-pi.net\/es\/wp-json\/wp\/v2\/pages\/22411\/revisions"}],"wp:attachment":[{"href":"https:\/\/vision-pi.net\/es\/wp-json\/wp\/v2\/media?parent=22411"}],"curies":[{"name":"wp","href":"https:\/\/api.w.org\/{rel}","templated":true}]}}