{"id":23115,"date":"2021-03-16T20:13:34","date_gmt":"2021-03-16T12:13:34","guid":{"rendered":"https:\/\/vision-pi.net\/dooh\/"},"modified":"2025-11-25T11:48:06","modified_gmt":"2025-11-25T03:48:06","slug":"dooh","status":"publish","type":"page","link":"https:\/\/vision-pi.net\/es\/dooh\/","title":{"rendered":"DOOH"},"content":{"rendered":"<p>[et_pb_section fb_built=\u00bb1&#8243; fullwidth=\u00bbon\u00bb _builder_version=\u00bb4.16&#8243; _module_preset=\u00bbdefault\u00bb global_colors_info=\u00bb{}\u00bb][et_pb_fullwidth_slider _builder_version=\u00bb4.16&#8243; _module_preset=\u00bbdefault\u00bb custom_padding=\u00bb328px|||||\u00bb global_colors_info=\u00bb{}\u00bb][et_pb_slide _builder_version=\u00bb4.16&#8243; _module_preset=\u00bbdefault\u00bb background_image=\u00bbhttp:\/\/vision-pi.net\/wp-content\/uploads\/2021\/03\/LBE_Standard_LG_DVLED_Signage_Hero-desktop.jpg\u00bb background_enable_image=\u00bbon\u00bb global_colors_info=\u00bb{}\u00bb sticky_transition=\u00bbon\u00bb][\/et_pb_slide][et_pb_slide _builder_version=\u00bb4.16&#8243; _module_preset=\u00bbdefault\u00bb background_image=\u00bbhttp:\/\/vision-pi.net\/wp-content\/uploads\/2021\/03\/hero4.jpg\u00bb background_enable_image=\u00bbon\u00bb global_colors_info=\u00bb{}\u00bb sticky_transition=\u00bbon\u00bb][\/et_pb_slide][\/et_pb_fullwidth_slider][\/et_pb_section][et_pb_section fb_built=\u00bb1&#8243; admin_label=\u00bb\u90e8\u5206\u00bb _builder_version=\u00bb4.16&#8243; _module_preset=\u00bbdefault\u00bb custom_margin=\u00bb||-31px|||\u00bb custom_padding=\u00bb||38px|||\u00bb global_colors_info=\u00bb{}\u00bb][et_pb_row _builder_version=\u00bb4.16&#8243; _module_preset=\u00bbdefault\u00bb global_colors_info=\u00bb{}\u00bb][et_pb_column type=\u00bb4_4&#8243; _builder_version=\u00bb4.16&#8243; _module_preset=\u00bbdefault\u00bb global_colors_info=\u00bb{}\u00bb][et_pb_text _builder_version=\u00bb4.16&#8243; _module_preset=\u00bbdefault\u00bb header_font=\u00bbMontserrat|700||on|||||\u00bb global_colors_info=\u00bb{}\u00bb]<\/p>\n<h1 style=\"text-align: center;\">SOLUCIONES VISIONPI<\/h1>\n<p>&nbsp;<\/p>\n<h4 class=\"is-h3\" style=\"text-align: center;\">Las empresas innovadoras y preparadas para el futuro conf\u00edan en Visionpi para obtener los mejores productos LED de su clase.<\/h4>\n<p>[\/et_pb_text][\/et_pb_column][\/et_pb_row][\/et_pb_section][et_pb_section fb_built=\u00bb1&#8243; _builder_version=\u00bb4.16&#8243; _module_preset=\u00bbdefault\u00bb custom_padding=\u00bb24px||24px||true|\u00bb global_colors_info=\u00bb{}\u00bb][et_pb_row column_structure=\u00bb1_6,1_6,1_6,1_6,1_6,1_6&#8243; use_custom_gutter=\u00bbon\u00bb _builder_version=\u00bb4.16&#8243; _module_preset=\u00bbdefault\u00bb background_color=\u00bb#000000&#8243; min_height=\u00bb86.6px\u00bb custom_padding=\u00bb|75px|||false|false\u00bb border_radii=\u00bbon|21px|21px|21px|21px\u00bb global_colors_info=\u00bb{}\u00bb width__hover_enabled=\u00bbon|desktop\u00bb][et_pb_column type=\u00bb1_6&#8243; _builder_version=\u00bb4.16&#8243; _module_preset=\u00bbdefault\u00bb global_colors_info=\u00bb{}\u00bb][et_pb_button button_url=\u00bbhttps:\/\/vision-pi.net\/es\/producto\/\u00bb button_text=\u00bbTodos\u00bb button_alignment=\u00bbcenter\u00bb _builder_version=\u00bb4.16&#8243; _module_preset=\u00bbdefault\u00bb custom_button=\u00bbon\u00bb button_text_color=\u00bb#FFFFFF\u00bb button_bg_color=\u00bb#000000&#8243; button_border_color=\u00bbRGBA(0,0,0,0)\u00bb button_border_radius=\u00bb30px\u00bb button_letter_spacing=\u00bb0px\u00bb global_colors_info=\u00bb{}\u00bb button_bg_color__hover=\u00bb#a3a3a3&#8243; button_bg_color__hover_enabled=\u00bbon|hover\u00bb button_bg_enable_color__hover=\u00bbon\u00bb][\/et_pb_button][\/et_pb_column][et_pb_column type=\u00bb1_6&#8243; _builder_version=\u00bb4.16&#8243; _module_preset=\u00bbdefault\u00bb global_colors_info=\u00bb{}\u00bb][et_pb_button button_url=\u00bbhttp:\/\/vision-pi.net\/product-dooh\u00bb button_text=\u00bbDOOH \u00bb button_alignment=\u00bbcenter\u00bb _builder_version=\u00bb4.16&#8243; _module_preset=\u00bbdefault\u00bb custom_button=\u00bbon\u00bb button_text_color=\u00bb#FFFFFF\u00bb button_bg_color=\u00bb#E09900&#8243; button_border_color=\u00bbRGBA(0,0,0,0)\u00bb button_border_radius=\u00bb30px\u00bb button_letter_spacing=\u00bb0px\u00bb global_colors_info=\u00bb{}\u00bb button_bg_color__hover_enabled=\u00bbon|hover\u00bb button_bg_color__hover=\u00bb#E09900&#8243; button_bg_enable_color__hover=\u00bbon\u00bb][\/et_pb_button][\/et_pb_column][et_pb_column type=\u00bb1_6&#8243; _builder_version=\u00bb4.16&#8243; _module_preset=\u00bbdefault\u00bb global_colors_info=\u00bb{}\u00bb][et_pb_button button_url=\u00bbhttp:\/\/vision-pi.net\/product-touring\u00bb button_text=\u00bbDe excursi\u00f3n\u00bb button_alignment=\u00bbcenter\u00bb _builder_version=\u00bb4.16&#8243; _module_preset=\u00bbdefault\u00bb custom_button=\u00bbon\u00bb button_text_color=\u00bb#FFFFFF\u00bb button_bg_color=\u00bb#000000&#8243; button_border_color=\u00bbRGBA(0,0,0,0)\u00bb button_border_radius=\u00bb30px\u00bb button_letter_spacing=\u00bb0px\u00bb global_colors_info=\u00bb{}\u00bb button_bg_color__hover_enabled=\u00bbon|hover\u00bb button_bg_color__hover=\u00bb#a3a3a3&#8243; button_bg_enable_color__hover=\u00bbon\u00bb][\/et_pb_button][\/et_pb_column][et_pb_column type=\u00bb1_6&#8243; _builder_version=\u00bb4.16&#8243; _module_preset=\u00bbdefault\u00bb global_colors_info=\u00bb{}\u00bb][et_pb_button button_url=\u00bbhttp:\/\/vision-pi.net\/product-directview\u00bb button_text=\u00bbDirectview\u00bb button_alignment=\u00bbcenter\u00bb _builder_version=\u00bb4.20.2&#8243; _module_preset=\u00bbdefault\u00bb custom_button=\u00bbon\u00bb button_text_color=\u00bb#FFFFFF\u00bb button_bg_color=\u00bb#000000&#8243; button_border_color=\u00bbRGBA(0,0,0,0)\u00bb button_border_radius=\u00bb30px\u00bb button_letter_spacing=\u00bb0px\u00bb hover_enabled=\u00bb0&#8243; global_colors_info=\u00bb{}\u00bb button_bg_color__hover=\u00bb#a3a3a3&#8243; button_bg_color__hover_enabled=\u00bbon|hover\u00bb sticky_enabled=\u00bb0&#8243;][\/et_pb_button][\/et_pb_column][et_pb_column type=\u00bb1_6&#8243; _builder_version=\u00bb4.16&#8243; _module_preset=\u00bbdefault\u00bb global_colors_info=\u00bb{}\u00bb][et_pb_button button_url=\u00bbhttp:\/\/vision-pi.net\/product-commercial\u00bb button_text=\u00bbComercial\u00bb button_alignment=\u00bbcenter\u00bb _builder_version=\u00bb4.16&#8243; _module_preset=\u00bbdefault\u00bb custom_button=\u00bbon\u00bb button_text_color=\u00bb#FFFFFF\u00bb button_bg_color=\u00bb#000000&#8243; button_border_color=\u00bbRGBA(0,0,0,0)\u00bb button_border_radius=\u00bb30px\u00bb button_letter_spacing=\u00bb0px\u00bb global_colors_info=\u00bb{}\u00bb button_bg_color__hover=\u00bb#a3a3a3&#8243; button_bg_color__hover_enabled=\u00bbon|hover\u00bb][\/et_pb_button][\/et_pb_column][et_pb_column type=\u00bb1_6&#8243; _builder_version=\u00bb4.16&#8243; _module_preset=\u00bbdefault\u00bb global_colors_info=\u00bb{}\u00bb][et_pb_button button_url=\u00bbhttp:\/\/vision-pi.net\/product-customized\u00bb button_text=\u00bbPersonalizado\u00bb button_alignment=\u00bbcenter\u00bb _builder_version=\u00bb4.16&#8243; _module_preset=\u00bbdefault\u00bb custom_button=\u00bbon\u00bb button_text_color=\u00bb#FFFFFF\u00bb button_bg_color=\u00bb#000000&#8243; button_border_color=\u00bbRGBA(0,0,0,0)\u00bb button_border_radius=\u00bb30px\u00bb button_letter_spacing=\u00bb0px\u00bb global_colors_info=\u00bb{}\u00bb button_bg_color__hover=\u00bb#a3a3a3&#8243; button_bg_color__hover_enabled=\u00bbon|hover\u00bb][\/et_pb_button][\/et_pb_column][\/et_pb_row][\/et_pb_section][et_pb_section fb_built=\u00bb1&#8243; _builder_version=\u00bb4.16&#8243; _module_preset=\u00bbdefault\u00bb background_color=\u00bb#FFFFFF\u00bb custom_padding=\u00bb15px||10px|||\u00bb global_colors_info=\u00bb{}\u00bb][et_pb_row column_structure=\u00bb1_3,1_3,1_3&#8243; use_custom_gutter=\u00bbon\u00bb gutter_width=\u00bb1&#8243; _builder_version=\u00bb4.16&#8243; _module_preset=\u00bbdefault\u00bb width=\u00bb86%\u00bb max_width=\u00bb1184px\u00bb custom_padding=\u00bb|||8px||\u00bb global_colors_info=\u00bb{}\u00bb][et_pb_column type=\u00bb1_3&#8243; _builder_version=\u00bb4.16&#8243; _module_preset=\u00bbdefault\u00bb global_colors_info=\u00bb{}\u00bb][et_pb_slider _builder_version=\u00bb4.20.2&#8243; _module_preset=\u00bbdefault\u00bb background_enable_color=\u00bboff\u00bb link_option_url=\u00bbhttps:\/\/vision-pi.net\/product-portrait\/\u00bb global_colors_info=\u00bb{}\u00bb button_bg_enable_color__hover=\u00bbon\u00bb][et_pb_slide heading=\u00bbRetrato\u00bb button_text=\u00bbM\u00e1s\u00bb button_link=\u00bbhttps:\/\/vision-pi.net\/product-portrait\/\u00bb image=\u00bbhttps:\/\/vision-pi.net\/wp-content\/uploads\/2021\/04\/Portrail-outdoor-led-videotron.jpg\u00bb _builder_version=\u00bb4.16&#8243; _module_preset=\u00bbdefault\u00bb header_font=\u00bb|600|||||||\u00bb header_text_color=\u00bb#000000&#8243; header_font_size=\u00bb29px\u00bb body_font=\u00bb||||||||\u00bb body_text_align=\u00bbcenter\u00bb body_text_color=\u00bb#000000&#8243; body_font_size=\u00bb13px\u00bb body_line_height=\u00bb1.6em\u00bb background_color=\u00bb#FFFFFF\u00bb background_enable_color=\u00bbon\u00bb custom_button=\u00bbon\u00bb button_text_color=\u00bb#FFFFFF\u00bb button_bg_color=\u00bb#000000&#8243; button_border_width=\u00bb0px\u00bb button_border_color=\u00bb#FFFFFF\u00bb custom_padding=\u00bb||1px||false|false\u00bb link_option_url=\u00bbhttps:\/\/vision-pi.net\/product-portrait\/\u00bb global_colors_info=\u00bb{}\u00bb button_bg_color__hover_enabled=\u00bbon|hover\u00bb button_bg_color__hover=\u00bb#C6C6C6&#8243; button_bg_enable_color__hover=\u00bbon\u00bb sticky_transition=\u00bbon\u00bb]<\/p>\n<p style=\"text-align: center;\"><span>Dimensi\u00f3n: 1000*1000*75mm<\/span><\/p>\n<p style=\"text-align: center;\"><span microsoft=\"\" yahei=\"\" font-size:14px=\"\" white-space:normal=\"\" background-color:=\"\" ffffff=\"\">Paso de p\u00edxeles en exteriores: 3.91,7.81,10.4<\/span><\/p>\n<p style=\"text-align: center;\">Dise\u00f1o estilizado<\/p>\n<p>[\/et_pb_slide][\/et_pb_slider][\/et_pb_column][et_pb_column type=\u00bb1_3&#8243; _builder_version=\u00bb4.16&#8243; _module_preset=\u00bbdefault\u00bb global_colors_info=\u00bb{}\u00bb][et_pb_slider _builder_version=\u00bb4.20.2&#8243; _module_preset=\u00bbdefault\u00bb background_enable_color=\u00bboff\u00bb link_option_url=\u00bbhttps:\/\/vision-pi.net\/outdoor-led-screen\/\u00bb hover_enabled=\u00bb0&#8243; global_colors_info=\u00bb{}\u00bb button_bg_enable_color__hover=\u00bbon\u00bb sticky_enabled=\u00bb0&#8243;][et_pb_slide heading=\u00bbAlto brillo\u00bb button_text=\u00bbM\u00e1s\u00bb image=\u00bbhttps:\/\/vision-pi.net\/wp-content\/uploads\/2023\/02\/500x500mm-500x1000mm-outdoor-led-cabinet.webp\u00bb _builder_version=\u00bb4.20.2&#8243; _module_preset=\u00bbdefault\u00bb header_font=\u00bb|600|||||||\u00bb header_text_color=\u00bb#000000&#8243; header_font_size=\u00bb29px\u00bb body_font=\u00bb||||||||\u00bb body_text_align=\u00bbcenter\u00bb body_text_color=\u00bb#000000&#8243; body_font_size=\u00bb13px\u00bb body_line_height=\u00bb1.6em\u00bb background_color=\u00bb#FFFFFF\u00bb background_enable_color=\u00bbon\u00bb custom_button=\u00bbon\u00bb button_text_color=\u00bb#FFFFFF\u00bb button_bg_color=\u00bb#000000&#8243; button_border_width=\u00bb0px\u00bb button_border_color=\u00bb#FFFFFF\u00bb width=\u00bb83%\u00bb custom_padding=\u00bb||1px||false|false\u00bb global_colors_info=\u00bb{}\u00bb button_bg_color__hover_enabled=\u00bbon|hover\u00bb button_bg_color__hover=\u00bb#C6C6C6&#8243; button_bg_enable_color__hover=\u00bbon\u00bb sticky_transition=\u00bbon\u00bb]<\/p>\n<p style=\"text-align: center;\"><span>Dimension:1000*1000*75mm<\/span><\/p>\n<p style=\"text-align: center;\"><span microsoft=\"\" yahei=\"\" font-size:14px=\"\" white-space:normal=\"\" background-color:=\"\" ffffff=\"\">Paso de p\u00edxeles en exteriores: 3,91 mm, 625.mm, 10mm<\/span><\/p>\n<p style=\"text-align: center;\"><span microsoft=\"\" yahei=\"\" font-size:14px=\"\" white-space:normal=\"\" background-color:=\"\" ffffff=\"\"><span>  IP68 superligero  <\/span><\/span><\/p>\n<p>[\/et_pb_slide][\/et_pb_slider][\/et_pb_column][et_pb_column type=\u00bb1_3&#8243; _builder_version=\u00bb4.16&#8243; _module_preset=\u00bbdefault\u00bb global_colors_info=\u00bb{}\u00bb][et_pb_slider _builder_version=\u00bb4.20.2&#8243; _module_preset=\u00bbdefault\u00bb background_enable_color=\u00bboff\u00bb link_option_url=\u00bbhttps:\/\/vision-pi.net\/energy-saving-led-display-2\/\u00bb global_colors_info=\u00bb{}\u00bb button_bg_enable_color__hover=\u00bbon\u00bb][et_pb_slide heading=\u00bbKingkong\u00bb button_text=\u00bbM\u00e1s\u00bb button_link=\u00bbhttps:\/\/vision-pi.net\/product-outdoor-led-sign-boards\/\u00bb image=\u00bbhttps:\/\/vision-pi.net\/wp-content\/uploads\/2023\/05\/energy-saving-outdoor-led-display.webp\u00bb _builder_version=\u00bb4.20.2&#8243; _module_preset=\u00bbdefault\u00bb header_font=\u00bb|600|||||||\u00bb header_text_color=\u00bb#000000&#8243; header_font_size=\u00bb29px\u00bb body_font=\u00bb||||||||\u00bb body_text_align=\u00bbcenter\u00bb body_text_color=\u00bb#000000&#8243; body_font_size=\u00bb13px\u00bb body_line_height=\u00bb1.6em\u00bb background_color=\u00bb#FFFFFF\u00bb background_enable_color=\u00bbon\u00bb custom_button=\u00bbon\u00bb button_text_color=\u00bb#FFFFFF\u00bb button_bg_color=\u00bb#000000&#8243; button_border_width=\u00bb0px\u00bb button_border_color=\u00bb#FFFFFF\u00bb custom_padding=\u00bb||1px||false|false\u00bb link_option_url=\u00bbhttps:\/\/vision-pi.net\/product-outdoor-led-sign-boards\/\u00bb global_colors_info=\u00bb{}\u00bb button_bg_color__hover_enabled=\u00bbon|hover\u00bb button_bg_color__hover=\u00bb#C6C6C6&#8243; button_bg_enable_color__hover=\u00bbon\u00bb sticky_transition=\u00bbon\u00bb]<\/p>\n<p style=\"text-align: center;\"><span>Dimensi\u00f3n: 960*960*75mm<\/span><\/p>\n<p style=\"text-align: center;\"><span microsoft=\"\" yahei=\"\" font-size:14px=\"\" white-space:normal=\"\" background-color:=\"\" ffffff=\"\">Paso de p\u00edxel en exteriores: 6,67 mm, 8 mm, 10 mm<\/span><\/p>\n<p style=\"text-align: center;\"><span microsoft=\"\" yahei=\"\" font-size:14px=\"\" white-space:normal=\"\" background-color:=\"\" ffffff=\"\"><span>  ahorro de energ\u00eda, econ\u00f3mico<\/span><\/span><\/p>\n<p>[\/et_pb_slide][\/et_pb_slider][\/et_pb_column][\/et_pb_row][\/et_pb_section][et_pb_section fb_built=\u00bb1&#8243; admin_label=\u00bbPromo Section\u00bb _builder_version=\u00bb4.16&#8243; background_color=\u00bbrgba(0,0,0,0.5)\u00bb background_image=\u00bbhttps:\/\/vision-pi.net\/wp-content\/uploads\/2021\/03\/Desktop.639413ac.vanish_wrestle_mania_2017.jpg\u00bb background_blend=\u00bbcolor\u00bb custom_padding=\u00bb35px||35px||true|\u00bb global_colors_info=\u00bb{}\u00bb][et_pb_row _builder_version=\u00bb4.16&#8243; _module_preset=\u00bbdefault\u00bb module_alignment=\u00bbcenter\u00bb global_colors_info=\u00bb{}\u00bb][et_pb_column type=\u00bb4_4&#8243; _builder_version=\u00bb4.16&#8243; _module_preset=\u00bbdefault\u00bb global_colors_info=\u00bb{}\u00bb][et_pb_text _builder_version=\u00bb4.16&#8243; _module_preset=\u00bbdefault\u00bb header_font=\u00bb|800||on|||||\u00bb header_font_size=\u00bb21px\u00bb custom_margin=\u00bb||-5px|||\u00bb custom_padding=\u00bb8px|||||\u00bb global_colors_info=\u00bb{}\u00bb]<\/p>\n<h1 style=\"text-align: center;\"><span style=\"color: #ffffff;\">Obtener PRECIO DE PANTALLA LED DE ALTA LUMINOSIDAD PARA EXTERIORES<\/span><\/h1>\n<p style=\"text-align: center;\"><span style=\"color: #ffffff;\"><span><strong>Nos apasiona ofrecerle el mejor servicio posible<\/strong><\/span><strong>s<\/strong><\/span><\/p>\n<p>[\/et_pb_text][\/et_pb_column][\/et_pb_row][et_pb_row _builder_version=\u00bb4.16&#8243; _module_preset=\u00bbdefault\u00bb module_alignment=\u00bbcenter\u00bb global_colors_info=\u00bb{}\u00bb][et_pb_column type=\u00bb4_4&#8243; _builder_version=\u00bb4.16&#8243; _module_preset=\u00bbdefault\u00bb global_colors_info=\u00bb{}\u00bb][et_pb_contact_form captcha=\u00bboff\u00bb email=\u00bblucas@vision-pi.com,ledscreenlukas@gmail.com,william@vision-pi.net\u00bb use_redirect=\u00bbon\u00bb redirect_url=\u00bbhttps:\/\/vision-pi.net\/es\/gracias-por-llegar-hasta-nosotros\/\u00bb success_message=\u00bb\u00a1\u00c9xito! \u00bb submit_button_text=\u00bbEnviar\u00bb _builder_version=\u00bb4.16&#8243; _module_preset=\u00bbdefault\u00bb _unique_id=\u00bb079c1896-3456-4fbf-8971-ff08af5469ba\u00bb form_field_line_height=\u00bb1.1em\u00bb custom_button=\u00bbon\u00bb button_text_size=\u00bb18px\u00bb button_text_color=\u00bb#FFFFFF\u00bb button_border_color=\u00bb#E09900&#8243; button_border_radius=\u00bb37px\u00bb width=\u00bb70%\u00bb max_width=\u00bb100%\u00bb module_alignment=\u00bbcenter\u00bb custom_margin=\u00bb|||11px||\u00bb global_colors_info=\u00bb{}\u00bb button_bg_color__hover_enabled=\u00bbon|hover\u00bb button_bg_color__hover=\u00bb#E09900&#8243; button_bg_enable_color__hover=\u00bbon\u00bb][et_pb_contact_field field_id=\u00bbName\u00bb field_title=\u00bbNombre completo *\u00bb _builder_version=\u00bb4.16&#8243; global_colors_info=\u00bb{}\u00bb button_text_size__hover_enabled=\u00bboff\u00bb button_one_text_size__hover_enabled=\u00bboff\u00bb button_two_text_size__hover_enabled=\u00bboff\u00bb button_text_color__hover_enabled=\u00bboff\u00bb button_one_text_color__hover_enabled=\u00bboff\u00bb button_two_text_color__hover_enabled=\u00bboff\u00bb button_border_width__hover_enabled=\u00bboff\u00bb button_one_border_width__hover_enabled=\u00bboff\u00bb button_two_border_width__hover_enabled=\u00bboff\u00bb button_border_color__hover_enabled=\u00bboff\u00bb button_one_border_color__hover_enabled=\u00bboff\u00bb button_two_border_color__hover_enabled=\u00bboff\u00bb button_border_radius__hover_enabled=\u00bboff\u00bb button_one_border_radius__hover_enabled=\u00bboff\u00bb button_two_border_radius__hover_enabled=\u00bboff\u00bb button_letter_spacing__hover_enabled=\u00bboff\u00bb button_one_letter_spacing__hover_enabled=\u00bboff\u00bb button_two_letter_spacing__hover_enabled=\u00bboff\u00bb button_bg_color__hover_enabled=\u00bboff\u00bb button_one_bg_color__hover_enabled=\u00bboff\u00bb button_two_bg_color__hover_enabled=\u00bboff\u00bb][\/et_pb_contact_field][et_pb_contact_field field_id=\u00bbposition\u00bb field_title=\u00bbPuesto\u00bb required_mark=\u00bboff\u00bb _builder_version=\u00bb4.16&#8243; global_colors_info=\u00bb{}\u00bb button_text_size__hover_enabled=\u00bboff\u00bb button_one_text_size__hover_enabled=\u00bboff\u00bb button_two_text_size__hover_enabled=\u00bboff\u00bb button_text_color__hover_enabled=\u00bboff\u00bb button_one_text_color__hover_enabled=\u00bboff\u00bb button_two_text_color__hover_enabled=\u00bboff\u00bb button_border_width__hover_enabled=\u00bboff\u00bb button_one_border_width__hover_enabled=\u00bboff\u00bb button_two_border_width__hover_enabled=\u00bboff\u00bb button_border_color__hover_enabled=\u00bboff\u00bb button_one_border_color__hover_enabled=\u00bboff\u00bb button_two_border_color__hover_enabled=\u00bboff\u00bb button_border_radius__hover_enabled=\u00bboff\u00bb button_one_border_radius__hover_enabled=\u00bboff\u00bb button_two_border_radius__hover_enabled=\u00bboff\u00bb button_letter_spacing__hover_enabled=\u00bboff\u00bb button_one_letter_spacing__hover_enabled=\u00bboff\u00bb button_two_letter_spacing__hover_enabled=\u00bboff\u00bb button_bg_color__hover_enabled=\u00bboff\u00bb button_one_bg_color__hover_enabled=\u00bboff\u00bb button_two_bg_color__hover_enabled=\u00bboff\u00bb][\/et_pb_contact_field][et_pb_contact_field field_id=\u00bbcompany\u00bb field_title=\u00bbEmpresa *\u00bb _builder_version=\u00bb4.16&#8243; global_colors_info=\u00bb{}\u00bb button_text_size__hover_enabled=\u00bboff\u00bb button_one_text_size__hover_enabled=\u00bboff\u00bb button_two_text_size__hover_enabled=\u00bboff\u00bb button_text_color__hover_enabled=\u00bboff\u00bb button_one_text_color__hover_enabled=\u00bboff\u00bb button_two_text_color__hover_enabled=\u00bboff\u00bb button_border_width__hover_enabled=\u00bboff\u00bb button_one_border_width__hover_enabled=\u00bboff\u00bb button_two_border_width__hover_enabled=\u00bboff\u00bb button_border_color__hover_enabled=\u00bboff\u00bb button_one_border_color__hover_enabled=\u00bboff\u00bb button_two_border_color__hover_enabled=\u00bboff\u00bb button_border_radius__hover_enabled=\u00bboff\u00bb button_one_border_radius__hover_enabled=\u00bboff\u00bb button_two_border_radius__hover_enabled=\u00bboff\u00bb button_letter_spacing__hover_enabled=\u00bboff\u00bb button_one_letter_spacing__hover_enabled=\u00bboff\u00bb button_two_letter_spacing__hover_enabled=\u00bboff\u00bb button_bg_color__hover_enabled=\u00bboff\u00bb button_one_bg_color__hover_enabled=\u00bboff\u00bb button_two_bg_color__hover_enabled=\u00bboff\u00bb][\/et_pb_contact_field][et_pb_contact_field field_id=\u00bbEmail\u00bb field_title=\u00bbDirecci\u00f3n de correo electr\u00f3nico *\u00bb field_type=\u00bbemail\u00bb _builder_version=\u00bb4.16&#8243; global_colors_info=\u00bb{}\u00bb button_text_size__hover_enabled=\u00bboff\u00bb button_one_text_size__hover_enabled=\u00bboff\u00bb button_two_text_size__hover_enabled=\u00bboff\u00bb button_text_color__hover_enabled=\u00bboff\u00bb button_one_text_color__hover_enabled=\u00bboff\u00bb button_two_text_color__hover_enabled=\u00bboff\u00bb button_border_width__hover_enabled=\u00bboff\u00bb button_one_border_width__hover_enabled=\u00bboff\u00bb button_two_border_width__hover_enabled=\u00bboff\u00bb button_border_color__hover_enabled=\u00bboff\u00bb button_one_border_color__hover_enabled=\u00bboff\u00bb button_two_border_color__hover_enabled=\u00bboff\u00bb button_border_radius__hover_enabled=\u00bboff\u00bb button_one_border_radius__hover_enabled=\u00bboff\u00bb button_two_border_radius__hover_enabled=\u00bboff\u00bb button_letter_spacing__hover_enabled=\u00bboff\u00bb button_one_letter_spacing__hover_enabled=\u00bboff\u00bb button_two_letter_spacing__hover_enabled=\u00bboff\u00bb button_bg_color__hover_enabled=\u00bboff\u00bb button_one_bg_color__hover_enabled=\u00bboff\u00bb button_two_bg_color__hover_enabled=\u00bboff\u00bb][\/et_pb_contact_field][et_pb_contact_field field_id=\u00bbMessage\u00bb field_title=\u00bbMensaje *\u00bb field_type=\u00bbtext\u00bb fullwidth_field=\u00bbon\u00bb _builder_version=\u00bb4.16&#8243; global_colors_info=\u00bb{}\u00bb button_text_size__hover_enabled=\u00bboff\u00bb button_one_text_size__hover_enabled=\u00bboff\u00bb button_two_text_size__hover_enabled=\u00bboff\u00bb button_text_color__hover_enabled=\u00bboff\u00bb button_one_text_color__hover_enabled=\u00bboff\u00bb button_two_text_color__hover_enabled=\u00bboff\u00bb button_border_width__hover_enabled=\u00bboff\u00bb button_one_border_width__hover_enabled=\u00bboff\u00bb button_two_border_width__hover_enabled=\u00bboff\u00bb button_border_color__hover_enabled=\u00bboff\u00bb button_one_border_color__hover_enabled=\u00bboff\u00bb button_two_border_color__hover_enabled=\u00bboff\u00bb button_border_radius__hover_enabled=\u00bboff\u00bb button_one_border_radius__hover_enabled=\u00bboff\u00bb button_two_border_radius__hover_enabled=\u00bboff\u00bb button_letter_spacing__hover_enabled=\u00bboff\u00bb button_one_letter_spacing__hover_enabled=\u00bboff\u00bb button_two_letter_spacing__hover_enabled=\u00bboff\u00bb button_bg_color__hover_enabled=\u00bboff\u00bb button_one_bg_color__hover_enabled=\u00bboff\u00bb button_two_bg_color__hover_enabled=\u00bboff\u00bb][\/et_pb_contact_field][\/et_pb_contact_form][\/et_pb_column][\/et_pb_row][\/et_pb_section]<\/p>\n<span class=\"et_bloom_bottom_trigger\"><\/span>","protected":false},"excerpt":{"rendered":"<p>SOLUCIONES VISIONPI &nbsp; Las empresas innovadoras y preparadas para el futuro conf\u00edan en Visionpi para obtener los mejores productos LED de su clase.Dimensi\u00f3n: 1000*1000*75mm Paso de p\u00edxeles en exteriores: 3.91,7.81,10.4 Dise\u00f1o estilizadoDimension:1000*1000*75mm Paso de p\u00edxeles en exteriores: 3,91 mm, 625.mm, 10mm IP68 superligero Dimensi\u00f3n: 960*960*75mm Paso de p\u00edxel en exteriores: 6,67 mm, 8 mm, 10 [&hellip;]<\/p>\n","protected":false},"author":1,"featured_media":0,"parent":0,"menu_order":0,"comment_status":"closed","ping_status":"closed","template":"","meta":{"_et_pb_use_builder":"on","_et_pb_old_content":"","_et_gb_content_width":"","footnotes":""},"class_list":["post-23115","page","type-page","status-publish","hentry"],"aioseo_notices":[],"_links":{"self":[{"href":"https:\/\/vision-pi.net\/es\/wp-json\/wp\/v2\/pages\/23115","targetHints":{"allow":["GET"]}}],"collection":[{"href":"https:\/\/vision-pi.net\/es\/wp-json\/wp\/v2\/pages"}],"about":[{"href":"https:\/\/vision-pi.net\/es\/wp-json\/wp\/v2\/types\/page"}],"author":[{"embeddable":true,"href":"https:\/\/vision-pi.net\/es\/wp-json\/wp\/v2\/users\/1"}],"replies":[{"embeddable":true,"href":"https:\/\/vision-pi.net\/es\/wp-json\/wp\/v2\/comments?post=23115"}],"version-history":[{"count":0,"href":"https:\/\/vision-pi.net\/es\/wp-json\/wp\/v2\/pages\/23115\/revisions"}],"wp:attachment":[{"href":"https:\/\/vision-pi.net\/es\/wp-json\/wp\/v2\/media?parent=23115"}],"curies":[{"name":"wp","href":"https:\/\/api.w.org\/{rel}","templated":true}]}}