{"id":25456,"date":"2021-03-30T17:53:16","date_gmt":"2021-03-30T09:53:16","guid":{"rendered":"https:\/\/vision-pi.net\/garanzia\/"},"modified":"2025-12-02T14:51:00","modified_gmt":"2025-12-02T06:51:00","slug":"garanzia","status":"publish","type":"page","link":"https:\/\/vision-pi.net\/it\/garanzia\/","title":{"rendered":"Garanzia"},"content":{"rendered":"<p>[et_pb_section fb_built=&#8221;1&#8243; fullwidth=&#8221;on&#8221; _builder_version=&#8221;4.16&#8243; _module_preset=&#8221;default&#8221; global_colors_info=&#8221;{}&#8221;][et_pb_fullwidth_slider _builder_version=&#8221;4.16&#8243; _module_preset=&#8221;default&#8221; background_image=&#8221;https:\/\/vision-pi.net\/wp-content\/uploads\/2021\/04\/warranty-time-led-display-visionpi.jpg&#8221; global_colors_info=&#8221;{}&#8221; min_height=&#8221;671.9px&#8221;][et_pb_slide _builder_version=&#8221;4.16&#8243; _module_preset=&#8221;default&#8221; global_colors_info=&#8221;{}&#8221; sticky_transition=&#8221;on&#8221;][\/et_pb_slide][\/et_pb_fullwidth_slider][\/et_pb_section][et_pb_section fb_built=&#8221;1&#8243; _builder_version=&#8221;4.16&#8243; _module_preset=&#8221;default&#8221; global_colors_info=&#8221;{}&#8221; min_height=&#8221;322.2px&#8221;][et_pb_row column_structure=&#8221;1_2,1_2&#8243; _builder_version=&#8221;4.16&#8243; custom_padding=&#8221;30px|||||&#8221; locked=&#8221;off&#8221; global_colors_info=&#8221;{}&#8221;][et_pb_column type=&#8221;1_2&#8243; _builder_version=&#8221;4.16&#8243; custom_padding=&#8221;|||&#8221; global_colors_info=&#8221;{}&#8221; custom_padding__hover=&#8221;|||&#8221;][et_pb_cta title=&#8221;Cominciamo&#8221; button_url=&#8221;https:\/\/vision-pi.net\/it\/domande-frequenti\/&#8221; button_text=&#8221;Domande frequenti&#8221; _builder_version=&#8221;4.16&#8243; header_font=&#8221;Khand|700||on|||||&#8221; header_text_color=&#8221;#ffffff&#8221; header_font_size=&#8221;60px&#8221; header_line_height=&#8221;1.2em&#8221; body_font=&#8221;|600|||||||&#8221; body_text_align=&#8221;left&#8221; body_line_height=&#8221;2em&#8221; use_background_color=&#8221;off&#8221; use_background_color_gradient=&#8221;on&#8221; background_color_gradient_stops=&#8221;#e09900 0%|#e09900 100%&#8221; background_color_gradient_overlays_image=&#8221;on&#8221; background_color_gradient_start=&#8221;#e09900&#8243; background_color_gradient_end=&#8221;#e09900&#8243; background_image=&#8221;http:\/\/vision-pi.net\/wp-content\/uploads\/2021\/03\/mechanic-05.jpg&#8221; custom_button=&#8221;on&#8221; button_text_size=&#8221;14px&#8221; button_text_color=&#8221;#E09900&#8243; button_bg_color=&#8221;#ffffff&#8221; button_border_width=&#8221;10px&#8221; button_border_color=&#8221;rgba(0,0,0,0)&#8221; button_border_radius=&#8221;0px&#8221; button_letter_spacing=&#8221;3px&#8221; button_font=&#8221;|700||on|||||&#8221; button_icon=&#8221;&#x45;||divi||400&#8243; button_on_hover=&#8221;off&#8221; custom_margin_last_edited=&#8221;off|tablet&#8221; custom_padding=&#8221;120px|80px|80px|80px|false|true&#8221; custom_padding_tablet=&#8221;40px|40px|40px|40px|true|true&#8221; custom_padding_phone=&#8221;&#8221; custom_padding_last_edited=&#8221;on|phone&#8221; header_font_size_tablet=&#8221;40px&#8221; header_font_size_phone=&#8221;30px&#8221; header_font_size_last_edited=&#8221;on|desktop&#8221; border_radii=&#8221;on|4px|4px|4px|4px&#8221; box_shadow_style=&#8221;preset2&#8243; box_shadow_vertical=&#8221;28px&#8221; box_shadow_blur=&#8221;40px&#8221; box_shadow_color=&#8221;rgba(0,0,0,0.1)&#8221; locked=&#8221;off&#8221; global_colors_info=&#8221;{}&#8221; button_bg_color__hover=&#8221;rgba(255,255,255,0.9)&#8221; button_bg_color__hover_enabled=&#8221;on&#8221;]<\/p>\n<p style=\"text-align: center;\">  DOMANDE FREQUENTI<br \/>Domande? Trova le risposte qui. <\/p>\n<p>[\/et_pb_cta][\/et_pb_column][et_pb_column type=&#8221;1_2&#8243; _builder_version=&#8221;4.16&#8243; custom_padding=&#8221;|||&#8221; global_colors_info=&#8221;{}&#8221; custom_padding__hover=&#8221;|||&#8221;][et_pb_text _builder_version=&#8221;4.16&#8243; text_font=&#8221;|600|||||||&#8221; text_line_height=&#8221;2em&#8221; header_font=&#8221;||||||||&#8221; header_2_font=&#8221;Khand|700||on|||||&#8221; header_2_font_size=&#8221;60px&#8221; header_2_line_height=&#8221;1.2em&#8221; custom_margin=&#8221;92px|||||&#8221; header_2_font_size_tablet=&#8221;40px&#8221; header_2_font_size_phone=&#8221;30px&#8221; header_2_font_size_last_edited=&#8221;on|desktop&#8221; locked=&#8221;off&#8221; global_colors_info=&#8221;{}&#8221;]<\/p>\n<h2>Politica di garanzia<\/h2>\n<p>[\/et_pb_text][et_pb_divider color=&#8221;#E09900&#8243; divider_style=&#8221;double&#8221; divider_weight=&#8221;10px&#8221; _builder_version=&#8221;4.16&#8243; transform_skew=&#8221;-20deg|0deg&#8221; max_width=&#8221;100px&#8221; height=&#8221;10px&#8221; locked=&#8221;off&#8221; global_colors_info=&#8221;{}&#8221;][\/et_pb_divider][et_pb_text _builder_version=&#8221;4.23.1&#8243; text_font=&#8221;|600|||||||&#8221; text_line_height=&#8221;2em&#8221; header_font=&#8221;||||||||&#8221; header_2_font=&#8221;Khand|700||on|||||&#8221; header_2_font_size=&#8221;60px&#8221; header_2_line_height=&#8221;1.2em&#8221; hover_enabled=&#8221;0&#8243; header_2_font_size_tablet=&#8221;40px&#8221; header_2_font_size_phone=&#8221;30px&#8221; header_2_font_size_last_edited=&#8221;on|desktop&#8221; locked=&#8221;off&#8221; global_colors_info=&#8221;{}&#8221; sticky_enabled=&#8221;0&#8243;]<\/p>\n<p><strong>Ambito di applicazione della garanzia<\/strong><br \/>La presente Politica di garanzia si applica a tutti i prodotti con display a LED (di seguito denominati &#8220;Prodotti&#8221;) acquistati direttamente da Shenzhen VISIONPI DISPLAY TECHNOLOGY Co.,Ltd. (di seguito denominata &#8220;VISIONPI&#8221;) ed entro il Periodo di garanzia. Ltd. (di seguito denominata &#8220;VISIONPI&#8221;) e durante il Periodo di Garanzia. Qualsiasi prodotto non acquistato direttamente da VISIONPI non si applica alla presente Politica di garanzia.  <\/p>\n<p>[\/et_pb_text][\/et_pb_column][\/et_pb_row][\/et_pb_section][et_pb_section fb_built=&#8221;1&#8243; _builder_version=&#8221;4.16&#8243; _module_preset=&#8221;default&#8221; custom_padding=&#8221;25px|||||&#8221; global_colors_info=&#8221;{}&#8221;][et_pb_row _builder_version=&#8221;4.16&#8243; _module_preset=&#8221;default&#8221; global_colors_info=&#8221;{}&#8221;][et_pb_column type=&#8221;4_4&#8243; _builder_version=&#8221;4.16&#8243; _module_preset=&#8221;default&#8221; global_colors_info=&#8221;{}&#8221;][et_pb_accordion open_toggle_text_color=&#8221;#E09900&#8243; closed_toggle_text_color=&#8221;#E09900&#8243; closed_toggle_background_color=&#8221;#ffffff&#8221; icon_color=&#8221;#E09900&#8243; admin_label=&#8221;Accordion&#8221; _builder_version=&#8221;4.16&#8243; toggle_text_color=&#8221;#000000&#8243; toggle_font=&#8221;|700||on|||||&#8221; toggle_font_size=&#8221;14px&#8221; toggle_letter_spacing=&#8221;3px&#8221; toggle_line_height=&#8221;1.9em&#8221; body_font=&#8221;|600|||||||&#8221; body_line_height=&#8221;2em&#8221; custom_margin=&#8221;|||&#8221; custom_padding=&#8221;|||&#8221; toggle_font_size_tablet=&#8221;&#8221; toggle_font_size_phone=&#8221;12px&#8221; toggle_font_size_last_edited=&#8221;on|desktop&#8221; border_width_all=&#8221;0px&#8221; border_color_all=&#8221;#f71635&#8243; border_width_bottom=&#8221;2px&#8221; border_color_bottom=&#8221;rgba(0,0,0,0.1)&#8221; global_colors_info=&#8221;{}&#8221;][et_pb_accordion_item title=&#8221;Servizio e durata della garanzia  &#8221; open_toggle_text_color=&#8221;#E09900&#8243; closed_toggle_text_color=&#8221;#E09900&#8243; closed_toggle_background_color=&#8221;#FFFFFF&#8221; _builder_version=&#8221;4.16&#8243; body_text_color=&#8221;#b7b7b7&#8243; custom_margin=&#8221;||0px&#8221; custom_padding=&#8221;30px|30px|30px|30px|true|true&#8221; global_colors_info=&#8221;{}&#8221; toggle_text_color=&#8221;#000000&#8243; open=&#8221;on&#8221;]<\/p>\n<p>Visionpi fornisce una garanzia di 3-5 anni per tutti i prodotti. I prodotti devono essere installati e utilizzati in modo strettamente conforme alle istruzioni di installazione e alle precauzioni d&#8217;uso riportate nel manuale del prodotto. VISIONPI riparer\u00e0 o sostituir\u00e0 l&#8217;unit\u00e0 qualora si riscontrino difetti di fabbricazione o di materiali. La garanzia non si estende ai danni derivanti da uso improprio, negligenza, abuso o incidente.   <\/p>\n<div>\n<p>Di seguito \u00e8 riportato un rapido riferimento alla distanza ottimale di visione (la distanza a cui un&#8217;immagine appare chiara e non pixellata) in base al passo dei pixel.<\/p>\n<\/div>\n<p>[\/et_pb_accordion_item][et_pb_accordion_item title=&#8221;Servizio di garanzia&#8221; open_toggle_text_color=&#8221;#E09900&#8243; closed_toggle_text_color=&#8221;#E09900&#8243; closed_toggle_background_color=&#8221;#FFFFFF&#8221; _builder_version=&#8221;4.16&#8243; body_text_color=&#8221;#b7b7b7&#8243; custom_margin=&#8221;||0px&#8221; custom_padding=&#8221;30px|30px|30px|30px|true|true&#8221; global_colors_info=&#8221;{}&#8221; toggle_text_color=&#8221;#000000&#8243; open=&#8221;off&#8221;]<\/p>\n<p>Servizio tecnico gratuito online<\/p>\n<p>Per tutti i prodotti fabbricati da VISIONPI (indipendentemente dal fatto che siano stati acquistati da VISIONPI o meno), forniamo un servizio tecnico gratuito online per qualsiasi problema relativo ai prodotti.<\/p>\n<p>Ritorno al servizio di riparazione in fabbrica<\/p>\n<p>In caso di difetti o problemi dovuti alla produzione di VISIONPI, i prodotti possono essere rispediti alla fabbrica dopo la conferma di VISIONPI. Se \u00e8 necessario un servizio di riparazione in fabbrica, il cliente dovr\u00e0 farsi carico del trasporto, dell&#8217;assicurazione, delle tariffe e dello sdoganamento per la consegna dei prodotti o delle parti restituite. VISIONPI rispedir\u00e0 al cliente i prodotti o le parti riparate e si far\u00e0 carico solo del trasporto di andata. VISIONPI non accetter\u00e0 prodotti restituiti senza una richiesta di assistenza valida o articoli non prodotti da VISIONPI.    <\/p>\n<p>[\/et_pb_accordion_item][et_pb_accordion_item title=&#8221;Esclusione di responsabilit\u00e0&#8221; open_toggle_text_color=&#8221;#E09900&#8243; closed_toggle_text_color=&#8221;#E09900&#8243; closed_toggle_background_color=&#8221;#FFFFFF&#8221; _builder_version=&#8221;4.16&#8243; body_text_color=&#8221;#b7b7b7&#8243; custom_margin=&#8221;||0px&#8221; custom_padding=&#8221;30px|30px|30px|30px|true|true&#8221; global_colors_info=&#8221;{}&#8221; toggle_text_color=&#8221;#000000&#8243; open=&#8221;off&#8221;]<\/p>\n<p>La garanzia \u00e8 nulla in presenza delle seguenti condizioni:<\/p>\n<p>1. Danni causati da uso improprio, negligenza, cattiva gestione, atti di terzi, incidenti, incendi, inondazioni, fulmini, sbalzi di tensione o interruzioni di corrente. Manipolazione impropria, funzionamento non conforme alle istruzioni tecniche <\/p>\n<p>2. Il prodotto \u00e8 stato alterato o riparato da persone diverse dal produttore o da un rappresentante autorizzato del produttore.<\/p>\n<p>3. Sono state apportate o applicate al prodotto modifiche o accessori diversi da quelli prodotti o forniti dal Fabbricante che, a giudizio del Fabbricante, hanno influito sulle prestazioni, sulla sicurezza o sull&#8217;affidabilit\u00e0 del prodotto.<\/p>\n<p>4. Perdita naturale di luminosit\u00e0 e colore, mancanza della necessaria manutenzione periodica<\/p>\n<p>5. Se non concordato per iscritto, questa politica di garanzia non si applica ai materiali di consumo, inclusi, ma non solo, connettori, reti, cavi in fibra ottica, cavi di alimentazione, cavi di segnale, connettori per l&#8217;aviazione e altri fili e connessioni.<\/p>\n<p>6. Il periodo di garanzia \u00e8 scaduto.<\/p>\n<p>[\/et_pb_accordion_item][et_pb_accordion_item title=&#8221;Risoluzione dei problemi pi\u00f9 comuni  &#8221; open=&#8221;off&#8221; open_toggle_text_color=&#8221;#E09900&#8243; closed_toggle_text_color=&#8221;#E09900&#8243; closed_toggle_background_color=&#8221;#FFFFFF&#8221; _builder_version=&#8221;4.16&#8243; _module_preset=&#8221;default&#8221; body_text_color=&#8221;#b7b7b7&#8243; custom_margin=&#8221;||0px&#8221; custom_padding=&#8221;30px|30px|30px|30px|true|true&#8221; global_colors_info=&#8221;{}&#8221; toggle_text_color=&#8221;#000000&#8243;]<\/p>\n<p><a href=\"https:\/\/vision-pi.net\/?s=troubleshooting\">Risoluzione dei problemi<\/a> pi\u00f9 comuni per i moduli a led del display a led, il cabinet a led<\/p>\n<p>[\/et_pb_accordion_item][\/et_pb_accordion][\/et_pb_column][\/et_pb_row][\/et_pb_section][et_pb_section fb_built=&#8221;1&#8243; admin_label=&#8221;Header&#8221; _builder_version=&#8221;4.16&#8243; use_background_color_gradient=&#8221;on&#8221; background_color_gradient_stops=&#8221;#000000 0%|rgba(0,0,0,0.6) 100%&#8221; background_color_gradient_overlays_image=&#8221;on&#8221; background_color_gradient_start=&#8221;#000000&#8243; background_color_gradient_end=&#8221;rgba(0,0,0,0.6)&#8221; background_image=&#8221;http:\/\/vision-pi.net\/wp-content\/uploads\/2021\/03\/Desktop.639413ac.vanish_wrestle_mania_2017.jpg&#8221; width=&#8221;100%&#8221; max_width=&#8221;100%&#8221; min_height=&#8221;404px&#8221; height=&#8221;100px&#8221; max_height=&#8221;1000px&#8221; custom_margin=&#8221;-25px||||false|&#8221; custom_padding=&#8221;12vw||12vw||true|false&#8221; global_colors_info=&#8221;{}&#8221;][et_pb_row _builder_version=&#8221;4.16&#8243; max_width=&#8221;700px&#8221; min_height=&#8221;196px&#8221; custom_margin=&#8221;|auto|-17px|auto||&#8221; custom_padding=&#8221;0px|||||&#8221; use_custom_width=&#8221;on&#8221; custom_width_px=&#8221;700px&#8221; global_colors_info=&#8221;{}&#8221;][et_pb_column type=&#8221;4_4&#8243; _builder_version=&#8221;4.16&#8243; custom_padding=&#8221;|||&#8221; global_colors_info=&#8221;{}&#8221; custom_padding__hover=&#8221;|||&#8221;][et_pb_text _builder_version=&#8221;4.16&#8243; text_font=&#8221;Montserrat||||||||&#8221; header_font=&#8221;Playfair Display|700|||||||&#8221; header_font_size=&#8221;48px&#8221; header_line_height=&#8221;1.5em&#8221; header_2_font=&#8221;Montserrat|700|||||||&#8221; header_3_font=&#8221;Rubik|500||on|||||&#8221; header_3_text_color=&#8221;#098cf2&#8243; header_3_font_size=&#8221;14px&#8221; header_3_letter_spacing=&#8221;2px&#8221; header_3_line_height=&#8221;2em&#8221; text_orientation=&#8221;center&#8221; background_layout=&#8221;dark&#8221; min_height=&#8221;19px&#8221; custom_margin=&#8221;-98px||14px|||&#8221; header_font_size_tablet=&#8221;38px&#8221; header_font_size_phone=&#8221;28px&#8221; header_font_size_last_edited=&#8221;on|phone&#8221; global_colors_info=&#8221;{}&#8221;]<\/p>\n<h2><strong><span style=\"color: #ffffff; font-size: 30px; font-family: 'Open Sans', Arial, sans-serif;\">Newsletter<\/span><\/strong><\/h2>\n<div class=\"newsletter__content\">\n<div class=\"richtext\">\n<div class=\"text-center\"><\/div>\n<\/div>\n<\/div>\n<p>[\/et_pb_text][et_pb_text _builder_version=&#8221;4.16&#8243; text_font=&#8221;||||||||&#8221; text_font_size=&#8221;16px&#8221; text_line_height=&#8221;2em&#8221; text_orientation=&#8221;center&#8221; background_layout=&#8221;dark&#8221; min_height=&#8221;8px&#8221; custom_margin=&#8221;60px||60px||true&#8221; custom_padding=&#8221;||0px|||&#8221; global_colors_info=&#8221;{}&#8221;]<\/p>\n<p>Iscriviti oggi stesso e informati e divertiti su<br \/>con la newsletter mensile di Visionpi Visual.<\/p>\n<p>[\/et_pb_text][et_pb_button button_text=&#8221;Iscriviti&#8221; button_alignment=&#8221;center&#8221; _builder_version=&#8221;4.16&#8243; custom_button=&#8221;on&#8221; button_text_size=&#8221;12px&#8221; button_text_color=&#8221;#ffffff&#8221; button_bg_color=&#8221;#E09900&#8243; button_border_width=&#8221;0px&#8221; button_border_color=&#8221;rgba(0,0,0,0)&#8221; button_border_radius=&#8221;26px&#8221; button_letter_spacing=&#8221;2px&#8221; button_font=&#8221;Rubik|500||on|||||&#8221; button_use_icon=&#8221;off&#8221; custom_padding=&#8221;16px|32px|16px|32px|true|true&#8221; box_shadow_style=&#8221;preset1&#8243; box_shadow_color=&#8221;rgba(239,59,36,0.24)&#8221; button_letter_spacing_hover=&#8221;2px&#8221; global_colors_info=&#8221;{}&#8221; button_text_size__hover_enabled=&#8221;off&#8221; button_one_text_size__hover_enabled=&#8221;off&#8221; button_two_text_size__hover_enabled=&#8221;off&#8221; button_text_color__hover_enabled=&#8221;off&#8221; button_one_text_color__hover_enabled=&#8221;off&#8221; button_two_text_color__hover_enabled=&#8221;off&#8221; button_border_width__hover_enabled=&#8221;off&#8221; button_one_border_width__hover_enabled=&#8221;off&#8221; button_two_border_width__hover_enabled=&#8221;off&#8221; button_border_color__hover_enabled=&#8221;off&#8221; button_one_border_color__hover_enabled=&#8221;off&#8221; button_two_border_color__hover_enabled=&#8221;off&#8221; button_border_radius__hover_enabled=&#8221;off&#8221; button_one_border_radius__hover_enabled=&#8221;off&#8221; button_two_border_radius__hover_enabled=&#8221;off&#8221; button_letter_spacing__hover_enabled=&#8221;on&#8221; button_letter_spacing__hover=&#8221;2px&#8221; button_one_letter_spacing__hover_enabled=&#8221;off&#8221; button_two_letter_spacing__hover_enabled=&#8221;off&#8221; button_bg_color__hover_enabled=&#8221;on|hover&#8221; button_one_bg_color__hover_enabled=&#8221;off&#8221; button_two_bg_color__hover_enabled=&#8221;off&#8221; button_bg_color__hover=&#8221;#000000&#8243; button_bg_enable_color__hover=&#8221;on&#8221;][\/et_pb_button][\/et_pb_column][\/et_pb_row][\/et_pb_section]<\/p>\n<span class=\"et_bloom_bottom_trigger\"><\/span>","protected":false},"excerpt":{"rendered":"<p>DOMANDE FREQUENTIDomande? Trova le risposte qui. Politica di garanziaAmbito di applicazione della garanziaLa presente Politica di garanzia si applica a tutti i prodotti con display a LED (di seguito denominati &#8220;Prodotti&#8221;) acquistati direttamente da Shenzhen VISIONPI DISPLAY TECHNOLOGY Co.,Ltd. (di seguito denominata &#8220;VISIONPI&#8221;) ed entro il Periodo di garanzia. Ltd. (di seguito denominata &#8220;VISIONPI&#8221;) e [&hellip;]<\/p>\n","protected":false},"author":1,"featured_media":0,"parent":0,"menu_order":0,"comment_status":"closed","ping_status":"closed","template":"","meta":{"_et_pb_use_builder":"on","_et_pb_old_content":"","_et_gb_content_width":"","footnotes":""},"class_list":["post-25456","page","type-page","status-publish","hentry"],"aioseo_notices":[],"_links":{"self":[{"href":"https:\/\/vision-pi.net\/it\/wp-json\/wp\/v2\/pages\/25456","targetHints":{"allow":["GET"]}}],"collection":[{"href":"https:\/\/vision-pi.net\/it\/wp-json\/wp\/v2\/pages"}],"about":[{"href":"https:\/\/vision-pi.net\/it\/wp-json\/wp\/v2\/types\/page"}],"author":[{"embeddable":true,"href":"https:\/\/vision-pi.net\/it\/wp-json\/wp\/v2\/users\/1"}],"replies":[{"embeddable":true,"href":"https:\/\/vision-pi.net\/it\/wp-json\/wp\/v2\/comments?post=25456"}],"version-history":[{"count":0,"href":"https:\/\/vision-pi.net\/it\/wp-json\/wp\/v2\/pages\/25456\/revisions"}],"wp:attachment":[{"href":"https:\/\/vision-pi.net\/it\/wp-json\/wp\/v2\/media?parent=25456"}],"curies":[{"name":"wp","href":"https:\/\/api.w.org\/{rel}","templated":true}]}}