{"id":25537,"date":"2021-09-07T11:26:38","date_gmt":"2021-09-07T03:26:38","guid":{"rendered":"https:\/\/vision-pi.net\/sala-riunioni\/"},"modified":"2025-12-02T14:51:36","modified_gmt":"2025-12-02T06:51:36","slug":"sala-riunioni","status":"publish","type":"page","link":"https:\/\/vision-pi.net\/it\/sala-riunioni\/","title":{"rendered":"Sala riunioni"},"content":{"rendered":"<p>[et_pb_section fb_built=&#8221;1&#8243; fullwidth=&#8221;on&#8221; _builder_version=&#8221;4.9.3&#8243; _module_preset=&#8221;default&#8221;][et_pb_fullwidth_image src=&#8221;https:\/\/vision-pi.net\/wp-content\/uploads\/2021\/09\/Picture3.jpg&#8221; alt=&#8221;parete led aziendale&#8221; title_text=&#8221;parete led aziendale&#8221; _builder_version=&#8221;4.9.3&#8243; _module_preset=&#8221;default&#8221;][\/et_pb_fullwidth_image][\/et_pb_section][et_pb_section fb_built=&#8221;1&#8243; _builder_version=&#8221;4.9.3&#8243; _module_preset=&#8221;default&#8221; custom_padding=&#8221;8px||0px|||&#8221;][et_pb_row _builder_version=&#8221;4.9.3&#8243; _module_preset=&#8221;default&#8221;][et_pb_column type=&#8221;4_4&#8243; _builder_version=&#8221;4.9.3&#8243; _module_preset=&#8221;default&#8221;][et_pb_text _builder_version=&#8221;4.9.3&#8243; _module_preset=&#8221;default&#8221; custom_padding=&#8221;||0px|||&#8221; hover_enabled=&#8221;0&#8243; border_color_all=&#8221;#E09900&#8243; border_width_left=&#8221;9px&#8221; inline_fonts=&#8221;ABeeZee&#8221; sticky_enabled=&#8221;0&#8243;]<\/p>\n<p><span style=\"font-size: xx-large; font-family: inherit; font-weight: normal;\"><strong>Parete led della sala riunioni  <\/strong><\/span><\/p>\n<p>[\/et_pb_text][\/et_pb_column][\/et_pb_row][\/et_pb_section][et_pb_section fb_built=&#8221;1&#8243; _builder_version=&#8221;4.9.3&#8243; _module_preset=&#8221;default&#8221; custom_padding=&#8221;0px||3px|||&#8221;][et_pb_row column_structure=&#8221;1_2,1_2&#8243; _builder_version=&#8221;4.9.3&#8243; _module_preset=&#8221;default&#8221;][et_pb_column type=&#8221;1_2&#8243; _builder_version=&#8221;4.9.3&#8243; _module_preset=&#8221;default&#8221;][et_pb_image src=&#8221;https:\/\/vision-pi.net\/wp-content\/uploads\/2021\/09\/corporate-led-display-visionpi-fine-pitch.jpg&#8221; alt=&#8221;display a led aziendali visionpi a passo fine&#8221; title_text=&#8221;display a led aziendali visionpi a passo fine&#8221; _builder_version=&#8221;4.9.3&#8243; _module_preset=&#8221;default&#8221;][\/et_pb_image][\/et_pb_column][et_pb_column type=&#8221;1_2&#8243; _builder_version=&#8221;4.9.3&#8243; _module_preset=&#8221;default&#8221;][et_pb_image src=&#8221;https:\/\/vision-pi.net\/wp-content\/uploads\/2021\/09\/corperate-fine-pitch-led-video-wall-_.jpg&#8221; alt=&#8221;display a led ad ampia diffusione visionpi schermo a led a passo fine&#8221; title_text=&#8221;videowall a led a passo fine corperate _&#8221; force_fullwidth=&#8221;on&#8221; _builder_version=&#8221;4.9.3&#8243; _module_preset=&#8221;default&#8221; min_height=&#8221;298px&#8221; height=&#8221;301px&#8221;][\/et_pb_image][\/et_pb_column][\/et_pb_row][et_pb_row _builder_version=&#8221;4.9.3&#8243; _module_preset=&#8221;default&#8221; custom_padding=&#8221;||1px|||&#8221;][et_pb_column type=&#8221;4_4&#8243; _builder_version=&#8221;4.9.3&#8243; _module_preset=&#8221;default&#8221;][et_pb_text _builder_version=&#8221;4.9.3&#8243; _module_preset=&#8221;default&#8221; text_font_size=&#8221;28px&#8221; border_width_left=&#8221;4px&#8221; border_color_left=&#8221;#E09900&#8243;]<\/p>\n<p class=\"red-accent\"><strong>Migliora il tuo ambiente aziendale<\/strong><\/p>\n<p>[\/et_pb_text][\/et_pb_column][\/et_pb_row][et_pb_row _builder_version=&#8221;4.9.3&#8243; _module_preset=&#8221;default&#8221; custom_padding=&#8221;4px|||||&#8221;][et_pb_column type=&#8221;4_4&#8243; _builder_version=&#8221;4.9.3&#8243; _module_preset=&#8221;default&#8221;][et_pb_text _builder_version=&#8221;4.9.3&#8243; _module_preset=&#8221;default&#8221; border_color_left=&#8221;#E02B20&#8243;]&nbsp;<\/p>\n<p><strong>(1) I display LED a passo fine per le aziende sono utilizzati principalmente nelle sale riunioni (circa il 70%), negli showroom e nelle hall.<\/strong><\/p>\n<p>I LED wall utilizzati nelle sale riunioni e negli showroom di solito hanno una luminosit\u00e0 pari o inferiore al 30%; un grigio pi\u00f9 fine per ottenere una scala di grigi elevata in condizioni di scarsa illuminazione \u00e8 fondamentale. Se vengono utilizzati nelle lobby, in particolare in quelle con pareti di vetro o altre strutture trasparenti in cui \u00e8 presente la luce del sole, potrebbe essere necessaria una luminosit\u00e0 maggiore, fino a 800-1000 nit. <\/p>\n<p> <strong> (2) Le sale riunioni aziendali utilizzano in genere videowall di formato standard (1080P o 4K)<\/strong>.<\/p>\n<p>I LED wall standard 1080P (risoluzione 1920&#215;1080) a passo fine sono 108&#8243; 4&#215;4 array di 1,2 mm, 136&#8243; 5&#215;5 array di 1,5 mm, e 6&#215;6 array di 163&#8243; 1,8 mm, e 217&#8243; 8&#215;8 array di 2,5 mm, e 1,2 mm e 1,5 mm sono i modelli pi\u00f9 popolari. I LED wall 4K standard sono il formato 6&#215;6 da 163&#8243; da 0,9 mm, il formato 8&#215;8 da 217&#8243; da 1,2 mm e il formato 10&#215;10 da 271&#8243; da 1,5 mm, mentre sono consigliati i formati da 0,9 mm e 1,2 mm. <\/p>\n<p><strong>(3) Le pareti LED per applicazioni aziendali devono avere una buona dissipazione del calore per evitare di influire sulla temperatura della stanza e per proteggere i componenti elettrici all&#8217;interno dei pannelli LED<\/strong>.<\/p>\n<p>Il design dovrebbe essere privo di ventole per garantire una sala riunioni priva di rumori.<\/p>\n<p><strong>(4) \u00c8 richiesta la facilit\u00e0 di manutenzione, in genere per la sostituzione di un modulo con pixel morti.<\/strong><\/p>\n<p>Dovrebbe essere progettato in modo semplice, in modo che anche i non addetti ai lavori possano sostituire un modulo utilizzando uno strumento di assistenza frontale e far funzionare correttamente il LED wall.<\/p>\n<p><strong>(5) \u00c8 necessaria una memoria flash a bordo.<\/strong><\/p>\n<p>A differenza dei progetti professionali in cui ci sono sempre dei tecnici a disposizione, i LED wall aziendali sono solitamente gestiti da tecnici interni che potrebbero non avere molta dimestichezza con il software dei LED wall. Per questo motivo, dopo la sostituzione dei moduli \u00e8 necessario caricare automaticamente i dati di calibrazione originali. <\/p>\n<p><strong>(6) La compatibilit\u00e0 con le nuove tecnologie, hardware e software \u00e8 importante.<\/strong><\/p>\n<p>Con l&#8217;emergere di un numero sempre maggiore di tecnologie di videoconferenza durante la pandemia COVID-19, i LED wall, in quanto componente fondamentale della videoconferenza, devono essere compatibili con le tecnologie pi\u00f9 recenti.<\/p>\n<p><strong>(7) Gli schermi tattili sono un&#8217;importante caratteristica opzionale, dato che la domanda di videowall interattivi \u00e8 in crescita.<\/strong><\/p>\n<p>Attualmente i LED wall multi-touch a passo fine sono per lo pi\u00f9 progettati come TV LED all-in-one.<\/p>\n<p><strong>(8) I display tradizionali, come gli LCD e le proiezioni, sono i principali concorrenti dei LED wall pi\u00f9 piccoli.<\/strong><\/p>\n<p>In termini di costi, i display LED a passo fine sono ancora molto pi\u00f9 costosi per le dimensioni inferiori a 100&#8243;. Quando le dimensioni del display superano i 100&#8243;, i prezzi dei LED a passo fine diventano incredibilmente competitivi.[\/et_pb_text][\/et_pb_column][\/et_pb_row][\/et_pb_section][et_pb_section fb_built=&#8221;1&#8243; _builder_version=&#8221;4.9.3&#8243; _module_preset=&#8221;default&#8221; min_height=&#8221;332.1px&#8221; custom_margin=&#8221;35px|||||&#8221; custom_padding=&#8221;4px||6px|||&#8221;][et_pb_row _builder_version=&#8221;4.9.3&#8243; _module_preset=&#8221;default&#8221; custom_padding=&#8221;0px|||||&#8221;][et_pb_column type=&#8221;4_4&#8243; _builder_version=&#8221;4.9.3&#8243; _module_preset=&#8221;default&#8221;][et_pb_text _builder_version=&#8221;4.9.3&#8243; _module_preset=&#8221;default&#8221; text_font_size=&#8221;18px&#8221; custom_margin=&#8221;||-1px|||&#8221; hover_enabled=&#8221;0&#8243; sticky_enabled=&#8221;0&#8243; header_2_font_size=&#8221;17px&#8221;]<\/p>\n<h2><span style=\"color: #e09900;\"><strong>Parete led per sala riunioni Prodotti<\/strong><\/span><\/h2>\n<p>[\/et_pb_text][\/et_pb_column][\/et_pb_row][et_pb_row column_structure=&#8221;1_3,1_3,1_3&#8243; _builder_version=&#8221;4.9.3&#8243; _module_preset=&#8221;default&#8221; custom_padding=&#8221;5px|||||&#8221;][et_pb_column type=&#8221;1_3&#8243; _builder_version=&#8221;4.9.3&#8243; _module_preset=&#8221;default&#8221;][et_pb_image src=&#8221;https:\/\/vision-pi.net\/wp-content\/uploads\/2021\/05\/vx640-visionpi-1.jpg&#8221; alt=&#8221;640 mm a led&#8221; title_text=&#8221;vx640 visionpi&#8221; url=&#8221;https:\/\/vision-pi.net\/product-vx640\/&#8221; _builder_version=&#8221;4.9.3&#8243; _module_preset=&#8221;default&#8221;][\/et_pb_image][\/et_pb_column][et_pb_column type=&#8221;1_3&#8243; _builder_version=&#8221;4.9.3&#8243; _module_preset=&#8221;default&#8221;][et_pb_image src=&#8221;https:\/\/vision-pi.net\/wp-content\/uploads\/2021\/04\/rear-view-dv600pro-fine-pixel-pitch-led-screen.jpg&#8221; alt=&#8221;visionpi &#8211; il pi\u00f9 sottile display a led a passo di pixel ridotto&#8221; title_text=&#8221;schermo led posteriore dv600pro a passo fine di pixel&#8221; url=&#8221;https:\/\/vision-pi.net\/led-video-wall\/&#8221; _builder_version=&#8221;4.9.3&#8243; _module_preset=&#8221;default&#8221;][\/et_pb_image][\/et_pb_column][et_pb_column type=&#8221;1_3&#8243; _builder_version=&#8221;4.9.3&#8243; _module_preset=&#8221;default&#8221;][et_pb_image src=&#8221;https:\/\/vision-pi.net\/wp-content\/uploads\/2021\/04\/rear-view-dv600-fine-pixel-pitch-led-screen-.jpg&#8221; alt=&#8221;serie di display a led a visione diretta dv600&#8243; title_text=&#8221;schermo led posteriore dv600 a passo fine di pixel&#8221; url=&#8221;https:\/\/vision-pi.net\/fine-pitch-led-screen\/&#8221; _builder_version=&#8221;4.9.3&#8243; _module_preset=&#8221;default&#8221;][\/et_pb_image][\/et_pb_column][\/et_pb_row][\/et_pb_section][et_pb_section fb_built=&#8221;1&#8243; admin_label=&#8221;Promo Section&#8221; _builder_version=&#8221;4.9.1&#8243; background_color=&#8221;rgba(0,0,0,0.5)&#8221; background_image=&#8221;https:\/\/vision-pi.net\/wp-content\/uploads\/2021\/03\/Desktop.639413ac.vanish_wrestle_mania_2017.jpg&#8221; background_blend=&#8221;color&#8221; custom_padding=&#8221;35px||35px||true|&#8221;][et_pb_row _builder_version=&#8221;4.9.3&#8243; _module_preset=&#8221;default&#8221; module_alignment=&#8221;center&#8221;][et_pb_column type=&#8221;4_4&#8243; _builder_version=&#8221;4.9.1&#8243; _module_preset=&#8221;default&#8221;][et_pb_text _builder_version=&#8221;4.9.3&#8243; _module_preset=&#8221;default&#8221; header_font=&#8221;|800||on|||||&#8221; header_font_size=&#8221;21px&#8221; custom_margin=&#8221;||-5px|||&#8221; custom_padding=&#8221;8px|||||&#8221;]<\/p>\n<h1 style=\"text-align: center;\"><span style=\"color: #ffffff;\">Richiedi un preventivo per Parete a led di alta qualit\u00e0<\/span><\/h1>\n<p style=\"text-align: center;\"><span style=\"color: #ffffff;\"><span><strong>La nostra passione \u00e8 quella di offrirti il miglior servizio possibile<\/strong><\/span><strong>s<\/strong><\/span><\/p>\n<p>[\/et_pb_text][\/et_pb_column][\/et_pb_row][et_pb_row _builder_version=&#8221;4.9.3&#8243; _module_preset=&#8221;default&#8221; module_alignment=&#8221;center&#8221;][et_pb_column type=&#8221;4_4&#8243; _builder_version=&#8221;4.9.3&#8243; _module_preset=&#8221;default&#8221;][et_pb_contact_form captcha=&#8221;off&#8221; email=&#8221;lucas@vision-pi.com,ledscreenlukas@gmail.com,william@vision-pi.com&#8221; use_redirect=&#8221;on&#8221; redirect_url=&#8221;https:\/\/vision-pi.net\/it\/grazie-per-averci-raggiunto\/&#8221; success_message=&#8221;successo!  &#8221; submit_button_text=&#8221;Invia&#8221; _builder_version=&#8221;4.9.3&#8243; _module_preset=&#8221;default&#8221; form_field_line_height=&#8221;1.1em&#8221; custom_button=&#8221;on&#8221; button_text_size=&#8221;18px&#8221; button_text_color=&#8221;#FFFFFF&#8221; button_border_color=&#8221;#E09900&#8243; button_border_radius=&#8221;37px&#8221; width=&#8221;70%&#8221; max_width=&#8221;100%&#8221; module_alignment=&#8221;center&#8221; custom_margin=&#8221;|||11px||&#8221; button_bg_color__hover_enabled=&#8221;on|hover&#8221; button_bg_color__hover=&#8221;#E09900&#8243; button_bg_enable_color__hover=&#8221;on&#8221;][et_pb_contact_field field_id=&#8221;Name&#8221; field_title=&#8221;Nome completo *&#8221; _builder_version=&#8221;4.9.3&#8243; button_text_size__hover_enabled=&#8221;off&#8221; button_one_text_size__hover_enabled=&#8221;off&#8221; button_two_text_size__hover_enabled=&#8221;off&#8221; button_text_color__hover_enabled=&#8221;off&#8221; button_one_text_color__hover_enabled=&#8221;off&#8221; button_two_text_color__hover_enabled=&#8221;off&#8221; button_border_width__hover_enabled=&#8221;off&#8221; button_one_border_width__hover_enabled=&#8221;off&#8221; button_two_border_width__hover_enabled=&#8221;off&#8221; button_border_color__hover_enabled=&#8221;off&#8221; button_one_border_color__hover_enabled=&#8221;off&#8221; button_two_border_color__hover_enabled=&#8221;off&#8221; button_border_radius__hover_enabled=&#8221;off&#8221; button_one_border_radius__hover_enabled=&#8221;off&#8221; button_two_border_radius__hover_enabled=&#8221;off&#8221; button_letter_spacing__hover_enabled=&#8221;off&#8221; button_one_letter_spacing__hover_enabled=&#8221;off&#8221; button_two_letter_spacing__hover_enabled=&#8221;off&#8221; button_bg_color__hover_enabled=&#8221;off&#8221; button_one_bg_color__hover_enabled=&#8221;off&#8221; button_two_bg_color__hover_enabled=&#8221;off&#8221;][\/et_pb_contact_field][et_pb_contact_field field_id=&#8221;position&#8221; field_title=&#8221;posizione&#8221; required_mark=&#8221;off&#8221; _builder_version=&#8221;4.9.3&#8243; button_text_size__hover_enabled=&#8221;off&#8221; button_one_text_size__hover_enabled=&#8221;off&#8221; button_two_text_size__hover_enabled=&#8221;off&#8221; button_text_color__hover_enabled=&#8221;off&#8221; button_one_text_color__hover_enabled=&#8221;off&#8221; button_two_text_color__hover_enabled=&#8221;off&#8221; button_border_width__hover_enabled=&#8221;off&#8221; button_one_border_width__hover_enabled=&#8221;off&#8221; button_two_border_width__hover_enabled=&#8221;off&#8221; button_border_color__hover_enabled=&#8221;off&#8221; button_one_border_color__hover_enabled=&#8221;off&#8221; button_two_border_color__hover_enabled=&#8221;off&#8221; button_border_radius__hover_enabled=&#8221;off&#8221; button_one_border_radius__hover_enabled=&#8221;off&#8221; button_two_border_radius__hover_enabled=&#8221;off&#8221; button_letter_spacing__hover_enabled=&#8221;off&#8221; button_one_letter_spacing__hover_enabled=&#8221;off&#8221; button_two_letter_spacing__hover_enabled=&#8221;off&#8221; button_bg_color__hover_enabled=&#8221;off&#8221; button_one_bg_color__hover_enabled=&#8221;off&#8221; button_two_bg_color__hover_enabled=&#8221;off&#8221;][\/et_pb_contact_field][et_pb_contact_field field_id=&#8221;company&#8221; field_title=&#8221;Azienda *&#8221; _builder_version=&#8221;4.9.3&#8243; button_text_size__hover_enabled=&#8221;off&#8221; button_one_text_size__hover_enabled=&#8221;off&#8221; button_two_text_size__hover_enabled=&#8221;off&#8221; button_text_color__hover_enabled=&#8221;off&#8221; button_one_text_color__hover_enabled=&#8221;off&#8221; button_two_text_color__hover_enabled=&#8221;off&#8221; button_border_width__hover_enabled=&#8221;off&#8221; button_one_border_width__hover_enabled=&#8221;off&#8221; button_two_border_width__hover_enabled=&#8221;off&#8221; button_border_color__hover_enabled=&#8221;off&#8221; button_one_border_color__hover_enabled=&#8221;off&#8221; button_two_border_color__hover_enabled=&#8221;off&#8221; button_border_radius__hover_enabled=&#8221;off&#8221; button_one_border_radius__hover_enabled=&#8221;off&#8221; button_two_border_radius__hover_enabled=&#8221;off&#8221; button_letter_spacing__hover_enabled=&#8221;off&#8221; button_one_letter_spacing__hover_enabled=&#8221;off&#8221; button_two_letter_spacing__hover_enabled=&#8221;off&#8221; button_bg_color__hover_enabled=&#8221;off&#8221; button_one_bg_color__hover_enabled=&#8221;off&#8221; button_two_bg_color__hover_enabled=&#8221;off&#8221;][\/et_pb_contact_field][et_pb_contact_field field_id=&#8221;Email&#8221; field_title=&#8221;Indirizzo e-mail *&#8221; field_type=&#8221;email&#8221; _builder_version=&#8221;4.9.3&#8243; button_text_size__hover_enabled=&#8221;off&#8221; button_one_text_size__hover_enabled=&#8221;off&#8221; button_two_text_size__hover_enabled=&#8221;off&#8221; button_text_color__hover_enabled=&#8221;off&#8221; button_one_text_color__hover_enabled=&#8221;off&#8221; button_two_text_color__hover_enabled=&#8221;off&#8221; button_border_width__hover_enabled=&#8221;off&#8221; button_one_border_width__hover_enabled=&#8221;off&#8221; button_two_border_width__hover_enabled=&#8221;off&#8221; button_border_color__hover_enabled=&#8221;off&#8221; button_one_border_color__hover_enabled=&#8221;off&#8221; button_two_border_color__hover_enabled=&#8221;off&#8221; button_border_radius__hover_enabled=&#8221;off&#8221; button_one_border_radius__hover_enabled=&#8221;off&#8221; button_two_border_radius__hover_enabled=&#8221;off&#8221; button_letter_spacing__hover_enabled=&#8221;off&#8221; button_one_letter_spacing__hover_enabled=&#8221;off&#8221; button_two_letter_spacing__hover_enabled=&#8221;off&#8221; button_bg_color__hover_enabled=&#8221;off&#8221; button_one_bg_color__hover_enabled=&#8221;off&#8221; button_two_bg_color__hover_enabled=&#8221;off&#8221;][\/et_pb_contact_field][et_pb_contact_field field_id=&#8221;Message&#8221; field_title=&#8221;Messaggio *&#8221; field_type=&#8221;text&#8221; fullwidth_field=&#8221;on&#8221; _builder_version=&#8221;4.9.3&#8243; button_text_size__hover_enabled=&#8221;off&#8221; button_one_text_size__hover_enabled=&#8221;off&#8221; button_two_text_size__hover_enabled=&#8221;off&#8221; button_text_color__hover_enabled=&#8221;off&#8221; button_one_text_color__hover_enabled=&#8221;off&#8221; button_two_text_color__hover_enabled=&#8221;off&#8221; button_border_width__hover_enabled=&#8221;off&#8221; button_one_border_width__hover_enabled=&#8221;off&#8221; button_two_border_width__hover_enabled=&#8221;off&#8221; button_border_color__hover_enabled=&#8221;off&#8221; button_one_border_color__hover_enabled=&#8221;off&#8221; button_two_border_color__hover_enabled=&#8221;off&#8221; button_border_radius__hover_enabled=&#8221;off&#8221; button_one_border_radius__hover_enabled=&#8221;off&#8221; button_two_border_radius__hover_enabled=&#8221;off&#8221; button_letter_spacing__hover_enabled=&#8221;off&#8221; button_one_letter_spacing__hover_enabled=&#8221;off&#8221; button_two_letter_spacing__hover_enabled=&#8221;off&#8221; button_bg_color__hover_enabled=&#8221;off&#8221; button_one_bg_color__hover_enabled=&#8221;off&#8221; button_two_bg_color__hover_enabled=&#8221;off&#8221;][\/et_pb_contact_field][\/et_pb_contact_form][\/et_pb_column][\/et_pb_row][\/et_pb_section]<\/p>\n<span class=\"et_bloom_bottom_trigger\"><\/span>","protected":false},"excerpt":{"rendered":"<p>Parete led della sala riunioni Migliora il tuo ambiente aziendale&nbsp; (1) I display LED a passo fine per le aziende sono utilizzati principalmente nelle sale riunioni (circa il 70%), negli showroom e nelle hall. I LED wall utilizzati nelle sale riunioni e negli showroom di solito hanno una luminosit\u00e0 pari o inferiore al 30%; un [&hellip;]<\/p>\n","protected":false},"author":1,"featured_media":0,"parent":0,"menu_order":0,"comment_status":"closed","ping_status":"closed","template":"","meta":{"_et_pb_use_builder":"on","_et_pb_old_content":"","_et_gb_content_width":"","footnotes":""},"class_list":["post-25537","page","type-page","status-publish","hentry"],"aioseo_notices":[],"_links":{"self":[{"href":"https:\/\/vision-pi.net\/it\/wp-json\/wp\/v2\/pages\/25537","targetHints":{"allow":["GET"]}}],"collection":[{"href":"https:\/\/vision-pi.net\/it\/wp-json\/wp\/v2\/pages"}],"about":[{"href":"https:\/\/vision-pi.net\/it\/wp-json\/wp\/v2\/types\/page"}],"author":[{"embeddable":true,"href":"https:\/\/vision-pi.net\/it\/wp-json\/wp\/v2\/users\/1"}],"replies":[{"embeddable":true,"href":"https:\/\/vision-pi.net\/it\/wp-json\/wp\/v2\/comments?post=25537"}],"version-history":[{"count":0,"href":"https:\/\/vision-pi.net\/it\/wp-json\/wp\/v2\/pages\/25537\/revisions"}],"wp:attachment":[{"href":"https:\/\/vision-pi.net\/it\/wp-json\/wp\/v2\/media?parent=25537"}],"curies":[{"name":"wp","href":"https:\/\/api.w.org\/{rel}","templated":true}]}}